{"id":3,"date":"2023-06-05T11:22:01","date_gmt":"2023-06-05T11:22:01","guid":{"rendered":"http:\/\/lanyuewp.com:88\/greenly\/?page_id=3"},"modified":"2023-06-12T14:47:24","modified_gmt":"2023-06-12T14:47:24","slug":"privacy-policy","status":"publish","type":"page","link":"https:\/\/www.flykol.com\/de\/privacy-policy\/","title":{"rendered":"Datenschutzbestimmungen"},"content":{"rendered":"<h2 class=\"wp-block-heading\">Datenschutzbestimmungen<\/h2><p>Dies ist die Datenschutzrichtlinie von Flykol. Flykol befindet sich in China. Flykol ist verantwortlich f\u00fcr die Verarbeitung von Datenschutzdaten.<\/p><p>Diese Richtlinie erl\u00e4utert unsere allgemeinen Bedingungen f\u00fcr die Verarbeitung personenbezogener Daten. Wir beschreiben, welche Daten wir verarbeiten, und wie wir Ihre Privatsph\u00e4re und Ihre Rechte garantieren. Bitte lesen Sie unsere Cookie-Richtlinie, wenn Sie wissen m\u00f6chten, welche Cookies wir verwenden.<\/p><p>Diese Richtlinie gilt f\u00fcr alle verarbeiteten Daten von Website-Besuchern, Lieferanten, Bewerbern und allen anderen Flykol-Mitarbeitern.<\/p><p>Was ist die allgemeine Datenschutzpolitik von Flykol?<\/p><p>Flykol respektiert die Privatsph\u00e4re aller Besucher ihrer Website https:\/\/www.flykol.com, aller (potenziellen) Kunden und Verwandten.<\/p><p>Flykol stellt die Sicherheit und Vertraulichkeit Ihrer pers\u00f6nlichen Informationen an erste Stelle und geht sorgf\u00e4ltig mit Ihren pers\u00f6nlichen Daten um<\/p><p>Flykol gibt Ihre pers\u00f6nlichen Daten nur dann an Dritte weiter, wenn dies f\u00fcr die Erf\u00fcllung eines Vertrages notwendig ist oder wenn dies gesetzlich vorgeschrieben ist.<\/p><p>Flykol ist st\u00e4ndig auf der Suche nach M\u00f6glichkeiten, seine Dienstleistungen zu verbessern und sie so weit wie m\u00f6glich auf Ihre pers\u00f6nlichen W\u00fcnsche und Bed\u00fcrfnisse abzustimmen. Dar\u00fcber hinaus ber\u00fccksichtigt Flykol stets Ihre Privatsph\u00e4re und h\u00e4lt sich an die Anforderungen der geltenden Datenschutzgesetze.<\/p><p><strong>1. Einhaltung von Gesetzen und anderen Vorschriften<\/strong><\/p><p>Wir halten alle nationalen Gesetze und Richtlinien sowie andere Vorschriften zum Schutz personenbezogener Daten ein.<\/p><p><strong>2. Festlegung und kontinuierliche Verbesserung von Leitlinien f\u00fcr den Umgang mit personenbezogenen Daten<\/strong><\/p><p>Die Notwendigkeit des Schutzes personenbezogener Daten wird im gesamten Unternehmen gr\u00fcndlich vermittelt, von der Gesch\u00e4ftsf\u00fchrung bis hin zu den j\u00fcngsten Mitarbeitern. Wir pflegen und befolgen Richtlinien f\u00fcr den ordnungsgem\u00e4\u00dfen Schutz und die Verwendung von personenbezogenen Daten. Wir bem\u00fchen uns auch, diese Richtlinien st\u00e4ndig zu verbessern.<\/p><p><strong>3. Beschaffung, Verwendung und Freigabe pers\u00f6nlicher Informationen<\/strong><\/p><p>Wir legen klar fest, wof\u00fcr personenbezogene Daten verwendet werden k\u00f6nnen. Innerhalb dieser Grenzen erwerben, verwenden und ver\u00f6ffentlichen wir personenbezogene Daten nur mit der Zustimmung der betroffenen Person.<\/p><p><strong>4. Sicheres Management<\/strong><\/p><p>Wir bem\u00fchen uns um eine sichere Verwaltung pers\u00f6nlicher Daten und haben die notwendigen Ma\u00dfnahmen ergriffen, um unbefugten Datenzugriff, -verlust, -zerst\u00f6rung, -ver\u00e4nderung oder -leckage zu verhindern.<\/p><p><strong>5. Offenlegung und Berichtigung<\/strong><\/p><p>Ersuchen um Offenlegung, Bearbeitung oder L\u00f6schung personenbezogener Daten werden von Fall zu Fall bis zur Best\u00e4tigung der Identit\u00e4t des Antragstellers beantwortet.<\/p><p>Welche Rechte haben Sie in Bezug auf Ihre pers\u00f6nlichen Daten?<\/p><p>Sie haben das Recht, Ihre Daten einzusehen, zu berichtigen oder zu l\u00f6schen. Dar\u00fcber hinaus haben Sie das Recht, Ihre Einwilligung zur Datenverarbeitung zu widerrufen oder der Verarbeitung zu widersprechen. In einigen F\u00e4llen haben Sie auch das Recht auf Daten\u00fcbertragbarkeit. Das bedeutet, dass Sie bei uns beantragen k\u00f6nnen, dass die personenbezogenen Daten in einer Computerdatei an Sie oder eine andere von Ihnen genannte Organisation \u00fcbermittelt werden.<\/p><p>Sie k\u00f6nnen Ihren Antrag auf Einsicht, Berichtigung, L\u00f6schung oder Daten\u00fcbertragbarkeit Ihrer personenbezogenen Daten oder Ihren Antrag auf Widerruf Ihrer Genehmigung oder Ihren Widerspruch gegen die Verarbeitung der Daten an sales@flykol.com senden.<\/p><p>Um sicher zu sein, dass Ihr Antrag von Ihnen stammt, bitten wir Sie, dem Antrag eine Kopie Ihres Personalausweises beizuf\u00fcgen. Machen Sie Ihr Passfoto, MRZ (maschinenlesbare Zone, das sind die zwei oder drei Zeilen unten auf der Vorderseite des Passes oder auf der R\u00fcckseite eines Personalausweises), Ausweisnummer und Sozialversicherungsnummer schwarz. Dies dient dem Schutz Ihrer Privatsph\u00e4re. Wir werden pr\u00fcfen, ob wir Ihre Anfrage beantworten k\u00f6nnen, und werden Ihnen so schnell wie m\u00f6glich antworten.<\/p><p>Was ist, wenn sich die Datenschutzbestimmungen von Flykol \u00e4ndern?<\/p><p>Die Datenschutzbestimmungen und unsere Dienstleistungen k\u00f6nnen sich \u00e4ndern. Wir behalten uns daher das Recht vor, diese Datenschutzerkl\u00e4rung zu \u00e4ndern. Die jeweils aktuelle Datenschutzerkl\u00e4rung finden Sie unter https:\/\/www.flykol.com.<\/p>","protected":false},"excerpt":{"rendered":"<p>Datenschutz Dies ist die Datenschutzrichtlinie von Flykol. Flykol befindet sich in China. Flykol ist verantwortlich f\u00fcr die Verarbeitung von Datenschutzdaten. Diese Politik erkl\u00e4rt unsere allgemeinen Bedingungen f\u00fcr die Verarbeitung personenbezogener Daten. Wir beschreiben, welche Daten wir verarbeiten, und wie wir Ihre Privatsph\u00e4re und Ihre Rechte garantieren. Bitte lesen Sie unsere Cookie-Richtlinie, wenn Sie wissen wollen, welche Cookies wir verwenden. Diese Richtlinie gilt f\u00fcr alle verarbeiteten Daten von Website-Besuchern,[...]<\/p>","protected":false},"author":1,"featured_media":0,"parent":0,"menu_order":0,"comment_status":"closed","ping_status":"open","template":"","meta":{"_acf_changed":false,"footnotes":""},"class_list":["post-3","page","type-page","status-publish","hentry"],"acf":[],"aioseo_notices":[],"_links":{"self":[{"href":"https:\/\/www.flykol.com\/de\/wp-json\/wp\/v2\/pages\/3","targetHints":{"allow":["GET"]}}],"collection":[{"href":"https:\/\/www.flykol.com\/de\/wp-json\/wp\/v2\/pages"}],"about":[{"href":"https:\/\/www.flykol.com\/de\/wp-json\/wp\/v2\/types\/page"}],"author":[{"embeddable":true,"href":"https:\/\/www.flykol.com\/de\/wp-json\/wp\/v2\/users\/1"}],"replies":[{"embeddable":true,"href":"https:\/\/www.flykol.com\/de\/wp-json\/wp\/v2\/comments?post=3"}],"version-history":[{"count":0,"href":"https:\/\/www.flykol.com\/de\/wp-json\/wp\/v2\/pages\/3\/revisions"}],"wp:attachment":[{"href":"https:\/\/www.flykol.com\/de\/wp-json\/wp\/v2\/media?parent=3"}],"curies":[{"name":"wp","href":"https:\/\/api.w.org\/{rel}","templated":true}]}}