{"id":698,"date":"2023-06-12T12:34:49","date_gmt":"2023-06-12T12:34:49","guid":{"rendered":"https:\/\/www.flykol.com\/?page_id=698"},"modified":"2023-06-12T13:08:21","modified_gmt":"2023-06-12T13:08:21","slug":"blog","status":"publish","type":"page","link":"https:\/\/www.flykol.com\/de\/blog\/","title":{"rendered":"Blog"},"content":{"rendered":"<div data-elementor-type=\"wp-page\" data-elementor-id=\"698\" class=\"elementor elementor-698\">\n\t\t\t\t\t\t<section class=\"elementor-section elementor-top-section elementor-element elementor-element-56708b7 cspt-col-stretched-none cspt-bg-color-over-image elementor-section-boxed elementor-section-height-default elementor-section-height-default\" data-id=\"56708b7\" data-element_type=\"section\">\n\t\t\t\t\t\t<div class=\"elementor-container elementor-column-gap-default\">\n\t\t\t\t\t<div class=\"elementor-column elementor-col-100 elementor-top-column elementor-element elementor-element-7d3562a cspt-bg-color-over-image\" data-id=\"7d3562a\" data-element_type=\"column\">\n\t\t\t<div class=\"elementor-widget-wrap elementor-element-populated\">\n\t\t\t\t\t\t<div class=\"elementor-element elementor-element-aa0ac7f elementor-widget elementor-widget-cspt_blog_element\" data-id=\"aa0ac7f\" data-element_type=\"widget\" data-widget_type=\"cspt_blog_element.default\">\n\t\t\t\t<div class=\"elementor-widget-container\">\n\t\t\t\r\n\t\t<div class=\"creativesplanet-element creativesplanet-element-blog cspt-element-blog-style-1 creativesplanet-element-viewtype-row-column creativesplanet-gap-15px\" data-show=\"9\" data-columns=\"3\" data-loop=\"false\" data-autoplay=\"false\" data-center=\"false\" data-nav=\"false\" data-dots=\"false\" data-autoplayspeed=\"1000\" data-margin=\"15px\"><div class=\"creativesplanet-element-inner\">\r\n\t\t\r\n\t\t\t<div class=\"cspt-ele-header-area\">\r\n\t\t\t\t\t<div class=\"cspt-heading-subheading -align\"><\/div>\r\n\t\t\t\t\r\n\t\t\t<\/div>\r\n\r\n\t\t\t<div class=\"cspt-element-posts-wrapper row multi-columns-row\">\r\n\r\n\t\t\t<div class=\"cspt-ele cspt-blog-ele col-md-4 energy-storage-battery\"><article class=\"creativesplanet-ele creativesplanet-ele-blog cspt-blogbox-style-1 post-1146 post type-post status-publish format-standard has-post-thumbnail hentry category-energy-storage-battery\">\r\n\t<div class=\"post-item\">\r\n\t\t<div class=\"cspt-featured-container\">\r\n\t\t\t<div class=\"cspt-featured-wrapper\"><a href=\"https:\/\/www.flykol.com\/de\/how-do-i-charge-my-rv-battery-safely-and-effectively\/\"><img fetchpriority=\"high\" decoding=\"async\" width=\"608\" height=\"368\" src=\"https:\/\/www.flykol.com\/wp-content\/uploads\/2023\/08\/03.png\" class=\"attachment-cspt-img-770x500 size-cspt-img-770x500 wp-post-image\" alt=\"Wie lade ich meine Wohnmobilbatterie sicher und effektiv auf?\" srcset=\"https:\/\/www.flykol.com\/wp-content\/uploads\/2023\/08\/03.png 608w, https:\/\/www.flykol.com\/wp-content\/uploads\/2023\/08\/03-300x182.png 300w, https:\/\/www.flykol.com\/wp-content\/uploads\/2023\/08\/03-18x12.png 18w, https:\/\/www.flykol.com\/wp-content\/uploads\/2023\/08\/03-600x363.png 600w\" sizes=\"(max-width: 608px) 100vw, 608px\" data-id=\"1149\" \/><\/a><\/div>\t\t\t\r\n\t\t<\/div>\r\n\t\t<div class=\"creativesplanet-box-content\">\t\r\n\t\t\t<div class=\"cspt-meta-container\">\r\n\t\t\t\t<div class=\"cspt-meta-date-wrapper cspt-meta-line\">\t\t\t\t\t\r\n\t\t\t\t\t<div class=\"cspt-meta-date\">06 Aug. 2023<\/div>\r\n\t\t\t\t<\/div>\r\n\t\t\t\t\t\t\t\t<div class=\"cspt-meta-category-wrapper cspt-meta-line\">\t\t\t\t\t\r\n\t\t\t\t\t<div class=\"cspt-meta-category\"><a href=\"https:\/\/www.flykol.com\/de\/.\/energy-storage-battery\/\" rel=\"category tag\">Energiespeicher-Batterie<\/a><\/div>\r\n\t\t\t\t<\/div>\r\n\t\t\t\t\t\t\t<\/div>\r\n\t\t\t<h3 class=\"cspt-post-title\"><a href=\"https:\/\/www.flykol.com\/de\/how-do-i-charge-my-rv-battery-safely-and-effectively\/\">Wie lade ich meine Wohnmobilbatterie sicher und effektiv auf?<\/a><\/h3>\r\n\t\t\t<div class=\"creativesplanet-box-desc\">\r\n\t\t\t\t<div class=\"creativesplanet-box-desc-footer\">\r\n\t\t\t\t\t<div class=\"cspt-read-more-link\">\r\n\t\t\t\t\t\t<a href=\"https:\/\/www.flykol.com\/de\/how-do-i-charge-my-rv-battery-safely-and-effectively\/\">Mehr lesen<\/a>\r\n\t\t\t\t\t<\/div>\r\n\t\t\t\t<\/div>\r\n\t\t\t<\/div>\r\n\t\t<\/div>\r\n\t<\/div>\r\n<\/article><\/div><div class=\"cspt-ele cspt-blog-ele col-md-4 energy-storage-battery\"><article class=\"creativesplanet-ele creativesplanet-ele-blog cspt-blogbox-style-1 post-1141 post type-post status-publish format-standard has-post-thumbnail hentry category-energy-storage-battery\">\r\n\t<div class=\"post-item\">\r\n\t\t<div class=\"cspt-featured-container\">\r\n\t\t\t<div class=\"cspt-featured-wrapper\"><a href=\"https:\/\/www.flykol.com\/de\/how-to-charge-a-deep-cycle-marine-battery\/\"><img decoding=\"async\" width=\"664\" height=\"383\" src=\"https:\/\/www.flykol.com\/wp-content\/uploads\/2023\/08\/91.png\" class=\"attachment-cspt-img-770x500 size-cspt-img-770x500 wp-post-image\" alt=\"Aufladen einer Deep-Cycle-Schiffsbatterie\" srcset=\"https:\/\/www.flykol.com\/wp-content\/uploads\/2023\/08\/91.png 664w, https:\/\/www.flykol.com\/wp-content\/uploads\/2023\/08\/91-300x173.png 300w, https:\/\/www.flykol.com\/wp-content\/uploads\/2023\/08\/91-18x10.png 18w, https:\/\/www.flykol.com\/wp-content\/uploads\/2023\/08\/91-600x346.png 600w\" sizes=\"(max-width: 664px) 100vw, 664px\" data-id=\"1144\" \/><\/a><\/div>\t\t\t\r\n\t\t<\/div>\r\n\t\t<div class=\"creativesplanet-box-content\">\t\r\n\t\t\t<div class=\"cspt-meta-container\">\r\n\t\t\t\t<div class=\"cspt-meta-date-wrapper cspt-meta-line\">\t\t\t\t\t\r\n\t\t\t\t\t<div class=\"cspt-meta-date\">06 Aug. 2023<\/div>\r\n\t\t\t\t<\/div>\r\n\t\t\t\t\t\t\t\t<div class=\"cspt-meta-category-wrapper cspt-meta-line\">\t\t\t\t\t\r\n\t\t\t\t\t<div class=\"cspt-meta-category\"><a href=\"https:\/\/www.flykol.com\/de\/.\/energy-storage-battery\/\" rel=\"category tag\">Energiespeicher-Batterie<\/a><\/div>\r\n\t\t\t\t<\/div>\r\n\t\t\t\t\t\t\t<\/div>\r\n\t\t\t<h3 class=\"cspt-post-title\"><a href=\"https:\/\/www.flykol.com\/de\/how-to-charge-a-deep-cycle-marine-battery\/\">Aufladen einer Deep-Cycle-Schiffsbatterie<\/a><\/h3>\r\n\t\t\t<div class=\"creativesplanet-box-desc\">\r\n\t\t\t\t<div class=\"creativesplanet-box-desc-footer\">\r\n\t\t\t\t\t<div class=\"cspt-read-more-link\">\r\n\t\t\t\t\t\t<a href=\"https:\/\/www.flykol.com\/de\/how-to-charge-a-deep-cycle-marine-battery\/\">Mehr lesen<\/a>\r\n\t\t\t\t\t<\/div>\r\n\t\t\t\t<\/div>\r\n\t\t\t<\/div>\r\n\t\t<\/div>\r\n\t<\/div>\r\n<\/article><\/div><div class=\"cspt-ele cspt-blog-ele col-md-4 energy-storage-battery\"><article class=\"creativesplanet-ele creativesplanet-ele-blog cspt-blogbox-style-1 post-1128 post type-post status-publish format-standard has-post-thumbnail hentry category-energy-storage-battery\">\r\n\t<div class=\"post-item\">\r\n\t\t<div class=\"cspt-featured-container\">\r\n\t\t\t<div class=\"cspt-featured-wrapper\"><a href=\"https:\/\/www.flykol.com\/de\/how-long-does-it-take-to-charge-a-car-battery\/\"><img decoding=\"async\" width=\"710\" height=\"500\" src=\"https:\/\/www.flykol.com\/wp-content\/uploads\/2023\/08\/46-710x500.png\" class=\"attachment-cspt-img-770x500 size-cspt-img-770x500 wp-post-image\" alt=\"Wie lange dauert es, eine Autobatterie zu laden?\" srcset=\"https:\/\/www.flykol.com\/wp-content\/uploads\/2023\/08\/46-710x500.png 710w, https:\/\/www.flykol.com\/wp-content\/uploads\/2023\/08\/46-18x12.png 18w\" sizes=\"(max-width: 710px) 100vw, 710px\" data-id=\"1129\" \/><\/a><\/div>\t\t\t\r\n\t\t<\/div>\r\n\t\t<div class=\"creativesplanet-box-content\">\t\r\n\t\t\t<div class=\"cspt-meta-container\">\r\n\t\t\t\t<div class=\"cspt-meta-date-wrapper cspt-meta-line\">\t\t\t\t\t\r\n\t\t\t\t\t<div class=\"cspt-meta-date\">05 Aug. 2023<\/div>\r\n\t\t\t\t<\/div>\r\n\t\t\t\t\t\t\t\t<div class=\"cspt-meta-category-wrapper cspt-meta-line\">\t\t\t\t\t\r\n\t\t\t\t\t<div class=\"cspt-meta-category\"><a href=\"https:\/\/www.flykol.com\/de\/.\/energy-storage-battery\/\" rel=\"category tag\">Energiespeicher-Batterie<\/a><\/div>\r\n\t\t\t\t<\/div>\r\n\t\t\t\t\t\t\t<\/div>\r\n\t\t\t<h3 class=\"cspt-post-title\"><a href=\"https:\/\/www.flykol.com\/de\/how-long-does-it-take-to-charge-a-car-battery\/\">Wie lange dauert es, eine Autobatterie zu laden?<\/a><\/h3>\r\n\t\t\t<div class=\"creativesplanet-box-desc\">\r\n\t\t\t\t<div class=\"creativesplanet-box-desc-footer\">\r\n\t\t\t\t\t<div class=\"cspt-read-more-link\">\r\n\t\t\t\t\t\t<a href=\"https:\/\/www.flykol.com\/de\/how-long-does-it-take-to-charge-a-car-battery\/\">Mehr lesen<\/a>\r\n\t\t\t\t\t<\/div>\r\n\t\t\t\t<\/div>\r\n\t\t\t<\/div>\r\n\t\t<\/div>\r\n\t<\/div>\r\n<\/article><\/div><div class=\"cspt-ele cspt-blog-ele col-md-4 energy-storage-battery\"><article class=\"creativesplanet-ele creativesplanet-ele-blog cspt-blogbox-style-1 post-1079 post type-post status-publish format-standard has-post-thumbnail hentry category-energy-storage-battery\">\r\n\t<div class=\"post-item\">\r\n\t\t<div class=\"cspt-featured-container\">\r\n\t\t\t<div class=\"cspt-featured-wrapper\"><a href=\"https:\/\/www.flykol.com\/de\/what-size-battery-for-trolling-motor\/\"><img loading=\"lazy\" decoding=\"async\" width=\"770\" height=\"452\" src=\"https:\/\/www.flykol.com\/wp-content\/uploads\/2023\/07\/58-770x452.png\" class=\"attachment-cspt-img-770x500 size-cspt-img-770x500 wp-post-image\" alt=\"Welche Batteriegr\u00f6\u00dfe f\u00fcr den Trollingmotor?\" srcset=\"https:\/\/www.flykol.com\/wp-content\/uploads\/2023\/07\/58-770x452.png 770w, https:\/\/www.flykol.com\/wp-content\/uploads\/2023\/07\/58-18x10.png 18w\" sizes=\"(max-width: 770px) 100vw, 770px\" data-id=\"1081\" \/><\/a><\/div>\t\t\t\r\n\t\t<\/div>\r\n\t\t<div class=\"creativesplanet-box-content\">\t\r\n\t\t\t<div class=\"cspt-meta-container\">\r\n\t\t\t\t<div class=\"cspt-meta-date-wrapper cspt-meta-line\">\t\t\t\t\t\r\n\t\t\t\t\t<div class=\"cspt-meta-date\">26 Juli, 2023<\/div>\r\n\t\t\t\t<\/div>\r\n\t\t\t\t\t\t\t\t<div class=\"cspt-meta-category-wrapper cspt-meta-line\">\t\t\t\t\t\r\n\t\t\t\t\t<div class=\"cspt-meta-category\"><a href=\"https:\/\/www.flykol.com\/de\/.\/energy-storage-battery\/\" rel=\"category tag\">Energiespeicher-Batterie<\/a><\/div>\r\n\t\t\t\t<\/div>\r\n\t\t\t\t\t\t\t<\/div>\r\n\t\t\t<h3 class=\"cspt-post-title\"><a href=\"https:\/\/www.flykol.com\/de\/what-size-battery-for-trolling-motor\/\">Welche Batteriegr\u00f6\u00dfe f\u00fcr den Trollingmotor?<\/a><\/h3>\r\n\t\t\t<div class=\"creativesplanet-box-desc\">\r\n\t\t\t\t<div class=\"creativesplanet-box-desc-footer\">\r\n\t\t\t\t\t<div class=\"cspt-read-more-link\">\r\n\t\t\t\t\t\t<a href=\"https:\/\/www.flykol.com\/de\/what-size-battery-for-trolling-motor\/\">Mehr lesen<\/a>\r\n\t\t\t\t\t<\/div>\r\n\t\t\t\t<\/div>\r\n\t\t\t<\/div>\r\n\t\t<\/div>\r\n\t<\/div>\r\n<\/article><\/div><div class=\"cspt-ele cspt-blog-ele col-md-4 energy-storage-battery\"><article class=\"creativesplanet-ele creativesplanet-ele-blog cspt-blogbox-style-1 post-1063 post type-post status-publish format-standard has-post-thumbnail hentry category-energy-storage-battery\">\r\n\t<div class=\"post-item\">\r\n\t\t<div class=\"cspt-featured-container\">\r\n\t\t\t<div class=\"cspt-featured-wrapper\"><a href=\"https:\/\/www.flykol.com\/de\/are-solar-batteries-worth-it\/\"><img loading=\"lazy\" decoding=\"async\" width=\"770\" height=\"500\" src=\"https:\/\/www.flykol.com\/wp-content\/uploads\/2023\/07\/998-770x500.png\" class=\"attachment-cspt-img-770x500 size-cspt-img-770x500 wp-post-image\" alt=\"Sind Solarbatterien es wert?\" srcset=\"https:\/\/www.flykol.com\/wp-content\/uploads\/2023\/07\/998-770x500.png 770w, https:\/\/www.flykol.com\/wp-content\/uploads\/2023\/07\/998-18x12.png 18w\" sizes=\"(max-width: 770px) 100vw, 770px\" data-id=\"1064\" \/><\/a><\/div>\t\t\t\r\n\t\t<\/div>\r\n\t\t<div class=\"creativesplanet-box-content\">\t\r\n\t\t\t<div class=\"cspt-meta-container\">\r\n\t\t\t\t<div class=\"cspt-meta-date-wrapper cspt-meta-line\">\t\t\t\t\t\r\n\t\t\t\t\t<div class=\"cspt-meta-date\">25 Juli, 2023<\/div>\r\n\t\t\t\t<\/div>\r\n\t\t\t\t\t\t\t\t<div class=\"cspt-meta-category-wrapper cspt-meta-line\">\t\t\t\t\t\r\n\t\t\t\t\t<div class=\"cspt-meta-category\"><a href=\"https:\/\/www.flykol.com\/de\/.\/energy-storage-battery\/\" rel=\"category tag\">Energiespeicher-Batterie<\/a><\/div>\r\n\t\t\t\t<\/div>\r\n\t\t\t\t\t\t\t<\/div>\r\n\t\t\t<h3 class=\"cspt-post-title\"><a href=\"https:\/\/www.flykol.com\/de\/are-solar-batteries-worth-it\/\">Sind Solarbatterien es wert?<\/a><\/h3>\r\n\t\t\t<div class=\"creativesplanet-box-desc\">\r\n\t\t\t\t<div class=\"creativesplanet-box-desc-footer\">\r\n\t\t\t\t\t<div class=\"cspt-read-more-link\">\r\n\t\t\t\t\t\t<a href=\"https:\/\/www.flykol.com\/de\/are-solar-batteries-worth-it\/\">Mehr lesen<\/a>\r\n\t\t\t\t\t<\/div>\r\n\t\t\t\t<\/div>\r\n\t\t\t<\/div>\r\n\t\t<\/div>\r\n\t<\/div>\r\n<\/article><\/div><div class=\"cspt-ele cspt-blog-ele col-md-4 energy-storage-battery\"><article class=\"creativesplanet-ele creativesplanet-ele-blog cspt-blogbox-style-1 post-1051 post type-post status-publish format-standard has-post-thumbnail hentry category-energy-storage-battery\">\r\n\t<div class=\"post-item\">\r\n\t\t<div class=\"cspt-featured-container\">\r\n\t\t\t<div class=\"cspt-featured-wrapper\"><a href=\"https:\/\/www.flykol.com\/de\/how-to-wire-lithium-batteries-in-parallel-or-series\/\"><img loading=\"lazy\" decoding=\"async\" width=\"600\" height=\"370\" src=\"https:\/\/www.flykol.com\/wp-content\/uploads\/2023\/07\/979.png\" class=\"attachment-cspt-img-770x500 size-cspt-img-770x500 wp-post-image\" alt=\"Verkabelung von Lithiumbatterien in Parallel- oder Reihenschaltung\" srcset=\"https:\/\/www.flykol.com\/wp-content\/uploads\/2023\/07\/979.png 600w, https:\/\/www.flykol.com\/wp-content\/uploads\/2023\/07\/979-300x185.png 300w, https:\/\/www.flykol.com\/wp-content\/uploads\/2023\/07\/979-18x12.png 18w\" sizes=\"(max-width: 600px) 100vw, 600px\" data-id=\"1062\" \/><\/a><\/div>\t\t\t\r\n\t\t<\/div>\r\n\t\t<div class=\"creativesplanet-box-content\">\t\r\n\t\t\t<div class=\"cspt-meta-container\">\r\n\t\t\t\t<div class=\"cspt-meta-date-wrapper cspt-meta-line\">\t\t\t\t\t\r\n\t\t\t\t\t<div class=\"cspt-meta-date\">23 Juli, 2023<\/div>\r\n\t\t\t\t<\/div>\r\n\t\t\t\t\t\t\t\t<div class=\"cspt-meta-category-wrapper cspt-meta-line\">\t\t\t\t\t\r\n\t\t\t\t\t<div class=\"cspt-meta-category\"><a href=\"https:\/\/www.flykol.com\/de\/.\/energy-storage-battery\/\" rel=\"category tag\">Energiespeicher-Batterie<\/a><\/div>\r\n\t\t\t\t<\/div>\r\n\t\t\t\t\t\t\t<\/div>\r\n\t\t\t<h3 class=\"cspt-post-title\"><a href=\"https:\/\/www.flykol.com\/de\/how-to-wire-lithium-batteries-in-parallel-or-series\/\">Verkabelung von Lithiumbatterien in Parallel- oder Reihenschaltung<\/a><\/h3>\r\n\t\t\t<div class=\"creativesplanet-box-desc\">\r\n\t\t\t\t<div class=\"creativesplanet-box-desc-footer\">\r\n\t\t\t\t\t<div class=\"cspt-read-more-link\">\r\n\t\t\t\t\t\t<a href=\"https:\/\/www.flykol.com\/de\/how-to-wire-lithium-batteries-in-parallel-or-series\/\">Mehr lesen<\/a>\r\n\t\t\t\t\t<\/div>\r\n\t\t\t\t<\/div>\r\n\t\t\t<\/div>\r\n\t\t<\/div>\r\n\t<\/div>\r\n<\/article><\/div><div class=\"cspt-ele cspt-blog-ele col-md-4 energy-storage-battery\"><article class=\"creativesplanet-ele creativesplanet-ele-blog cspt-blogbox-style-1 post-1032 post type-post status-publish format-standard has-post-thumbnail hentry category-energy-storage-battery\">\r\n\t<div class=\"post-item\">\r\n\t\t<div class=\"cspt-featured-container\">\r\n\t\t\t<div class=\"cspt-featured-wrapper\"><a href=\"https:\/\/www.flykol.com\/de\/how-many-batteries-in-a-golf-cart\/\"><img loading=\"lazy\" decoding=\"async\" width=\"770\" height=\"400\" src=\"https:\/\/www.flykol.com\/wp-content\/uploads\/2023\/07\/006-770x400.png\" class=\"attachment-cspt-img-770x500 size-cspt-img-770x500 wp-post-image\" alt=\"Wie viele Batterien hat ein Golfwagen?\" srcset=\"https:\/\/www.flykol.com\/wp-content\/uploads\/2023\/07\/006-770x400.png 770w, https:\/\/www.flykol.com\/wp-content\/uploads\/2023\/07\/006-18x9.png 18w\" sizes=\"(max-width: 770px) 100vw, 770px\" data-id=\"1046\" \/><\/a><\/div>\t\t\t\r\n\t\t<\/div>\r\n\t\t<div class=\"creativesplanet-box-content\">\t\r\n\t\t\t<div class=\"cspt-meta-container\">\r\n\t\t\t\t<div class=\"cspt-meta-date-wrapper cspt-meta-line\">\t\t\t\t\t\r\n\t\t\t\t\t<div class=\"cspt-meta-date\">19 Juli, 2023<\/div>\r\n\t\t\t\t<\/div>\r\n\t\t\t\t\t\t\t\t<div class=\"cspt-meta-category-wrapper cspt-meta-line\">\t\t\t\t\t\r\n\t\t\t\t\t<div class=\"cspt-meta-category\"><a href=\"https:\/\/www.flykol.com\/de\/.\/energy-storage-battery\/\" rel=\"category tag\">Energiespeicher-Batterie<\/a><\/div>\r\n\t\t\t\t<\/div>\r\n\t\t\t\t\t\t\t<\/div>\r\n\t\t\t<h3 class=\"cspt-post-title\"><a href=\"https:\/\/www.flykol.com\/de\/how-many-batteries-in-a-golf-cart\/\">Wie viele Batterien hat ein Golfwagen?<\/a><\/h3>\r\n\t\t\t<div class=\"creativesplanet-box-desc\">\r\n\t\t\t\t<div class=\"creativesplanet-box-desc-footer\">\r\n\t\t\t\t\t<div class=\"cspt-read-more-link\">\r\n\t\t\t\t\t\t<a href=\"https:\/\/www.flykol.com\/de\/how-many-batteries-in-a-golf-cart\/\">Mehr lesen<\/a>\r\n\t\t\t\t\t<\/div>\r\n\t\t\t\t<\/div>\r\n\t\t\t<\/div>\r\n\t\t<\/div>\r\n\t<\/div>\r\n<\/article><\/div><div class=\"cspt-ele cspt-blog-ele col-md-4 energy-storage-battery\"><article class=\"creativesplanet-ele creativesplanet-ele-blog cspt-blogbox-style-1 post-962 post type-post status-publish format-standard has-post-thumbnail hentry category-energy-storage-battery\">\r\n\t<div class=\"post-item\">\r\n\t\t<div class=\"cspt-featured-container\">\r\n\t\t\t<div class=\"cspt-featured-wrapper\"><a href=\"https:\/\/www.flykol.com\/de\/what-is-a-battery-management-system-bms\/\"><img loading=\"lazy\" decoding=\"async\" width=\"717\" height=\"407\" src=\"https:\/\/www.flykol.com\/wp-content\/uploads\/2023\/07\/78.png\" class=\"attachment-cspt-img-770x500 size-cspt-img-770x500 wp-post-image\" alt=\"Batterie-Management-System (bms)\" srcset=\"https:\/\/www.flykol.com\/wp-content\/uploads\/2023\/07\/78.png 717w, https:\/\/www.flykol.com\/wp-content\/uploads\/2023\/07\/78-300x170.png 300w, https:\/\/www.flykol.com\/wp-content\/uploads\/2023\/07\/78-18x10.png 18w, https:\/\/www.flykol.com\/wp-content\/uploads\/2023\/07\/78-600x341.png 600w\" sizes=\"(max-width: 717px) 100vw, 717px\" data-id=\"968\" \/><\/a><\/div>\t\t\t\r\n\t\t<\/div>\r\n\t\t<div class=\"creativesplanet-box-content\">\t\r\n\t\t\t<div class=\"cspt-meta-container\">\r\n\t\t\t\t<div class=\"cspt-meta-date-wrapper cspt-meta-line\">\t\t\t\t\t\r\n\t\t\t\t\t<div class=\"cspt-meta-date\">09 Juli, 2023<\/div>\r\n\t\t\t\t<\/div>\r\n\t\t\t\t\t\t\t\t<div class=\"cspt-meta-category-wrapper cspt-meta-line\">\t\t\t\t\t\r\n\t\t\t\t\t<div class=\"cspt-meta-category\"><a href=\"https:\/\/www.flykol.com\/de\/.\/energy-storage-battery\/\" rel=\"category tag\">Energiespeicher-Batterie<\/a><\/div>\r\n\t\t\t\t<\/div>\r\n\t\t\t\t\t\t\t<\/div>\r\n\t\t\t<h3 class=\"cspt-post-title\"><a href=\"https:\/\/www.flykol.com\/de\/what-is-a-battery-management-system-bms\/\">Was ist ein Batteriemanagementsystem (BMS)?<\/a><\/h3>\r\n\t\t\t<div class=\"creativesplanet-box-desc\">\r\n\t\t\t\t<div class=\"creativesplanet-box-desc-footer\">\r\n\t\t\t\t\t<div class=\"cspt-read-more-link\">\r\n\t\t\t\t\t\t<a href=\"https:\/\/www.flykol.com\/de\/what-is-a-battery-management-system-bms\/\">Mehr lesen<\/a>\r\n\t\t\t\t\t<\/div>\r\n\t\t\t\t<\/div>\r\n\t\t\t<\/div>\r\n\t\t<\/div>\r\n\t<\/div>\r\n<\/article><\/div><div class=\"cspt-ele cspt-blog-ele col-md-4 energy-storage-battery\"><article class=\"creativesplanet-ele creativesplanet-ele-blog cspt-blogbox-style-1 post-958 post type-post status-publish format-standard has-post-thumbnail hentry category-energy-storage-battery\">\r\n\t<div class=\"post-item\">\r\n\t\t<div class=\"cspt-featured-container\">\r\n\t\t\t<div class=\"cspt-featured-wrapper\"><a href=\"https:\/\/www.flykol.com\/de\/how-do-lithium-ion-batteries-work\/\"><img loading=\"lazy\" decoding=\"async\" width=\"592\" height=\"349\" src=\"https:\/\/www.flykol.com\/wp-content\/uploads\/2023\/07\/98.png\" class=\"attachment-cspt-img-770x500 size-cspt-img-770x500 wp-post-image\" alt=\"Wie funktionieren Lithium-Ionen-Batterien?\" srcset=\"https:\/\/www.flykol.com\/wp-content\/uploads\/2023\/07\/98.png 592w, https:\/\/www.flykol.com\/wp-content\/uploads\/2023\/07\/98-300x177.png 300w, https:\/\/www.flykol.com\/wp-content\/uploads\/2023\/07\/98-18x12.png 18w\" sizes=\"(max-width: 592px) 100vw, 592px\" data-id=\"959\" \/><\/a><\/div>\t\t\t\r\n\t\t<\/div>\r\n\t\t<div class=\"creativesplanet-box-content\">\t\r\n\t\t\t<div class=\"cspt-meta-container\">\r\n\t\t\t\t<div class=\"cspt-meta-date-wrapper cspt-meta-line\">\t\t\t\t\t\r\n\t\t\t\t\t<div class=\"cspt-meta-date\">09 Juli, 2023<\/div>\r\n\t\t\t\t<\/div>\r\n\t\t\t\t\t\t\t\t<div class=\"cspt-meta-category-wrapper cspt-meta-line\">\t\t\t\t\t\r\n\t\t\t\t\t<div class=\"cspt-meta-category\"><a href=\"https:\/\/www.flykol.com\/de\/.\/energy-storage-battery\/\" rel=\"category tag\">Energiespeicher-Batterie<\/a><\/div>\r\n\t\t\t\t<\/div>\r\n\t\t\t\t\t\t\t<\/div>\r\n\t\t\t<h3 class=\"cspt-post-title\"><a href=\"https:\/\/www.flykol.com\/de\/how-do-lithium-ion-batteries-work\/\">Wie funktioniert eine Lithium-Ionen-Batterie?<\/a><\/h3>\r\n\t\t\t<div class=\"creativesplanet-box-desc\">\r\n\t\t\t\t<div class=\"creativesplanet-box-desc-footer\">\r\n\t\t\t\t\t<div class=\"cspt-read-more-link\">\r\n\t\t\t\t\t\t<a href=\"https:\/\/www.flykol.com\/de\/how-do-lithium-ion-batteries-work\/\">Mehr lesen<\/a>\r\n\t\t\t\t\t<\/div>\r\n\t\t\t\t<\/div>\r\n\t\t\t<\/div>\r\n\t\t<\/div>\r\n\t<\/div>\r\n<\/article><\/div>\r\n\t\t\t<\/div>\r\n\r\n\t\t\t\r\n\t\t\r\n\t\t<\/div><!-- .creativesplanet-element-inner -->   <\/div><!-- .creativesplanet-element -->  \r\n\t    \t\t<\/div>\n\t\t\t\t<\/div>\n\t\t\t\t\t<\/div>\n\t\t<\/div>\n\t\t\t\t\t<\/div>\n\t\t<\/section>\n\t\t\t\t<\/div>","protected":false},"excerpt":{"rendered":"<p>11 6\u6708, 2023 Energiespeicher Batterie Was ist eine Lithium-Batterie? Lesen Sie mehr 11 6\u6708, 2023 Tragbares Kraftwerk Lohnt sich ein tragbares Solarpanel? Lesen Sie mehr<\/p>","protected":false},"author":1,"featured_media":0,"parent":0,"menu_order":0,"comment_status":"closed","ping_status":"closed","template":"elementor_header_footer","meta":{"_acf_changed":false,"footnotes":""},"class_list":["post-698","page","type-page","status-publish","hentry"],"acf":[],"aioseo_notices":[],"_links":{"self":[{"href":"https:\/\/www.flykol.com\/de\/wp-json\/wp\/v2\/pages\/698","targetHints":{"allow":["GET"]}}],"collection":[{"href":"https:\/\/www.flykol.com\/de\/wp-json\/wp\/v2\/pages"}],"about":[{"href":"https:\/\/www.flykol.com\/de\/wp-json\/wp\/v2\/types\/page"}],"author":[{"embeddable":true,"href":"https:\/\/www.flykol.com\/de\/wp-json\/wp\/v2\/users\/1"}],"replies":[{"embeddable":true,"href":"https:\/\/www.flykol.com\/de\/wp-json\/wp\/v2\/comments?post=698"}],"version-history":[{"count":0,"href":"https:\/\/www.flykol.com\/de\/wp-json\/wp\/v2\/pages\/698\/revisions"}],"wp:attachment":[{"href":"https:\/\/www.flykol.com\/de\/wp-json\/wp\/v2\/media?parent=698"}],"curies":[{"name":"wp","href":"https:\/\/api.w.org\/{rel}","templated":true}]}}