{"id":5797,"date":"2025-08-04T02:12:51","date_gmt":"2025-08-04T02:12:51","guid":{"rendered":"https:\/\/www.flykol.com\/?post_type=product&#038;p=5797"},"modified":"2025-08-04T06:28:48","modified_gmt":"2025-08-04T06:28:48","slug":"drone-battery-manufacturers","status":"publish","type":"product","link":"https:\/\/www.flykol.com\/de\/shop\/drone-battery-manufacturers\/","title":{"rendered":"Hersteller von Drohnenbatterien"},"content":{"rendered":"<p>Hohe Energiedichte und hohe Entladungsrate: Unsere Softpack-Batteriel\u00f6sungen f\u00fcr Drohnen umfassen Standard-, Hochspannungs- und Ultrahochspannungsserien. Die Standard-Serie hat eine Einzelzellenspannung von 3,7V\/4,2V. Leicht und kompakt: Das optimierte Design reduziert das Gesamtgewicht der Drohne.<\/p>\n<figure id=\"attachment_5806\" aria-describedby=\"caption-attachment-5806\" style=\"width: 762px\" class=\"wp-caption alignnone\"><img fetchpriority=\"high\" decoding=\"async\" class=\"wp-image-5806 size-full\" title=\"Hersteller von Drohnenbatterien\" src=\"https:\/\/www.flykol.com\/wp-content\/uploads\/2025\/08\/598.jpg\" alt=\"Hersteller von Drohnenbatterien\" width=\"762\" height=\"718\" srcset=\"https:\/\/www.flykol.com\/wp-content\/uploads\/2025\/08\/598.jpg 762w, https:\/\/www.flykol.com\/wp-content\/uploads\/2025\/08\/598-300x283.jpg 300w, https:\/\/www.flykol.com\/wp-content\/uploads\/2025\/08\/598-13x12.jpg 13w, https:\/\/www.flykol.com\/wp-content\/uploads\/2025\/08\/598-600x565.jpg 600w\" sizes=\"(max-width: 762px) 100vw, 762px\" \/><figcaption id=\"caption-attachment-5806\" class=\"wp-caption-text\">Hersteller von Drohnenbatterien<\/figcaption><\/figure>\n<p><strong>Produktmerkmale:<\/strong><\/p>\n<p>Gen\u00fcgend Kapazit\u00e4t f\u00fcr eine lange Flugzeit.<\/p>\n<p>Geringe Gr\u00f6\u00dfe und geringes Gewicht f\u00fcr einfachen Transport.<\/p>\n<p>Gute Korrosionsbest\u00e4ndigkeit, hohe Z\u00e4higkeit und keine Verformung nach langfristigem Gebrauch. Hochspannungs- und Ultrahochspannungs-Drohnenbatterien eignen sich f\u00fcr Drohnen mit langer Lebensdauer und Kartierungsmissionen.<\/p>\n<p>Das intelligente Ladeger\u00e4t erkennt die G-tech-Batterien automatisch.<\/p>\n<p><strong>Soft Pack UAV-Batteriel\u00f6sung:<\/strong><\/p>\n<ul>\n<li>Standard Lipo UAV Akku (3S 11.1V\/4S 14.8V\/6S 22.2V\/12S 44.4V)<\/li>\n<li>Hochspannungs-UAV-Akku (z. B. 6S 22,8 V)<\/li>\n<li>Ultrahochspannungs-UAV-Akku (z. B. 6S 23,7 V)<\/li>\n<li>Intelligentes Ladeger\u00e4t erkennt G-tech-Batterien automatisch<\/li>\n<\/ul>","protected":false},"excerpt":{"rendered":"<p>Hohe Energiedichte und hohe Entladungsrate: Unsere Softpack-Batteriel\u00f6sungen f\u00fcr Drohnen umfassen Standard-, Hochspannungs- und Ultrahochspannungsserien. Die Standard-Serie hat eine Einzelzellenspannung von 3,7V\/4,2V. Leicht und kompakt: Das optimierte Design reduziert das Gesamtgewicht der Drohne.<\/p>","protected":false},"featured_media":5808,"comment_status":"open","ping_status":"closed","template":"","meta":{"_acf_changed":false},"product_cat":[37,48],"product_tag":[],"class_list":{"0":"post-5797","1":"product","2":"type-product","3":"status-publish","4":"has-post-thumbnail","6":"product_cat-portable-power-station","7":"product_cat-drone-batteries","9":"first","10":"instock","11":"sale","12":"shipping-taxable","13":"purchasable","14":"product-type-simple"},"acf":[],"aioseo_notices":[],"_links":{"self":[{"href":"https:\/\/www.flykol.com\/de\/wp-json\/wp\/v2\/product\/5797","targetHints":{"allow":["GET"]}}],"collection":[{"href":"https:\/\/www.flykol.com\/de\/wp-json\/wp\/v2\/product"}],"about":[{"href":"https:\/\/www.flykol.com\/de\/wp-json\/wp\/v2\/types\/product"}],"replies":[{"embeddable":true,"href":"https:\/\/www.flykol.com\/de\/wp-json\/wp\/v2\/comments?post=5797"}],"version-history":[{"count":3,"href":"https:\/\/www.flykol.com\/de\/wp-json\/wp\/v2\/product\/5797\/revisions"}],"predecessor-version":[{"id":5809,"href":"https:\/\/www.flykol.com\/de\/wp-json\/wp\/v2\/product\/5797\/revisions\/5809"}],"wp:featuredmedia":[{"embeddable":true,"href":"https:\/\/www.flykol.com\/de\/wp-json\/wp\/v2\/media\/5808"}],"wp:attachment":[{"href":"https:\/\/www.flykol.com\/de\/wp-json\/wp\/v2\/media?parent=5797"}],"wp:term":[{"taxonomy":"product_cat","embeddable":true,"href":"https:\/\/www.flykol.com\/de\/wp-json\/wp\/v2\/product_cat?post=5797"},{"taxonomy":"product_tag","embeddable":true,"href":"https:\/\/www.flykol.com\/de\/wp-json\/wp\/v2\/product_tag?post=5797"}],"curies":[{"name":"wp","href":"https:\/\/api.w.org\/{rel}","templated":true}]}}