{"id":743,"date":"2023-06-29T08:46:59","date_gmt":"2023-06-29T08:46:59","guid":{"rendered":"https:\/\/www.flykol.com\/?post_type=product&#038;p=743"},"modified":"2023-08-16T02:04:15","modified_gmt":"2023-08-16T02:04:15","slug":"160w-portable-power-station","status":"publish","type":"product","link":"https:\/\/www.flykol.com\/de\/shop\/160w-portable-power-station\/","title":{"rendered":"160W Portable Power Station"},"content":{"rendered":"<p>Sind Sie bereit, die Kontrolle \u00fcber Ihren Energiebedarf zu \u00fcbernehmen, auch wenn Sie unterwegs sind? Wir stellen Ihnen die 160W Portable Power Station vor, die ultimative L\u00f6sung f\u00fcr alle Ihre mobilen Stromanforderungen.<\/p>\n<p>FlyKol bietet die erschwinglichste, leichteste, tragbare Energiestation mit USB Typ-C, USB-A und einer Netzsteckdose. Die wiederaufladbare Lithium-Ionen-Batterie bietet eine Energiespeicherung von 167 Wattstunden... Diese tragbare Stromstation und das 160-W-Solarmodul-Kit von FlyKol haben alles, was Sie brauchen, um erneuerbare Energie zu sammeln und sie f\u00fcr Ger\u00e4te, Apparate und Werkzeuge zu nutzen, wenn Sie nicht an das Stromnetz angeschlossen sind.<\/p>\n<p>Die tragbare Power Station 160 W ist ein Novum in der Welt der tragbaren Energie. Mit seinem kompakten Design und seiner beeindruckenden Leistung ist dieses Ger\u00e4t darauf ausgelegt, Sie \u00fcberall zuverl\u00e4ssig mit Strom zu versorgen. Verabschieden Sie sich von den Beschr\u00e4nkungen der Steckdosen und genie\u00dfen Sie die Freiheit der netzunabh\u00e4ngigen Abenteuer mit dieser innovativen L\u00f6sung.<\/p>\n<h2>160W Portable Power Station Spezifikationen:<\/h2>\n<table width=\"517\">\n<tbody>\n<tr>\n<td width=\"277\">Nennleistung<\/td>\n<td width=\"240\">160W<\/td>\n<\/tr>\n<tr>\n<td>Nennkapazit\u00e4t<\/td>\n<td>204.8Wh<\/td>\n<\/tr>\n<tr>\n<td>Standard Kapazit\u00e4t<\/td>\n<td>3.2V64000mAh<\/td>\n<\/tr>\n<tr>\n<td>Spitzenleistung<\/td>\n<td>200W<\/td>\n<\/tr>\n<tr>\n<td>AC-Ausgangsspannung<\/td>\n<td>110V\u00b110%<\/td>\n<\/tr>\n<tr>\n<td>Ausgangswellenform<\/td>\n<td>\u00a0Ge\u00e4nderte Welle<\/td>\n<\/tr>\n<tr>\n<td>USB-Ausgang<\/td>\n<td>\u00a0QC3.0\/18W<\/td>\n<\/tr>\n<tr>\n<td>Typ-C-Ausgang<\/td>\n<td>\u00a0PD30W<\/td>\n<\/tr>\n<tr>\n<td>Typ-C Eingang\/Ausgang<\/td>\n<td>\u00a0PD60W<\/td>\n<\/tr>\n<tr>\n<td>DC 5521 Ausgang<\/td>\n<td>\u00a012V\/10A<\/td>\n<\/tr>\n<tr>\n<td>Ladeeingang Spannung<\/td>\n<td>10.8-23.5V<\/td>\n<\/tr>\n<tr>\n<td>Eingangsleistung zum Laden<\/td>\n<td>\u00a060W Max<\/td>\n<\/tr>\n<tr>\n<td>Arbeitstemperatur<\/td>\n<td>\u00a00-40\u00b0C<\/td>\n<\/tr>\n<tr>\n<td>Produktgewicht (Nettogewicht)<\/td>\n<td>etwa 2,4 kg<\/td>\n<\/tr>\n<tr>\n<td>Dimension des Produkts<\/td>\n<td>\u00a0120x175x200mm<\/td>\n<\/tr>\n<\/tbody>\n<\/table>\n<h2>160W Portable Power Station Technische Daten:<\/h2>\n<p>Lassen Sie uns die technischen F\u00e4higkeiten des 160W erkunden <a href=\"https:\/\/www.flykol.com\/service\/portable-power-station\/\">Tragbares Kraftwerk<\/a>. Dieses Kraftpaket verf\u00fcgt \u00fcber eine au\u00dfergew\u00f6hnliche Ausgangsleistung von 160 Watt, so dass es eine Vielzahl von elektronischen Ger\u00e4ten bedienen kann. Der leistungsstarke Akku sorgt f\u00fcr eine lange Betriebsdauer, damit Sie immer in Verbindung bleiben, wenn es darauf ankommt. Ausgestattet mit mehreren Ausgangsschnittstellen, einschlie\u00dflich Wechselstrom-, USB- und Gleichstromanschl\u00fcssen, bietet dieses Ger\u00e4t die M\u00f6glichkeit, verschiedene Ger\u00e4te gleichzeitig zu laden und mit Strom zu versorgen.<\/p>\n<h2>160W Portable Power Station Vorteile:<\/h2>\n<ul>\n<li><strong>Schnelles Aufladen 80% in 1 Stunde:<\/strong> Tragbares Kraftwerk 1008Wh ist E-SPEED-Technologie, die eine h\u00f6here Umwandlung Ladeeffizienz bietet angenommen. Es kann die Stromversorgung von 0% bis 80% innerhalb von 1 Stunde aufgeladen werden und Sie brauchen keinen zus\u00e4tzlichen sperrigen Adapter, einfach aufzuladen und zu verwenden.<\/li>\n<li><strong>Gleichzeitige Stromversorgung von Ger\u00e4ten\uff1a<\/strong>F\u00fcr jemanden, der viel Strom f\u00fcr Wochenenden au\u00dferhalb des Stromnetzes ben\u00f6tigt, erf\u00fcllt die Notstrombatterie 600W die 99%-Stromanforderungen f\u00fcr den Au\u00dfeneinsatz.<\/li>\n<li><strong>Unendliche Sonnenenergie:<\/strong> Im Gegensatz zu Gasgeneratoren ist das Solarkraftwerk sauber und rauchfrei. Es verf\u00fcgt \u00fcber ein Schnelllade-Design zum Aufladen und die Solar-Notstrombatterie f\u00fcr den Hausgebrauch wird durch Solarenergie, eine Wandsteckdose oder eine Autosteckdose gespeist und bietet so eine endlose Energie- und Stromversorgung.<\/li>\n<li><strong>Die perfekte Wahl f\u00fcr das Leben im Freien:<\/strong> Nehmen Sie das tragbare Kraftwerk und das Solarmodul 160W f\u00fcr das Camping im Freien mit und erleben Sie die Energie aus der Natur w\u00e4hrend Ihres Roadtrips, Campingausflugs, Wohnmobils und der \u00dcberlandfahrt.<\/li>\n<\/ul>\n<h2>160W Portable Power Station Anwendungen:<\/h2>\n<p>Die tragbare 160-W-Stromversorgung ist Ihr zuverl\u00e4ssiger Begleiter in verschiedenen Situationen. Ganz gleich, ob Sie einen Campingausflug planen, sich in ein Outdoor-Abenteuer st\u00fcrzen oder sich auf Notf\u00e4lle vorbereiten - dieses tragbare Kraftpaket hat alles, was Sie brauchen. Sie k\u00f6nnen damit Ihre Campingausr\u00fcstung aufladen, Smartphones und Tablets laden, kleine Ger\u00e4te betreiben und sogar medizinische Ger\u00e4te am Laufen halten. Durch sein geringes Gewicht und sein tragbares Design ist er leicht zu transportieren und stellt sicher, dass Sie \u00fcberall, wo Sie ihn brauchen, Zugang zu Strom haben.<\/p>\n<h2>160W Portable Power Station Hauptmerkmale:<\/h2>\n<p>Werfen wir einen genaueren Blick darauf, was die 160W Portable Power Station von der Konkurrenz unterscheidet. Die hocheffiziente Energieumwandlungstechnologie sorgt f\u00fcr minimale Energieverschwendung und maximiert die Nutzung der gespeicherten Energie. Dank der vielf\u00e4ltigen Ausgangsschnittstellen k\u00f6nnen Sie eine breite Palette von Ger\u00e4ten anschlie\u00dfen, von Laptops und Kameras bis hin zu Mini-K\u00fchlschr\u00e4nken und Lampen. Durch sein kompaktes und leichtes Design l\u00e4sst er sich m\u00fchelos im Rucksack oder im Fahrzeug transportieren und ist damit ein unverzichtbarer Begleiter f\u00fcr Outdoor-Enthusiasten und Reisende gleicherma\u00dfen.<\/p>\n<p><strong>Schlussfolgerung:<\/strong><\/p>\n<p>Die tragbare 160-Watt-Stromversorgungsstation ist ein echter Gl\u00fccksgriff f\u00fcr alle, die unterwegs auf zuverl\u00e4ssige Stromversorgung angewiesen sind. Ihre starke Leistung, ihr kompaktes Design und ihre Vielseitigkeit machen sie zu einem unverzichtbaren Werkzeug f\u00fcr Camping-Enthusiasten, Outdoor-Abenteurer und alle, die eine Notstromversorgung ben\u00f6tigen.<\/p>\n<p><strong>H\u00e4ufig gestellte Fragen:<\/strong><\/p>\n<p><strong>Wie lade ich die 160W Portable Power Station auf?<\/strong><\/p>\n<p>Die 160W Portable Power Station kann auf zwei Arten aufgeladen werden. Sie k\u00f6nnen sie mit dem mitgelieferten Ladeger\u00e4t an eine Steckdose anschlie\u00dfen und aufladen. Alternativ k\u00f6nnen Sie sie auch mit einem Solarpanel aufladen, um die Kraft der Sonne im Freien zu nutzen.<\/p>\n<p><strong>Welche Ger\u00e4te kann die 160W Portable Power Station mit Strom versorgen?<\/strong><\/p>\n<p>Die tragbare Power Station 160 W ist mit einer Vielzahl von Ger\u00e4ten kompatibel. Sie verf\u00fcgt \u00fcber eine Wechselstrom-Steckdose f\u00fcr die Stromversorgung von Haushaltsger\u00e4ten, Computern und Beleuchtungsanlagen. Au\u00dferdem verf\u00fcgt sie \u00fcber USB-Anschl\u00fcsse zum Aufladen von Smartphones, Tablets, Kameras und anderen USB-betriebenen Ger\u00e4ten. Au\u00dferdem verf\u00fcgt sie \u00fcber Gleichstromanschl\u00fcsse, um Ger\u00e4te wie Autok\u00fchlschr\u00e4nke und drahtlose Router mit Strom zu versorgen.<\/p>\n<p><strong>Wie hoch ist die Batteriekapazit\u00e4t der 160W Portable Power Station?<\/strong><\/p>\n<p>Die Akkukapazit\u00e4t der 160W Portable Power Station wird normalerweise im Benutzerhandbuch angegeben. Sie wird in der Regel in Milliamperestunden (mAh) oder Wattstunden (Wh) gemessen, wobei der spezifische Wert je nach Produkt variieren kann.<\/p>\n<p><strong>Wie lange kann die 160 W Portable Power Station Strom liefern?<\/strong><\/p>\n<p>Die Dauer der Stromversorgung durch die 160W Portable Power Station h\u00e4ngt von den Leistungsanforderungen der angeschlossenen Ger\u00e4te und der Batteriekapazit\u00e4t ab. Ger\u00e4te mit geringerer Leistung k\u00f6nnen l\u00e4nger mit Strom versorgt werden, w\u00e4hrend Ger\u00e4te mit h\u00f6herer Leistung den Strom schneller verbrauchen. Genauere Informationen finden Sie in den Produktspezifikationen oder Sie wenden sich an den Hersteller oder H\u00e4ndler.<\/p>\n<p><strong>Welches Gewicht und welche Gr\u00f6\u00dfe hat die 160 W Portable Power Station?<\/strong><\/p>\n<p>Das Gewicht und die Gr\u00f6\u00dfe der tragbaren 160W Power Station k\u00f6nnen je nach Produktmodell und Marke variieren. Im Allgemeinen sind tragbare Stromversorgungsanlagen so konzipiert, dass sie leicht und kompakt sind, damit sie bei der Verwendung im Freien einfach transportiert werden k\u00f6nnen. Es ist ratsam, die Produktspezifikationen zu pr\u00fcfen oder den Hersteller oder H\u00e4ndler zu befragen, um sicherzustellen, dass Gr\u00f6\u00dfe und Gewicht Ihren pers\u00f6nlichen Anforderungen entsprechen.<\/p>\n<p><strong>\u00dcber welche Sicherheitsmerkmale verf\u00fcgt die 160W Portable Power Station?<\/strong><\/p>\n<p>Die tragbare 160-W-Stromversorgungsstation verf\u00fcgt in der Regel \u00fcber mehrere Sicherheitsfunktionen wie \u00dcberladeschutz, \u00dcberentladeschutz, \u00dcberlastungsschutz und Kurzschlussschutz. Diese Sicherheitsmechanismen gew\u00e4hrleisten eine stabile und zuverl\u00e4ssige Leistung w\u00e4hrend des Ladevorgangs und der Nutzung und verhindern Sch\u00e4den oder Sicherheitsrisiken.<\/p>","protected":false},"excerpt":{"rendered":"<ul>\n<li>Leiser Generator und umweltfreundliche, saubere Energie<\/li>\n<li>Outdoor Camping Batterie<\/li>\n<li>Solarbetriebene Aufladung<\/li>\n<li>Langlebig und wasserdicht gem\u00e4\u00df IP68<\/li>\n<\/ul>\n<p>Diese tragbare Energiestation ist praktisch f\u00fcr alle Outdoor-Aktivit\u00e4ten. Sie verf\u00fcgt \u00fcber einen stabilen Griff zum einfachen Tragen und eine eingebaute LED-Taschenlampe mit SOS-Modus (langes Dr\u00fccken der Taste).<\/p>","protected":false},"featured_media":744,"comment_status":"open","ping_status":"closed","template":"","meta":{"_acf_changed":false},"product_cat":[37],"product_tag":[],"class_list":{"0":"post-743","1":"product","2":"type-product","3":"status-publish","4":"has-post-thumbnail","6":"product_cat-portable-power-station","8":"first","9":"instock","10":"sale","11":"shipping-taxable","12":"purchasable","13":"product-type-simple"},"acf":[],"aioseo_notices":[],"_links":{"self":[{"href":"https:\/\/www.flykol.com\/de\/wp-json\/wp\/v2\/product\/743","targetHints":{"allow":["GET"]}}],"collection":[{"href":"https:\/\/www.flykol.com\/de\/wp-json\/wp\/v2\/product"}],"about":[{"href":"https:\/\/www.flykol.com\/de\/wp-json\/wp\/v2\/types\/product"}],"replies":[{"embeddable":true,"href":"https:\/\/www.flykol.com\/de\/wp-json\/wp\/v2\/comments?post=743"}],"version-history":[{"count":1,"href":"https:\/\/www.flykol.com\/de\/wp-json\/wp\/v2\/product\/743\/revisions"}],"predecessor-version":[{"id":839,"href":"https:\/\/www.flykol.com\/de\/wp-json\/wp\/v2\/product\/743\/revisions\/839"}],"wp:featuredmedia":[{"embeddable":true,"href":"https:\/\/www.flykol.com\/de\/wp-json\/wp\/v2\/media\/744"}],"wp:attachment":[{"href":"https:\/\/www.flykol.com\/de\/wp-json\/wp\/v2\/media?parent=743"}],"wp:term":[{"taxonomy":"product_cat","embeddable":true,"href":"https:\/\/www.flykol.com\/de\/wp-json\/wp\/v2\/product_cat?post=743"},{"taxonomy":"product_tag","embeddable":true,"href":"https:\/\/www.flykol.com\/de\/wp-json\/wp\/v2\/product_tag?post=743"}],"curies":[{"name":"wp","href":"https:\/\/api.w.org\/{rel}","templated":true}]}}