{"id":3,"date":"2023-06-05T11:22:01","date_gmt":"2023-06-05T11:22:01","guid":{"rendered":"http:\/\/lanyuewp.com:88\/greenly\/?page_id=3"},"modified":"2023-06-12T14:47:24","modified_gmt":"2023-06-12T14:47:24","slug":"privacy-policy","status":"publish","type":"page","link":"https:\/\/www.flykol.com\/es\/privacy-policy\/","title":{"rendered":"Pol\u00edtica de privacidad"},"content":{"rendered":"<h2 class=\"wp-block-heading\">Pol\u00edtica de privacidad<\/h2><p>Esta es la pol\u00edtica de privacidad de Flykol. Flykol se encuentra en China. Flykol es responsable del tratamiento de los datos de privacidad.<\/p><p>Esta pol\u00edtica explica nuestras condiciones generales relativas al tratamiento de datos personales. Describimos qu\u00e9 datos tratamos y c\u00f3mo garantizamos su privacidad y sus derechos. Lea nuestra pol\u00edtica de cookies si desea saber qu\u00e9 cookies utilizamos.<\/p><p>Esta pol\u00edtica cubre todos los datos procesados de los visitantes del sitio web, proveedores, solicitantes de empleo y todas las dem\u00e1s relaciones con Flykol.<\/p><p>\u00bfCu\u00e1l es la pol\u00edtica general de privacidad de Flykol?<\/p><p>Flykol respeta la privacidad de todos los visitantes de su sitio web https:\/\/www.flykol.com, de todos sus clientes (potenciales) y de sus relaciones.<\/p><p>Flykol pone la seguridad y confidencialidad de su informaci\u00f3n personal en primer lugar y maneja cuidadosamente sus datos personales<\/p><p>Flykol s\u00f3lo comparte sus datos personales con terceros si es necesario para el cumplimiento de un acuerdo o si as\u00ed lo exige la ley.<\/p><p>Flykol busca constantemente formas de mejorar sus servicios y adaptarlos al m\u00e1ximo a sus deseos y necesidades personales. Adem\u00e1s, Flykol siempre tiene en cuenta su privacidad y cumple los requisitos de la legislaci\u00f3n aplicable en materia de protecci\u00f3n de datos.<\/p><p><strong>1. Cumplimiento de las leyes y otros reglamentos<\/strong><\/p><p>Cumplimos todas las leyes y pol\u00edticas nacionales y otras normativas relativas a la protecci\u00f3n de la informaci\u00f3n personal.<\/p><p><strong>2. Establecimiento y mejora continua de las directrices para el tratamiento de la informaci\u00f3n personal<\/strong><\/p><p>La necesidad de proteger la informaci\u00f3n personal se promulga a conciencia en toda la empresa, desde los directores hasta los empleados m\u00e1s subalternos. Mantenemos y seguimos directrices para la correcta protecci\u00f3n y uso de la informaci\u00f3n personal. Tambi\u00e9n nos esforzamos por mejorar continuamente estas directrices.<\/p><p><strong>3. Adquisici\u00f3n, uso y divulgaci\u00f3n de informaci\u00f3n personal<\/strong><\/p><p>Definimos claramente los usos que pueden hacerse de la informaci\u00f3n personal. Dentro de estas limitaciones, adquirimos, utilizamos y divulgamos informaci\u00f3n personal s\u00f3lo con el consentimiento de la persona afectada.<\/p><p><strong>4. Gesti\u00f3n segura<\/strong><\/p><p>Nos esforzamos por mantener una gesti\u00f3n segura de la informaci\u00f3n personal, y hemos establecido las medidas necesarias para evitar el acceso no autorizado a los datos, su p\u00e9rdida, destrucci\u00f3n, alteraci\u00f3n o filtraci\u00f3n.<\/p><p><strong>5. Divulgaci\u00f3n y correcci\u00f3n<\/strong><\/p><p>Las solicitudes de divulgaci\u00f3n, modificaci\u00f3n o supresi\u00f3n de informaci\u00f3n personal se atender\u00e1n caso por caso, a la espera de que se confirme la identidad del solicitante.<\/p><p>\u00bfQu\u00e9 derechos tiene sobre sus datos personales?<\/p><p>Tiene derecho a consultar, rectificar y suprimir sus datos. Adem\u00e1s, tiene derecho a retirar su permiso al tratamiento de datos o a oponerse al mismo. En algunos casos tambi\u00e9n tiene derecho a la portabilidad de los datos. Esto significa que puede solicitarnos que le enviemos la informaci\u00f3n personal, en un archivo inform\u00e1tico, a usted o a otra organizaci\u00f3n mencionada por usted.<\/p><p>Puede enviar su solicitud de consulta, rectificaci\u00f3n, supresi\u00f3n o portabilidad de sus datos personales o su solicitud de retirada del permiso o su oposici\u00f3n al tratamiento de los datos a sales@flykol.com.<\/p><p>Para estar seguros de que su solicitud ha sido hecha por usted, le pedimos que env\u00ede una copia de su documento de identidad con la solicitud. Haga que la foto de su pasaporte, la MRZ (zona legible por m\u00e1quina, son las dos o tres l\u00edneas que aparecen en la parte inferior de la primera p\u00e1gina del pasaporte o en el reverso de un documento de identidad), el n\u00famero de identificaci\u00f3n y el n\u00famero de la Seguridad Social sean de color negro. Esto es para proteger su intimidad. Evaluaremos si podemos atender su solicitud y le responderemos lo antes posible.<\/p><p>\u00bfQu\u00e9 ocurre si cambia la pol\u00edtica de privacidad de Flykol?<\/p><p>Las normas de protecci\u00f3n de datos y nuestros servicios pueden cambiar. Por ello, nos reservamos el derecho a modificar esta declaraci\u00f3n de privacidad. La declaraci\u00f3n de privacidad m\u00e1s actualizada puede consultarse siempre en https:\/\/www.flykol.com.<\/p>","protected":false},"excerpt":{"rendered":"<p>Pol\u00edtica de privacidad Esta es la pol\u00edtica de privacidad Flykol. Flykol se encuentra en China. Flykol es responsable del tratamiento de los datos de privacidad. Esta pol\u00edtica explica nuestras condiciones generales relativas al tratamiento de datos personales. Describimos qu\u00e9 datos procesaremos y c\u00f3mo garantizamos su privacidad y sus derechos. Por favor, lea nuestra pol\u00edtica de cookies si desea saber qu\u00e9 cookies utilizamos. Esta pol\u00edtica cubre todos los datos procesados de los visitantes del sitio web,[...]<\/p>","protected":false},"author":1,"featured_media":0,"parent":0,"menu_order":0,"comment_status":"closed","ping_status":"open","template":"","meta":{"_acf_changed":false,"footnotes":""},"class_list":["post-3","page","type-page","status-publish","hentry"],"acf":[],"aioseo_notices":[],"_links":{"self":[{"href":"https:\/\/www.flykol.com\/es\/wp-json\/wp\/v2\/pages\/3","targetHints":{"allow":["GET"]}}],"collection":[{"href":"https:\/\/www.flykol.com\/es\/wp-json\/wp\/v2\/pages"}],"about":[{"href":"https:\/\/www.flykol.com\/es\/wp-json\/wp\/v2\/types\/page"}],"author":[{"embeddable":true,"href":"https:\/\/www.flykol.com\/es\/wp-json\/wp\/v2\/users\/1"}],"replies":[{"embeddable":true,"href":"https:\/\/www.flykol.com\/es\/wp-json\/wp\/v2\/comments?post=3"}],"version-history":[{"count":0,"href":"https:\/\/www.flykol.com\/es\/wp-json\/wp\/v2\/pages\/3\/revisions"}],"wp:attachment":[{"href":"https:\/\/www.flykol.com\/es\/wp-json\/wp\/v2\/media?parent=3"}],"curies":[{"name":"wp","href":"https:\/\/api.w.org\/{rel}","templated":true}]}}