{"id":86,"date":"2023-06-12T06:22:19","date_gmt":"2023-06-12T06:22:19","guid":{"rendered":"http:\/\/greenly-demo.pbminfotech.com\/elementor-site7\/?page_id=10643"},"modified":"2023-06-12T13:27:46","modified_gmt":"2023-06-12T13:27:46","slug":"application","status":"publish","type":"page","link":"https:\/\/www.flykol.com\/es\/application\/","title":{"rendered":"Aplicaci\u00f3n"},"content":{"rendered":"<div data-elementor-type=\"wp-page\" data-elementor-id=\"86\" class=\"elementor elementor-86\">\n\t\t\t\t\t\t<section class=\"elementor-section elementor-top-section elementor-element elementor-element-1ca7f387 cspt-bg-color-yes cspt-elementor-bg-color-light elementor-section-stretched cspt-col-stretched-none cspt-bg-color-over-image elementor-section-boxed elementor-section-height-default elementor-section-height-default\" data-id=\"1ca7f387\" data-element_type=\"section\" data-settings=\"{&quot;stretch_section&quot;:&quot;section-stretched&quot;}\">\n\t\t\t\t\t\t<div class=\"elementor-container elementor-column-gap-no\">\n\t\t\t\t\t<div class=\"elementor-column elementor-col-100 elementor-top-column elementor-element elementor-element-46c39b33 cspt-bg-color-over-image\" data-id=\"46c39b33\" data-element_type=\"column\">\n\t\t\t<div class=\"elementor-widget-wrap elementor-element-populated\">\n\t\t\t\t\t\t<div class=\"elementor-element elementor-element-78ab6612 elementor-widget elementor-widget-cspt_service_element\" data-id=\"78ab6612\" data-element_type=\"widget\" data-widget_type=\"cspt_service_element.default\">\n\t\t\t\t<div class=\"elementor-widget-container\">\n\t\t\t\r\n\t\t<div class=\"creativesplanet-element creativesplanet-element-service cspt-element-service-style-5 creativesplanet-element-viewtype-row-column creativesplanet-gap-30px\" data-show=\"15\" data-columns=\"3\" data-loop=\"false\" data-autoplay=\"false\" data-center=\"false\" data-nav=\"false\" data-dots=\"false\" data-autoplayspeed=\"1000\" data-margin=\"30px\"><div class=\"creativesplanet-element-inner\">\r\n\t\t\r\n\t\t\t<div class=\"cspt-ele-header-area\">\r\n\t\t\t\t\t<div class=\"cspt-heading-subheading -align\"><\/div>\r\n\t\t\t\t\r\n\t\t\t<\/div>\r\n\r\n\t\t\t<div class=\"cspt-element-posts-wrapper row multi-columns-row\">\r\n\r\n\t\t\t<div class=\"cspt-ele cspt-service-ele col-md-4 application\"><article class=\"creativesplanet-ele creativesplanet-ele-service cspt-service-style-5\">\r\n\t<div class=\"creativesplanet-post-item\">\r\n\t\t<div class=\"cspt-featured-wrapper\"><a href=\"https:\/\/www.flykol.com\/es\/service\/lithium-trolling-motor-battery\/\"><img fetchpriority=\"high\" decoding=\"async\" width=\"740\" height=\"563\" src=\"https:\/\/www.flykol.com\/wp-content\/uploads\/2023\/07\/998-740x563.jpg\" class=\"attachment-cspt-img-740x940 size-cspt-img-740x940 wp-post-image\" alt=\"Bater\u00eda de litio para motor de curric\u00e1n\" data-id=\"1010\" \/><\/a><\/div>\t\t<div class=\"creativesplanet-box-content\">\r\n            \t<div class=\"creativesplanet-box-content-inner\">\r\n\t\t\t\t    <div class=\"cspt-service-wrap\">\r\n\t\t\t\t\t\t<div class=\"cspt-service-icon-wrapper\">\r\n\t\t\t\t\t\t\t\t\t\t\t\t\t<\/div>\r\n\t                \t<h3 class=\"cspt-service-title\"><a href=\"https:\/\/www.flykol.com\/es\/service\/lithium-trolling-motor-battery\/\">Bater\u00eda de litio para motor de curric\u00e1n<\/a><\/h3>\r\n\t                 <\/div>\r\n            \t<\/div>\r\n\t\t<\/div>\r\n\t<\/div>\r\n<\/article>\r\n\r\n<\/div><div class=\"cspt-ele cspt-service-ele col-md-4 application\"><article class=\"creativesplanet-ele creativesplanet-ele-service cspt-service-style-5\">\r\n\t<div class=\"creativesplanet-post-item\">\r\n\t\t<div class=\"cspt-featured-wrapper\"><a href=\"https:\/\/www.flykol.com\/es\/service\/12v-lithium-ion-battery\/\"><img decoding=\"async\" width=\"740\" height=\"600\" src=\"https:\/\/www.flykol.com\/wp-content\/uploads\/2023\/06\/12-740x600.jpg\" class=\"attachment-cspt-img-740x940 size-cspt-img-740x940 wp-post-image\" alt=\"Bater\u00eda de iones de litio de 12 V\" data-id=\"436\" \/><\/a><\/div>\t\t<div class=\"creativesplanet-box-content\">\r\n            \t<div class=\"creativesplanet-box-content-inner\">\r\n\t\t\t\t    <div class=\"cspt-service-wrap\">\r\n\t\t\t\t\t\t<div class=\"cspt-service-icon-wrapper\">\r\n\t\t\t\t\t\t\t<i class=\"cspt-greenly-icon cspt-greenly-icon-sun\"><\/i>\t\t\t\t\t\t<\/div>\r\n\t                \t<h3 class=\"cspt-service-title\"><a href=\"https:\/\/www.flykol.com\/es\/service\/12v-lithium-ion-battery\/\">Bater\u00eda de litio de 12 V<\/a><\/h3>\r\n\t                 <\/div>\r\n            \t<\/div>\r\n\t\t<\/div>\r\n\t<\/div>\r\n<\/article>\r\n\r\n<\/div><div class=\"cspt-ele cspt-service-ele col-md-4 application\"><article class=\"creativesplanet-ele creativesplanet-ele-service cspt-service-style-5\">\r\n\t<div class=\"creativesplanet-post-item\">\r\n\t\t<div class=\"cspt-featured-wrapper\"><a href=\"https:\/\/www.flykol.com\/es\/service\/24v-lithium-ion-battery\/\"><img decoding=\"async\" width=\"740\" height=\"600\" src=\"https:\/\/www.flykol.com\/wp-content\/uploads\/2023\/06\/24-740x600.jpg\" class=\"attachment-cspt-img-740x940 size-cspt-img-740x940 wp-post-image\" alt=\"Bater\u00eda de iones de litio de 24 V\" data-id=\"437\" \/><\/a><\/div>\t\t<div class=\"creativesplanet-box-content\">\r\n            \t<div class=\"creativesplanet-box-content-inner\">\r\n\t\t\t\t    <div class=\"cspt-service-wrap\">\r\n\t\t\t\t\t\t<div class=\"cspt-service-icon-wrapper\">\r\n\t\t\t\t\t\t\t<i class=\"cspt-greenly-icon cspt-greenly-icon-solar-panel\"><\/i>\t\t\t\t\t\t<\/div>\r\n\t                \t<h3 class=\"cspt-service-title\"><a href=\"https:\/\/www.flykol.com\/es\/service\/24v-lithium-ion-battery\/\">Bater\u00eda de litio de 24 V<\/a><\/h3>\r\n\t                 <\/div>\r\n            \t<\/div>\r\n\t\t<\/div>\r\n\t<\/div>\r\n<\/article>\r\n\r\n<\/div><div class=\"cspt-ele cspt-service-ele col-md-4 application\"><article class=\"creativesplanet-ele creativesplanet-ele-service cspt-service-style-5\">\r\n\t<div class=\"creativesplanet-post-item\">\r\n\t\t<div class=\"cspt-featured-wrapper\"><a href=\"https:\/\/www.flykol.com\/es\/service\/bateria-de-iones-de-litio-de-48-v\/\"><img loading=\"lazy\" decoding=\"async\" width=\"740\" height=\"600\" src=\"https:\/\/www.flykol.com\/wp-content\/uploads\/2023\/06\/48-740x600.jpg\" class=\"attachment-cspt-img-740x940 size-cspt-img-740x940 wp-post-image\" alt=\"Bater\u00eda de iones de litio de 48 V\" data-id=\"439\" \/><\/a><\/div>\t\t<div class=\"creativesplanet-box-content\">\r\n            \t<div class=\"creativesplanet-box-content-inner\">\r\n\t\t\t\t    <div class=\"cspt-service-wrap\">\r\n\t\t\t\t\t\t<div class=\"cspt-service-icon-wrapper\">\r\n\t\t\t\t\t\t\t<i class=\"cspt-greenly-icon cspt-greenly-icon-light-bulb\"><\/i>\t\t\t\t\t\t<\/div>\r\n\t                \t<h3 class=\"cspt-service-title\"><a href=\"https:\/\/www.flykol.com\/es\/service\/bateria-de-iones-de-litio-de-48-v\/\">Bater\u00eda de litio de 48 V<\/a><\/h3>\r\n\t                 <\/div>\r\n            \t<\/div>\r\n\t\t<\/div>\r\n\t<\/div>\r\n<\/article>\r\n\r\n<\/div><div class=\"cspt-ele cspt-service-ele col-md-4 application\"><article class=\"creativesplanet-ele creativesplanet-ele-service cspt-service-style-5\">\r\n\t<div class=\"creativesplanet-post-item\">\r\n\t\t<div class=\"cspt-featured-wrapper\"><a href=\"https:\/\/www.flykol.com\/es\/service\/solar-lithium-battery\/\"><img loading=\"lazy\" decoding=\"async\" width=\"740\" height=\"600\" src=\"https:\/\/www.flykol.com\/wp-content\/uploads\/2023\/06\/06-740x600.jpg\" class=\"attachment-cspt-img-740x940 size-cspt-img-740x940 wp-post-image\" alt=\"bater\u00eda solar de litio\" data-id=\"442\" \/><\/a><\/div>\t\t<div class=\"creativesplanet-box-content\">\r\n            \t<div class=\"creativesplanet-box-content-inner\">\r\n\t\t\t\t    <div class=\"cspt-service-wrap\">\r\n\t\t\t\t\t\t<div class=\"cspt-service-icon-wrapper\">\r\n\t\t\t\t\t\t\t<i class=\"cspt-greenly-icon cspt-greenly-icon-eolic-energy\"><\/i>\t\t\t\t\t\t<\/div>\r\n\t                \t<h3 class=\"cspt-service-title\"><a href=\"https:\/\/www.flykol.com\/es\/service\/solar-lithium-battery\/\">Bater\u00eda solar de litio<\/a><\/h3>\r\n\t                 <\/div>\r\n            \t<\/div>\r\n\t\t<\/div>\r\n\t<\/div>\r\n<\/article>\r\n\r\n<\/div><div class=\"cspt-ele cspt-service-ele col-md-4 application\"><article class=\"creativesplanet-ele creativesplanet-ele-service cspt-service-style-5\">\r\n\t<div class=\"creativesplanet-post-item\">\r\n\t\t<div class=\"cspt-featured-wrapper\"><a href=\"https:\/\/www.flykol.com\/es\/service\/golf-cart-lithium-battery\/\"><img loading=\"lazy\" decoding=\"async\" width=\"740\" height=\"600\" src=\"https:\/\/www.flykol.com\/wp-content\/uploads\/2023\/06\/grf-740x600.jpg\" class=\"attachment-cspt-img-740x940 size-cspt-img-740x940 wp-post-image\" alt=\"Bater\u00eda de litio para carrito de golf\" data-id=\"440\" \/><\/a><\/div>\t\t<div class=\"creativesplanet-box-content\">\r\n            \t<div class=\"creativesplanet-box-content-inner\">\r\n\t\t\t\t    <div class=\"cspt-service-wrap\">\r\n\t\t\t\t\t\t<div class=\"cspt-service-icon-wrapper\">\r\n\t\t\t\t\t\t\t<i class=\"cspt-greenly-icon cspt-greenly-icon-renewable-energy\"><\/i>\t\t\t\t\t\t<\/div>\r\n\t                \t<h3 class=\"cspt-service-title\"><a href=\"https:\/\/www.flykol.com\/es\/service\/golf-cart-lithium-battery\/\">Bater\u00eda de litio para carro de golf<\/a><\/h3>\r\n\t                 <\/div>\r\n            \t<\/div>\r\n\t\t<\/div>\r\n\t<\/div>\r\n<\/article>\r\n\r\n<\/div><div class=\"cspt-ele cspt-service-ele col-md-4 application\"><article class=\"creativesplanet-ele creativesplanet-ele-service cspt-service-style-5\">\r\n\t<div class=\"creativesplanet-post-item\">\r\n\t\t<div class=\"cspt-featured-wrapper\"><a href=\"https:\/\/www.flykol.com\/es\/service\/bateria-de-litio-marina\/\"><img loading=\"lazy\" decoding=\"async\" width=\"740\" height=\"600\" src=\"https:\/\/www.flykol.com\/wp-content\/uploads\/2023\/06\/cc-740x600.jpg\" class=\"attachment-cspt-img-740x940 size-cspt-img-740x940 wp-post-image\" alt=\"Bater\u00eda marina de litio\" data-id=\"441\" \/><\/a><\/div>\t\t<div class=\"creativesplanet-box-content\">\r\n            \t<div class=\"creativesplanet-box-content-inner\">\r\n\t\t\t\t    <div class=\"cspt-service-wrap\">\r\n\t\t\t\t\t\t<div class=\"cspt-service-icon-wrapper\">\r\n\t\t\t\t\t\t\t<i class=\"cspt-greenly-icon cspt-greenly-icon-saturn\"><\/i>\t\t\t\t\t\t<\/div>\r\n\t                \t<h3 class=\"cspt-service-title\"><a href=\"https:\/\/www.flykol.com\/es\/service\/bateria-de-litio-marina\/\">Bater\u00eda marina de litio<\/a><\/h3>\r\n\t                 <\/div>\r\n            \t<\/div>\r\n\t\t<\/div>\r\n\t<\/div>\r\n<\/article>\r\n\r\n<\/div><div class=\"cspt-ele cspt-service-ele col-md-4 application\"><article class=\"creativesplanet-ele creativesplanet-ele-service cspt-service-style-5\">\r\n\t<div class=\"creativesplanet-post-item\">\r\n\t\t<div class=\"cspt-featured-wrapper\"><a href=\"https:\/\/www.flykol.com\/es\/service\/rv-lithium-battery\/\"><img loading=\"lazy\" decoding=\"async\" width=\"740\" height=\"600\" src=\"https:\/\/www.flykol.com\/wp-content\/uploads\/2023\/06\/59-740x600.jpg\" class=\"attachment-cspt-img-740x940 size-cspt-img-740x940 wp-post-image\" alt=\"Bater\u00eda de litio para veh\u00edculos recreativos\" data-id=\"662\" \/><\/a><\/div>\t\t<div class=\"creativesplanet-box-content\">\r\n            \t<div class=\"creativesplanet-box-content-inner\">\r\n\t\t\t\t    <div class=\"cspt-service-wrap\">\r\n\t\t\t\t\t\t<div class=\"cspt-service-icon-wrapper\">\r\n\t\t\t\t\t\t\t<i class=\"cspt-greenly-icon cspt-greenly-icon-greenhouse\"><\/i>\t\t\t\t\t\t<\/div>\r\n\t                \t<h3 class=\"cspt-service-title\"><a href=\"https:\/\/www.flykol.com\/es\/service\/rv-lithium-battery\/\">Bater\u00eda de litio para veh\u00edculos recreativos<\/a><\/h3>\r\n\t                 <\/div>\r\n            \t<\/div>\r\n\t\t<\/div>\r\n\t<\/div>\r\n<\/article>\r\n\r\n<\/div><div class=\"cspt-ele cspt-service-ele col-md-4 application\"><article class=\"creativesplanet-ele creativesplanet-ele-service cspt-service-style-5\">\r\n\t<div class=\"creativesplanet-post-item\">\r\n\t\t<div class=\"cspt-featured-wrapper\"><a href=\"https:\/\/www.flykol.com\/es\/service\/36v-lithium-ion-battery\/\"><img loading=\"lazy\" decoding=\"async\" width=\"740\" height=\"600\" src=\"https:\/\/www.flykol.com\/wp-content\/uploads\/2023\/06\/361-740x600.jpg\" class=\"attachment-cspt-img-740x940 size-cspt-img-740x940 wp-post-image\" alt=\"Bater\u00eda de iones de litio de 36 V\" data-id=\"444\" \/><\/a><\/div>\t\t<div class=\"creativesplanet-box-content\">\r\n            \t<div class=\"creativesplanet-box-content-inner\">\r\n\t\t\t\t    <div class=\"cspt-service-wrap\">\r\n\t\t\t\t\t\t<div class=\"cspt-service-icon-wrapper\">\r\n\t\t\t\t\t\t\t<i class=\"cspt-greenly-icon cspt-greenly-icon-windmill\"><\/i>\t\t\t\t\t\t<\/div>\r\n\t                \t<h3 class=\"cspt-service-title\"><a href=\"https:\/\/www.flykol.com\/es\/service\/36v-lithium-ion-battery\/\">Bater\u00eda de litio de 36 V<\/a><\/h3>\r\n\t                 <\/div>\r\n            \t<\/div>\r\n\t\t<\/div>\r\n\t<\/div>\r\n<\/article>\r\n\r\n<\/div><div class=\"cspt-ele cspt-service-ele col-md-4 application\"><article class=\"creativesplanet-ele creativesplanet-ele-service cspt-service-style-5\">\r\n\t<div class=\"creativesplanet-post-item\">\r\n\t\t<div class=\"cspt-featured-wrapper\"><a href=\"https:\/\/www.flykol.com\/es\/service\/panel-solar-portatil\/\"><img loading=\"lazy\" decoding=\"async\" width=\"740\" height=\"600\" src=\"https:\/\/www.flykol.com\/wp-content\/uploads\/2023\/06\/a2-740x600.jpg\" class=\"attachment-cspt-img-740x940 size-cspt-img-740x940 wp-post-image\" alt=\"Panel solar port\u00e1til\" data-id=\"580\" \/><\/a><\/div>\t\t<div class=\"creativesplanet-box-content\">\r\n            \t<div class=\"creativesplanet-box-content-inner\">\r\n\t\t\t\t    <div class=\"cspt-service-wrap\">\r\n\t\t\t\t\t\t<div class=\"cspt-service-icon-wrapper\">\r\n\t\t\t\t\t\t\t<i class=\"fa fa-database\"><\/i>\t\t\t\t\t\t<\/div>\r\n\t                \t<h3 class=\"cspt-service-title\"><a href=\"https:\/\/www.flykol.com\/es\/service\/panel-solar-portatil\/\">Panel solar port\u00e1til<\/a><\/h3>\r\n\t                 <\/div>\r\n            \t<\/div>\r\n\t\t<\/div>\r\n\t<\/div>\r\n<\/article>\r\n\r\n<\/div><div class=\"cspt-ele cspt-service-ele col-md-4 application\"><article class=\"creativesplanet-ele creativesplanet-ele-service cspt-service-style-5\">\r\n\t<div class=\"creativesplanet-post-item\">\r\n\t\t<div class=\"cspt-featured-wrapper\"><a href=\"https:\/\/www.flykol.com\/es\/service\/minipanel-solar\/\"><img loading=\"lazy\" decoding=\"async\" width=\"740\" height=\"600\" src=\"https:\/\/www.flykol.com\/wp-content\/uploads\/2023\/06\/a1-740x600.jpg\" class=\"attachment-cspt-img-740x940 size-cspt-img-740x940 wp-post-image\" alt=\"Mini panel solar\" data-id=\"582\" \/><\/a><\/div>\t\t<div class=\"creativesplanet-box-content\">\r\n            \t<div class=\"creativesplanet-box-content-inner\">\r\n\t\t\t\t    <div class=\"cspt-service-wrap\">\r\n\t\t\t\t\t\t<div class=\"cspt-service-icon-wrapper\">\r\n\t\t\t\t\t\t\t<i class=\"fa fa-bars\"><\/i>\t\t\t\t\t\t<\/div>\r\n\t                \t<h3 class=\"cspt-service-title\"><a href=\"https:\/\/www.flykol.com\/es\/service\/minipanel-solar\/\">Mini panel solar<\/a><\/h3>\r\n\t                 <\/div>\r\n            \t<\/div>\r\n\t\t<\/div>\r\n\t<\/div>\r\n<\/article>\r\n\r\n<\/div><div class=\"cspt-ele cspt-service-ele col-md-4 application\"><article class=\"creativesplanet-ele creativesplanet-ele-service cspt-service-style-5\">\r\n\t<div class=\"creativesplanet-post-item\">\r\n\t\t<div class=\"cspt-featured-wrapper\"><a href=\"https:\/\/www.flykol.com\/es\/service\/portable-power-station\/\"><img loading=\"lazy\" decoding=\"async\" width=\"740\" height=\"600\" src=\"https:\/\/www.flykol.com\/wp-content\/uploads\/2023\/06\/05-740x600.jpg\" class=\"attachment-cspt-img-740x940 size-cspt-img-740x940 wp-post-image\" alt=\"Central el\u00e9ctrica port\u00e1til\" data-id=\"443\" \/><\/a><\/div>\t\t<div class=\"creativesplanet-box-content\">\r\n            \t<div class=\"creativesplanet-box-content-inner\">\r\n\t\t\t\t    <div class=\"cspt-service-wrap\">\r\n\t\t\t\t\t\t<div class=\"cspt-service-icon-wrapper\">\r\n\t\t\t\t\t\t\t<i class=\"fa fa-battery-full\"><\/i>\t\t\t\t\t\t<\/div>\r\n\t                \t<h3 class=\"cspt-service-title\"><a href=\"https:\/\/www.flykol.com\/es\/service\/portable-power-station\/\">Central el\u00e9ctrica port\u00e1til<\/a><\/h3>\r\n\t                 <\/div>\r\n            \t<\/div>\r\n\t\t<\/div>\r\n\t<\/div>\r\n<\/article>\r\n\r\n<\/div>\r\n\t\t\t<\/div>\r\n\r\n\t\t\t\r\n\t\t\r\n\t\t<\/div><!-- .creativesplanet-element-inner -->   <\/div><!-- .creativesplanet-element -->  \r\n\t    \t\t<\/div>\n\t\t\t\t<\/div>\n\t\t\t\t\t<\/div>\n\t\t<\/div>\n\t\t\t\t\t<\/div>\n\t\t<\/section>\n\t\t\t\t<\/div>","protected":false},"excerpt":{"rendered":"<p>Bater\u00eda de iones de litio de 12 V Bater\u00eda de iones de litio de 24 V Bater\u00eda de iones de litio de 36 V Bater\u00eda de iones de litio de 48 V Bater\u00eda solar de litio Bater\u00eda de litio para carritos de golf Bater\u00eda de litio para embarcaciones Bater\u00eda de litio para veh\u00edculos recreativos Panel solar port\u00e1til Mini panel solar Estaci\u00f3n de energ\u00eda port\u00e1til<\/p>","protected":false},"author":1,"featured_media":0,"parent":0,"menu_order":18,"comment_status":"closed","ping_status":"closed","template":"","meta":{"_acf_changed":false,"footnotes":""},"class_list":["post-86","page","type-page","status-publish","hentry"],"acf":[],"aioseo_notices":[],"_links":{"self":[{"href":"https:\/\/www.flykol.com\/es\/wp-json\/wp\/v2\/pages\/86","targetHints":{"allow":["GET"]}}],"collection":[{"href":"https:\/\/www.flykol.com\/es\/wp-json\/wp\/v2\/pages"}],"about":[{"href":"https:\/\/www.flykol.com\/es\/wp-json\/wp\/v2\/types\/page"}],"author":[{"embeddable":true,"href":"https:\/\/www.flykol.com\/es\/wp-json\/wp\/v2\/users\/1"}],"replies":[{"embeddable":true,"href":"https:\/\/www.flykol.com\/es\/wp-json\/wp\/v2\/comments?post=86"}],"version-history":[{"count":0,"href":"https:\/\/www.flykol.com\/es\/wp-json\/wp\/v2\/pages\/86\/revisions"}],"wp:attachment":[{"href":"https:\/\/www.flykol.com\/es\/wp-json\/wp\/v2\/media?parent=86"}],"curies":[{"name":"wp","href":"https:\/\/api.w.org\/{rel}","templated":true}]}}