{"id":5797,"date":"2025-08-04T02:12:51","date_gmt":"2025-08-04T02:12:51","guid":{"rendered":"https:\/\/www.flykol.com\/?post_type=product&#038;p=5797"},"modified":"2025-08-04T06:28:48","modified_gmt":"2025-08-04T06:28:48","slug":"drone-battery-manufacturers","status":"publish","type":"product","link":"https:\/\/www.flykol.com\/es\/shop\/drone-battery-manufacturers\/","title":{"rendered":"Fabricantes de bater\u00edas para drones"},"content":{"rendered":"<p>Alta densidad energ\u00e9tica y alta velocidad de descarga: nuestras soluciones de bater\u00edas blandas para drones incluyen series est\u00e1ndar, de alto voltaje y de ultra alto voltaje. La serie est\u00e1ndar tiene un voltaje de celda \u00fanica de 3,7 V\/4,2 V. Ligeras y compactas, su dise\u00f1o optimizado reduce el peso total del dron.<\/p>\n<figure id=\"attachment_5806\" aria-describedby=\"caption-attachment-5806\" style=\"width: 762px\" class=\"wp-caption alignnone\"><img fetchpriority=\"high\" decoding=\"async\" class=\"wp-image-5806 size-full\" title=\"Fabricantes de bater\u00edas para drones\" src=\"https:\/\/www.flykol.com\/wp-content\/uploads\/2025\/08\/598.jpg\" alt=\"Fabricantes de bater\u00edas para drones\" width=\"762\" height=\"718\" srcset=\"https:\/\/www.flykol.com\/wp-content\/uploads\/2025\/08\/598.jpg 762w, https:\/\/www.flykol.com\/wp-content\/uploads\/2025\/08\/598-300x283.jpg 300w, https:\/\/www.flykol.com\/wp-content\/uploads\/2025\/08\/598-13x12.jpg 13w, https:\/\/www.flykol.com\/wp-content\/uploads\/2025\/08\/598-600x565.jpg 600w\" sizes=\"(max-width: 762px) 100vw, 762px\" \/><figcaption id=\"caption-attachment-5806\" class=\"wp-caption-text\">Fabricantes de bater\u00edas para drones<\/figcaption><\/figure>\n<p><strong>Caracter\u00edsticas del producto:<\/strong><\/p>\n<p>Capacidad suficiente para soportar un largo tiempo de vuelo.<\/p>\n<p>Tama\u00f1o peque\u00f1o y peso ligero para facilitar su transporte.<\/p>\n<p>Buena resistencia a la corrosi\u00f3n, gran tenacidad y ausencia de deformaci\u00f3n tras un uso prolongado, las bater\u00edas de alto voltaje y ultra alto voltaje para UAV son adecuadas para drones con misiones cartogr\u00e1ficas de larga duraci\u00f3n.<\/p>\n<p>El cargador inteligente reconoce autom\u00e1ticamente las bater\u00edas G-tech.<\/p>\n<p><strong>Soluci\u00f3n de bater\u00edas blandas para UAV:<\/strong><\/p>\n<ul>\n<li>Bater\u00eda Lipo UAV est\u00e1ndar (3S 11.1V\/4S 14.8V\/6S 22.2V\/12S 44.4V)<\/li>\n<li>Bater\u00eda de alto voltaje para UAV (p. ej. 6S 22,8V)<\/li>\n<li>Bater\u00eda de ultra alto voltaje para UAV (p. ej. 6S 23,7V)<\/li>\n<li>Cargador inteligente que reconoce autom\u00e1ticamente las bater\u00edas G-tech<\/li>\n<\/ul>","protected":false},"excerpt":{"rendered":"<p>Alta densidad energ\u00e9tica y alta velocidad de descarga: nuestras soluciones de bater\u00edas blandas para drones incluyen series est\u00e1ndar, de alto voltaje y de ultra alto voltaje. La serie est\u00e1ndar tiene un voltaje de celda \u00fanica de 3,7 V\/4,2 V. Ligeras y compactas, su dise\u00f1o optimizado reduce el peso total del dron.<\/p>","protected":false},"featured_media":5808,"comment_status":"open","ping_status":"closed","template":"","meta":{"_acf_changed":false},"product_cat":[37,48],"product_tag":[],"class_list":{"0":"post-5797","1":"product","2":"type-product","3":"status-publish","4":"has-post-thumbnail","6":"product_cat-portable-power-station","7":"product_cat-drone-batteries","9":"first","10":"instock","11":"sale","12":"shipping-taxable","13":"purchasable","14":"product-type-simple"},"acf":[],"aioseo_notices":[],"_links":{"self":[{"href":"https:\/\/www.flykol.com\/es\/wp-json\/wp\/v2\/product\/5797","targetHints":{"allow":["GET"]}}],"collection":[{"href":"https:\/\/www.flykol.com\/es\/wp-json\/wp\/v2\/product"}],"about":[{"href":"https:\/\/www.flykol.com\/es\/wp-json\/wp\/v2\/types\/product"}],"replies":[{"embeddable":true,"href":"https:\/\/www.flykol.com\/es\/wp-json\/wp\/v2\/comments?post=5797"}],"version-history":[{"count":3,"href":"https:\/\/www.flykol.com\/es\/wp-json\/wp\/v2\/product\/5797\/revisions"}],"predecessor-version":[{"id":5809,"href":"https:\/\/www.flykol.com\/es\/wp-json\/wp\/v2\/product\/5797\/revisions\/5809"}],"wp:featuredmedia":[{"embeddable":true,"href":"https:\/\/www.flykol.com\/es\/wp-json\/wp\/v2\/media\/5808"}],"wp:attachment":[{"href":"https:\/\/www.flykol.com\/es\/wp-json\/wp\/v2\/media?parent=5797"}],"wp:term":[{"taxonomy":"product_cat","embeddable":true,"href":"https:\/\/www.flykol.com\/es\/wp-json\/wp\/v2\/product_cat?post=5797"},{"taxonomy":"product_tag","embeddable":true,"href":"https:\/\/www.flykol.com\/es\/wp-json\/wp\/v2\/product_tag?post=5797"}],"curies":[{"name":"wp","href":"https:\/\/api.w.org\/{rel}","templated":true}]}}