{"id":619,"date":"2024-05-05T09:34:34","date_gmt":"2024-05-05T09:34:34","guid":{"rendered":"https:\/\/dehuaw8.sg-host.com\/?post_type=product&#038;p=619"},"modified":"2024-10-10T09:45:26","modified_gmt":"2024-10-10T09:45:26","slug":"48v-lithium-ion-battery-400ah","status":"publish","type":"product","link":"https:\/\/www.flykol.com\/es\/shop\/48v-lithium-ion-battery-400ah\/","title":{"rendered":"Bater\u00eda de litio de 48V 400AH"},"content":{"rendered":"<p>El sistema incorporado de gesti\u00f3n de la bater\u00eda, totalmente autom\u00e1tico, proporciona equilibrado de celdas, protecci\u00f3n contra sobrecarga o sobredescarga, cortocircuito y polaridad inversa, lo que convierte a la bater\u00eda de 48V 400AH en una de las bater\u00edas de litio m\u00e1s seguras y avanzadas del mundo.<\/p>\n<h2>Bater\u00eda de Litio 48V 400AH Especificaci\u00f3n:<\/h2>\n<table width=\"566\">\n<tbody>\n<tr>\n<td width=\"283\">Modelo<\/td>\n<td width=\"283\">\u00a048100-4P+1<\/td>\n<\/tr>\n<tr>\n<td width=\"283\">Tensi\u00f3n nominal<\/td>\n<td width=\"283\">\u00a051.2\/48V<\/td>\n<\/tr>\n<tr>\n<td width=\"283\">Capacidad nominal<\/td>\n<td width=\"283\">\u00a0400Ah<\/td>\n<\/tr>\n<tr>\n<td width=\"283\">Dimensiones (Al*L*An)<\/td>\n<td width=\"283\">\u00a01210*680*608mm<\/td>\n<\/tr>\n<tr>\n<td width=\"283\">peso<\/td>\n<td width=\"283\">\u00a0\/<\/td>\n<\/tr>\n<tr>\n<td width=\"283\">M\u00e9todo de carga<\/td>\n<td width=\"283\">\u00a0CC\/CP<\/td>\n<\/tr>\n<tr>\n<td width=\"283\">Corriente de carga<\/td>\n<td width=\"283\">\u00a0MAX150A<\/td>\n<\/tr>\n<tr>\n<td width=\"283\">Tensi\u00f3n de corte de carga<\/td>\n<td width=\"283\">\u00a054,6 V<\/td>\n<\/tr>\n<tr>\n<td width=\"283\">M\u00e9todo de descarga<\/td>\n<td width=\"283\">\u00a0CC\/CP<\/td>\n<\/tr>\n<tr>\n<td width=\"283\">Corriente de descarga<\/td>\n<td width=\"283\">\u00a0MAX200A<\/td>\n<\/tr>\n<tr>\n<td width=\"283\">Tensi\u00f3n de corte de descarga<\/td>\n<td width=\"283\">\u00a042V<\/td>\n<\/tr>\n<tr>\n<td width=\"283\">Mostrar<\/td>\n<td width=\"283\">\u00a0LCD<\/td>\n<\/tr>\n<tr>\n<td width=\"283\">Interfaz de comunicaci\u00f3n<\/td>\n<td width=\"283\">\u00a0485\/232\/CAN<\/td>\n<\/tr>\n<tr>\n<td width=\"283\">Temperatura de trabajo<\/td>\n<td width=\"283\">carga: 0-55\u2103, descarga: -20-60\u2103<\/td>\n<\/tr>\n<tr>\n<td width=\"283\">Temperatura de almacenamiento<\/td>\n<td width=\"283\">\u00a00-45\u2103 (mejor ambiente)<\/td>\n<\/tr>\n<tr>\n<td width=\"283\">Humedad de almacenamiento<\/td>\n<td width=\"283\">\u00a05%-95%<\/td>\n<\/tr>\n<tr>\n<td width=\"283\">Estado del env\u00edo<\/td>\n<td width=\"283\">Tensi\u00f3n: 50-52V SOC: 60%-80%<\/td>\n<\/tr>\n<tr>\n<td width=\"283\">N\u00famero de conexiones paralelas<\/td>\n<td width=\"283\">4<\/td>\n<\/tr>\n<tr>\n<td width=\"283\">Caja combinadora<\/td>\n<td width=\"283\">1<\/td>\n<\/tr>\n<\/tbody>\n<\/table>\n<h2>Bater\u00eda de Litio 48V 400AH Caracter\u00edsticas:<\/h2>\n<ul>\n<li>2000-5000 ciclos de vida<\/li>\n<li>Mayor seguridad<\/li>\n<li>Rendimiento a altas temperaturas<\/li>\n<li>Energ\u00eda verde sin contaminantes<\/li>\n<li>&lt;3% de autodescarga anual<\/li>\n<li>Resistente a vibraciones y golpes<\/li>\n<li>Sin efecto memoria<\/li>\n<li>La bater\u00eda lifepo4 de 48 V integra doble protecci\u00f3n \"BMS + Safe Board<\/li>\n<li>Estructura de fijaci\u00f3n por tornillos patentada<\/li>\n<li>Buen rendimiento en entornos dif\u00edciles<\/li>\n<li>Sistema inteligente de gesti\u00f3n de bater\u00edas<\/li>\n<li>Admite conexi\u00f3n en serie o en paralelo<\/li>\n<li>Personalizar eficazmente una soluci\u00f3n t\u00e9cnica<\/li>\n<li>Alta calidad y entrega puntual<\/li>\n<li>Fabricante innovador y fiable de bater\u00edas de litio<\/li>\n<\/ul>\n<h2>Aplicaciones de la bater\u00eda de iones de litio de 48 V<\/h2>\n<p><strong>Veh\u00edculos el\u00e9ctricos<\/strong><\/p>\n<p>La bater\u00eda de iones de litio de 48 V desempe\u00f1a un papel fundamental en la propulsi\u00f3n de veh\u00edculos el\u00e9ctricos (VE) por su alta densidad energ\u00e9tica, su capacidad de carga r\u00e1pida y su larga vida \u00fatil. Permite ampliar la autonom\u00eda y ofrece un rendimiento fiable para distintos tipos de veh\u00edculos el\u00e9ctricos, incluidos los h\u00edbridos y los h\u00edbridos enchufables.<\/p>\n<p><strong>Sistemas de almacenamiento de energ\u00eda<\/strong><\/p>\n<p>Gracias a su gran capacidad y eficiente capacidad de almacenamiento de energ\u00eda, la bater\u00eda de iones de litio de 48 V es ideal para sistemas de almacenamiento de energ\u00eda residenciales, comerciales e industriales. Permite una gesti\u00f3n eficiente de las fuentes de energ\u00eda renovables, el cambio de carga y las soluciones de energ\u00eda de reserva.<\/p>\n<p><strong>Sistemas de energ\u00eda solar y e\u00f3lica<\/strong><\/p>\n<p>La integraci\u00f3n de la bater\u00eda de iones de litio de 48 V con sistemas de energ\u00eda solar y e\u00f3lica mejora la captura, el almacenamiento y la utilizaci\u00f3n de la energ\u00eda. Permite un suministro fiable de energ\u00eda fuera de la red, reduce la dependencia de la red y maximiza la utilizaci\u00f3n de recursos energ\u00e9ticos renovables.<\/p>\n<p><strong>Aplicaciones industriales<\/strong><\/p>\n<p>La bater\u00eda de iones de litio de 48 V encuentra aplicaciones en diversos sectores industriales, como las telecomunicaciones, los equipos de manipulaci\u00f3n de materiales y los sistemas de alimentaci\u00f3n ininterrumpida (SAI). Su alta densidad energ\u00e9tica, durabilidad y capacidad de carga r\u00e1pida la hacen adecuada para entornos industriales exigentes.<\/p>\n<h2>Ventajas de la bater\u00eda de iones de litio de 48 V<\/h2>\n<p><strong>Longevidad y alta vida c\u00edclica<\/strong><\/p>\n<p>La bater\u00eda de iones de litio de 48 V ofrece una larga vida \u00fatil y puede soportar un elevado n\u00famero de ciclos de carga y descarga, por lo que proporciona una potencia fiable durante un periodo prolongado.<\/p>\n<p><strong>Alta densidad energ\u00e9tica<\/strong><\/p>\n<p>Con su alta densidad energ\u00e9tica, la bater\u00eda de iones de litio de 48 V puede almacenar una cantidad significativa de energ\u00eda en un tama\u00f1o compacto, lo que permite un uso eficiente del espacio en diversas aplicaciones.<\/p>\n<p><strong>Capacidad de carga r\u00e1pida<\/strong><\/p>\n<p>La bater\u00eda de iones de litio de 48 V puede cargarse r\u00e1pidamente, lo que reduce el tiempo de inactividad y permite una r\u00e1pida respuesta en aplicaciones que requieren cargas frecuentes.<\/p>\n<p><strong>Seguridad y respeto del medio ambiente<\/strong><\/p>\n<p>Esta tecnolog\u00eda de pilas incorpora funciones de seguridad avanzadas para evitar sobrecalentamientos, cortocircuitos y otros peligros potenciales. Adem\u00e1s, es respetuosa con el medio ambiente, ya que no contiene sustancias peligrosas como plomo o mercurio.<\/p>\n<h2>SISTEMA DE GESTI\u00d3N DE BATER\u00cdAS<\/h2>\n<p>Cada bater\u00eda viene con un sistema de gesti\u00f3n de bater\u00edas de \u00faltima generaci\u00f3n, este BMS protege contra sobrecarga, sobredescarga, sobrecarga, cortocircuito, sobrecarga general y protecci\u00f3n de baja\/alta temperatura.<\/p>\n<ul>\n<li>Capacidad de la bater\u00eda<\/li>\n<li>Tensi\u00f3n de la bater\u00eda<\/li>\n<li>Corriente de la bater\u00eda (amperios)<\/li>\n<li>Estado de carga de la bater\u00eda (SOC)<\/li>\n<li>Estado de salud de la bater\u00eda (SOH)<\/li>\n<li>Estado de la bater\u00eda<\/li>\n<li>Tensi\u00f3n de c\u00e9lula individual<\/li>\n<li>Temperatura de la bater\u00eda<\/li>\n<li>Ciclos de bater\u00eda<\/li>\n<\/ul>\n<p><strong>M\u00e1s aplicaciones:<a href=\"https:\/\/www.flykol.com\/service\/12v-lithium-ion-battery\/\">Bater\u00eda de litio de 12 V<\/a>\uff0c<a href=\"https:\/\/www.flykol.com\/service\/24v-lithium-ion-battery\/\">Bater\u00eda de litio de 24 V<\/a>\uff0c<a href=\"https:\/\/www.flykol.com\/service\/36v-lithium-ion-battery\/\">Bater\u00eda de litio de 36 V<\/a>\uff0c<a href=\"https:\/\/www.flykol.com\/service\/48v-lithium-ion-battery\/\">Bater\u00eda de litio de 48 V<\/a>\uff0c<a href=\"https:\/\/www.flykol.com\/service\/solar-lithium-battery\/\">Bater\u00eda solar de litio<\/a>\uff0c<a href=\"https:\/\/www.flykol.com\/service\/lithium-trolling-motor-battery\/\">Bater\u00eda de litio para motor de curric\u00e1n<\/a>\uff0c<a href=\"https:\/\/www.flykol.com\/service\/golf-cart-lithium-battery\/\">Bater\u00eda de litio para carrito de golf<\/a><\/strong>\uff0c<strong><a href=\"https:\/\/www.flykol.com\/service\/rv-lithium-battery\/\">Bater\u00eda de litio para veh\u00edculos recreativos<\/a><\/strong>\uff0c<strong><a href=\"https:\/\/www.flykol.com\/service\/marine-lithium-battery\/\">Bater\u00eda marina de litio<\/a><\/strong><\/p>","protected":false},"excerpt":{"rendered":"<p>La bater\u00eda de iones de litio de 48V 400AH cuenta con la \u00faltima y m\u00e1s avanzada tecnolog\u00eda de bater\u00edas de fosfato de hierro y litio - LiFePO4.<\/p>","protected":false},"featured_media":620,"comment_status":"open","ping_status":"closed","template":"","meta":{"_acf_changed":false},"product_cat":[43],"product_tag":[],"class_list":{"0":"post-619","1":"product","2":"type-product","3":"status-publish","4":"has-post-thumbnail","6":"product_cat-48v-lithium-battery","8":"first","9":"instock","10":"sale","11":"shipping-taxable","12":"purchasable","13":"product-type-simple"},"acf":[],"aioseo_notices":[],"_links":{"self":[{"href":"https:\/\/www.flykol.com\/es\/wp-json\/wp\/v2\/product\/619","targetHints":{"allow":["GET"]}}],"collection":[{"href":"https:\/\/www.flykol.com\/es\/wp-json\/wp\/v2\/product"}],"about":[{"href":"https:\/\/www.flykol.com\/es\/wp-json\/wp\/v2\/types\/product"}],"replies":[{"embeddable":true,"href":"https:\/\/www.flykol.com\/es\/wp-json\/wp\/v2\/comments?post=619"}],"version-history":[{"count":0,"href":"https:\/\/www.flykol.com\/es\/wp-json\/wp\/v2\/product\/619\/revisions"}],"wp:featuredmedia":[{"embeddable":true,"href":"https:\/\/www.flykol.com\/es\/wp-json\/wp\/v2\/media\/620"}],"wp:attachment":[{"href":"https:\/\/www.flykol.com\/es\/wp-json\/wp\/v2\/media?parent=619"}],"wp:term":[{"taxonomy":"product_cat","embeddable":true,"href":"https:\/\/www.flykol.com\/es\/wp-json\/wp\/v2\/product_cat?post=619"},{"taxonomy":"product_tag","embeddable":true,"href":"https:\/\/www.flykol.com\/es\/wp-json\/wp\/v2\/product_tag?post=619"}],"curies":[{"name":"wp","href":"https:\/\/api.w.org\/{rel}","templated":true}]}}