{"id":3,"date":"2023-06-05T11:22:01","date_gmt":"2023-06-05T11:22:01","guid":{"rendered":"http:\/\/lanyuewp.com:88\/greenly\/?page_id=3"},"modified":"2023-06-12T14:47:24","modified_gmt":"2023-06-12T14:47:24","slug":"privacy-policy","status":"publish","type":"page","link":"https:\/\/www.flykol.com\/it\/privacy-policy\/","title":{"rendered":"Informativa sulla privacy"},"content":{"rendered":"<h2 class=\"wp-block-heading\">Informativa sulla privacy<\/h2><p>Questa \u00e8 la politica sulla privacy di Flykol. Flykol ha sede in Cina. Flykol \u00e8 responsabile del trattamento dei dati sulla privacy.<\/p><p>La presente informativa illustra le nostre condizioni generali relative al trattamento dei dati personali. Descriviamo quali dati tratteremo e come garantiamo la vostra privacy e i vostri diritti. Per sapere quali cookie utilizziamo, leggete la nostra politica sui cookie.<\/p><p>La presente informativa riguarda tutti i dati trattati dei visitatori del sito, dei fornitori, dei richiedenti lavoro e di tutti gli altri rapporti con Flykol.<\/p><p>Qual \u00e8 la politica generale sulla privacy di Flykol?<\/p><p>Flykol rispetta la privacy di tutti i visitatori del suo sito https:\/\/www.flykol.com, di tutti i suoi (potenziali) clienti e delle sue relazioni.<\/p><p>Flykol mette al primo posto la sicurezza e la riservatezza delle vostre informazioni personali e tratta con cura i vostri dati personali.<\/p><p>Flykol condivide i vostri dati personali con terzi solo se ci\u00f2 \u00e8 necessario per l'adempimento di un contratto o se ci\u00f2 \u00e8 richiesto dalla legge.<\/p><p>Flykol \u00e8 costantemente alla ricerca di modi per migliorare i propri servizi e adattarli il pi\u00f9 possibile ai vostri desideri e alle vostre esigenze personali. Inoltre, Flykol tiene sempre in considerazione la vostra privacy e rispetta i requisiti della legislazione applicabile in materia di protezione dei dati.<\/p><p><strong>1. Conformit\u00e0 alle leggi e agli altri regolamenti<\/strong><\/p><p>Rispettiamo tutte le leggi e le politiche nazionali e le altre normative relative alla protezione dei dati personali.<\/p><p><strong>2. Definizione e miglioramento continuo delle linee guida per il trattamento delle informazioni personali<\/strong><\/p><p>La necessit\u00e0 di proteggere le informazioni personali \u00e8 ampiamente diffusa in tutta l'azienda, dai direttori fino ai dipendenti pi\u00f9 giovani. Manteniamo e seguiamo le linee guida per la corretta protezione e l'uso delle informazioni personali. Ci impegniamo inoltre a migliorare costantemente queste linee guida.<\/p><p><strong>3. Acquisizione, utilizzo e rilascio di informazioni personali<\/strong><\/p><p>Definiamo chiaramente gli usi a cui possono essere destinate le informazioni personali. Nell'ambito di questi vincoli, acquisiamo, utilizziamo e divulghiamo le informazioni personali solo con il consenso dell'interessato.<\/p><p><strong>4. Gestione sicura<\/strong><\/p><p>Ci impegniamo a mantenere una gestione sicura delle informazioni personali e abbiamo stabilito le misure necessarie per prevenire l'accesso, la perdita, la distruzione, l'alterazione o la fuga di dati non autorizzati.<\/p><p><strong>5. Divulgazione e correzione<\/strong><\/p><p>Le richieste di divulgazione, modifica o cancellazione di informazioni personali saranno accolte caso per caso, in attesa della conferma dell'identit\u00e0 del richiedente.<\/p><p>Quali diritti avete in relazione ai vostri dati personali?<\/p><p>Avete il diritto di visualizzare, correggere o cancellare i vostri dati. Inoltre, avete il diritto di revocare il vostro consenso al trattamento dei dati o di opporvi al trattamento. In alcuni casi avete anche diritto alla portabilit\u00e0 dei dati. Ci\u00f2 significa che potete richiedere a noi di inviare le informazioni personali, in un file informatico, a voi o a un'altra organizzazione da voi indicata.<\/p><p>\u00c8 possibile inviare la richiesta di visualizzazione, correzione, rimozione o portabilit\u00e0 dei dati personali o la richiesta di revoca dell'autorizzazione o l'opposizione al trattamento dei dati a sales@flykol.com.<\/p><p>Per essere sicuri che la richiesta sia stata fatta da voi, vi chiediamo di inviare una copia del vostro documento d'identit\u00e0 insieme alla richiesta. Fate in modo che la foto del passaporto, la MRZ (zona leggibile a macchina, si tratta di due o tre righe in fondo alla prima pagina del passaporto o sul retro di una carta d'identit\u00e0), il numero di identificazione e il numero di previdenza sociale siano in nero. Questo per proteggere la vostra privacy. Valuteremo se \u00e8 possibile rispondere alla vostra richiesta e vi risponderemo il prima possibile.<\/p><p>Cosa succede se la politica sulla privacy di Flykol cambia?<\/p><p>Le norme sulla protezione dei dati e i nostri servizi possono cambiare. Ci riserviamo pertanto il diritto di modificare la presente informativa sulla privacy. L'informativa sulla privacy pi\u00f9 aggiornata \u00e8 sempre disponibile all'indirizzo https:\/\/www.flykol.com.<\/p>","protected":false},"excerpt":{"rendered":"<p>Informativa sulla privacy Questa \u00e8 l'informativa sulla privacy di Flykol. Flykol ha sede in Cina. Flykol \u00e8 responsabile del trattamento dei dati sulla privacy. La presente informativa illustra le nostre condizioni generali relative al trattamento dei dati personali. Descriviamo quali dati tratteremo e come garantiremo la vostra privacy e i vostri diritti. Per sapere quali cookie utilizziamo, leggete la nostra politica sui cookie. La presente informativa riguarda tutti i dati trattati dei visitatori del sito web,[...]<\/p>","protected":false},"author":1,"featured_media":0,"parent":0,"menu_order":0,"comment_status":"closed","ping_status":"open","template":"","meta":{"_acf_changed":false,"footnotes":""},"class_list":["post-3","page","type-page","status-publish","hentry"],"acf":[],"aioseo_notices":[],"_links":{"self":[{"href":"https:\/\/www.flykol.com\/it\/wp-json\/wp\/v2\/pages\/3","targetHints":{"allow":["GET"]}}],"collection":[{"href":"https:\/\/www.flykol.com\/it\/wp-json\/wp\/v2\/pages"}],"about":[{"href":"https:\/\/www.flykol.com\/it\/wp-json\/wp\/v2\/types\/page"}],"author":[{"embeddable":true,"href":"https:\/\/www.flykol.com\/it\/wp-json\/wp\/v2\/users\/1"}],"replies":[{"embeddable":true,"href":"https:\/\/www.flykol.com\/it\/wp-json\/wp\/v2\/comments?post=3"}],"version-history":[{"count":0,"href":"https:\/\/www.flykol.com\/it\/wp-json\/wp\/v2\/pages\/3\/revisions"}],"wp:attachment":[{"href":"https:\/\/www.flykol.com\/it\/wp-json\/wp\/v2\/media?parent=3"}],"curies":[{"name":"wp","href":"https:\/\/api.w.org\/{rel}","templated":true}]}}