{"id":619,"date":"2024-05-05T09:34:34","date_gmt":"2024-05-05T09:34:34","guid":{"rendered":"https:\/\/dehuaw8.sg-host.com\/?post_type=product&#038;p=619"},"modified":"2024-10-10T09:45:26","modified_gmt":"2024-10-10T09:45:26","slug":"48v-lithium-ion-battery-400ah","status":"publish","type":"product","link":"https:\/\/www.flykol.com\/it\/shop\/48v-lithium-ion-battery-400ah\/","title":{"rendered":"Batteria al litio 48V 400AH"},"content":{"rendered":"<p>Il sistema di gestione della batteria incorporato, completamente automatico, garantisce il bilanciamento delle celle, la protezione da sovraccarico o sovra-scarico, il cortocircuito e l'inversione di polarit\u00e0, rendendo la batteria da 48V 400AH una delle batterie al litio pi\u00f9 sicure e avanzate al mondo.<\/p>\n<h2>Batteria al litio 48V 400AH Specifiche:<\/h2>\n<table width=\"566\">\n<tbody>\n<tr>\n<td width=\"283\">Modello<\/td>\n<td width=\"283\">\u00a048100-4P+1<\/td>\n<\/tr>\n<tr>\n<td width=\"283\">Tensione nominale<\/td>\n<td width=\"283\">\u00a051.2\/48V<\/td>\n<\/tr>\n<tr>\n<td width=\"283\">Capacit\u00e0 nominale<\/td>\n<td width=\"283\">\u00a0400Ah<\/td>\n<\/tr>\n<tr>\n<td width=\"283\">Dimensioni (H*L*L)<\/td>\n<td width=\"283\">\u00a01210*680*608 mm<\/td>\n<\/tr>\n<tr>\n<td width=\"283\">peso<\/td>\n<td width=\"283\">\u00a0\/<\/td>\n<\/tr>\n<tr>\n<td width=\"283\">Metodo di ricarica<\/td>\n<td width=\"283\">\u00a0CC\/CP<\/td>\n<\/tr>\n<tr>\n<td width=\"283\">Corrente di carica<\/td>\n<td width=\"283\">\u00a0MAX150A<\/td>\n<\/tr>\n<tr>\n<td width=\"283\">Tensione di spegnimento della carica<\/td>\n<td width=\"283\">\u00a054,6 V<\/td>\n<\/tr>\n<tr>\n<td width=\"283\">Metodo di scarico<\/td>\n<td width=\"283\">\u00a0CC\/CP<\/td>\n<\/tr>\n<tr>\n<td width=\"283\">Corrente di scarica<\/td>\n<td width=\"283\">\u00a0MAX200A<\/td>\n<\/tr>\n<tr>\n<td width=\"283\">Tensione di taglio della scarica<\/td>\n<td width=\"283\">\u00a042V<\/td>\n<\/tr>\n<tr>\n<td width=\"283\">Display<\/td>\n<td width=\"283\">\u00a0LCD<\/td>\n<\/tr>\n<tr>\n<td width=\"283\">Interfaccia di comunicazione<\/td>\n<td width=\"283\">\u00a0485\/232\/CAN<\/td>\n<\/tr>\n<tr>\n<td width=\"283\">Temperatura di lavoro<\/td>\n<td width=\"283\">ricarica: 0-55\u2103, scarica: -20-60\u2103<\/td>\n<\/tr>\n<tr>\n<td width=\"283\">Temperatura di stoccaggio<\/td>\n<td width=\"283\">\u00a00-45\u2103 (ambiente migliore)<\/td>\n<\/tr>\n<tr>\n<td width=\"283\">Umidit\u00e0 di stoccaggio<\/td>\n<td width=\"283\">\u00a05%-95%<\/td>\n<\/tr>\n<tr>\n<td width=\"283\">Stato della spedizione<\/td>\n<td width=\"283\">Tensione: 50-52V SOC: 60%-80%<\/td>\n<\/tr>\n<tr>\n<td width=\"283\">Numero di connessioni in parallelo<\/td>\n<td width=\"283\">4<\/td>\n<\/tr>\n<tr>\n<td width=\"283\">Scatola combinatore<\/td>\n<td width=\"283\">1<\/td>\n<\/tr>\n<\/tbody>\n<\/table>\n<h2>Batteria al litio 48V 400AH Caratteristiche:<\/h2>\n<ul>\n<li>2000-5000 cicli di vita<\/li>\n<li>Maggiori prestazioni di sicurezza<\/li>\n<li>Prestazioni ad alta temperatura<\/li>\n<li>Energia verde senza contaminanti<\/li>\n<li>&lt;3% tasso di autoscarica annuale<\/li>\n<li>Resistente alle vibrazioni e agli urti<\/li>\n<li>Nessun effetto memoria<\/li>\n<li>La batteria lifepo4 da 48 V integra la doppia protezione \"BMS + Safe Board<\/li>\n<li>Struttura di fissaggio a vite brevettata<\/li>\n<li>Buone prestazioni in ambienti difficili<\/li>\n<li>Sistema di gestione intelligente della batteria<\/li>\n<li>Supporta il collegamento in serie o in parallelo<\/li>\n<li>Personalizzare efficacemente una soluzione tecnica<\/li>\n<li>Consegna puntuale e di alta qualit\u00e0<\/li>\n<li>Produttore innovativo e affidabile di batterie al litio<\/li>\n<\/ul>\n<h2>Applicazioni della batteria agli ioni di litio da 48 V<\/h2>\n<p><strong>Veicoli elettrici<\/strong><\/p>\n<p>La batteria agli ioni di litio da 48 V svolge un ruolo fondamentale nell'alimentazione dei veicoli elettrici (EV) grazie alla sua elevata densit\u00e0 energetica, alla capacit\u00e0 di ricarica rapida e alla lunga durata del ciclo. Consente di estendere l'autonomia di guida e fornisce prestazioni affidabili a veicoli elettrici di vario tipo, compresi i veicoli ibridi e ibridi plug-in.<\/p>\n<p><strong>Sistemi di accumulo di energia<\/strong><\/p>\n<p>Grazie alla sua grande capacit\u00e0 e alle efficienti capacit\u00e0 di accumulo di energia, la batteria agli ioni di litio da 48 V \u00e8 ideale per i sistemi di accumulo di energia residenziali, commerciali e industriali. Consente di gestire in modo efficiente le fonti di energia rinnovabile, il trasferimento del carico e le soluzioni di alimentazione di riserva.<\/p>\n<p><strong>Sistemi di energia solare ed eolica<\/strong><\/p>\n<p>L'integrazione della batteria agli ioni di litio da 48 V con i sistemi di energia solare ed eolica migliora la cattura, l'accumulo e l'utilizzo dell'energia. Consente un'alimentazione affidabile fuori rete, riduce la dipendenza dalla rete e massimizza l'utilizzo delle risorse energetiche rinnovabili.<\/p>\n<p><strong>Applicazioni industriali<\/strong><\/p>\n<p>La batteria agli ioni di litio da 48 V trova applicazione in diversi settori industriali, come le telecomunicazioni, le attrezzature per la movimentazione dei materiali e i sistemi di alimentazione ininterrotta (UPS). L'elevata densit\u00e0 energetica, la durata e la capacit\u00e0 di ricarica rapida la rendono adatta agli ambienti industriali pi\u00f9 esigenti.<\/p>\n<h2>Vantaggi della batteria agli ioni di litio da 48 V<\/h2>\n<p><strong>Longevit\u00e0 e alta durata dei cicli<\/strong><\/p>\n<p>La batteria agli ioni di litio da 48 V offre una lunga durata e pu\u00f2 sopportare un elevato numero di cicli di carica e scarica, fornendo un'alimentazione affidabile per un periodo prolungato.<\/p>\n<p><strong>Alta densit\u00e0 energetica<\/strong><\/p>\n<p>Grazie all'elevata densit\u00e0 energetica, la batteria agli ioni di litio da 48 V \u00e8 in grado di immagazzinare una quantit\u00e0 significativa di energia in un formato compatto, consentendo un uso efficiente dello spazio in varie applicazioni.<\/p>\n<p><strong>Capacit\u00e0 di ricarica rapida<\/strong><\/p>\n<p>La batteria agli ioni di litio da 48 V pu\u00f2 essere caricata rapidamente, riducendo i tempi di inattivit\u00e0 e consentendo un rapido intervento per le applicazioni che richiedono una ricarica frequente.<\/p>\n<p><strong>Sicurezza e rispetto dell'ambiente<\/strong><\/p>\n<p>Questa tecnologia di batteria incorpora caratteristiche di sicurezza avanzate per evitare surriscaldamenti, cortocircuiti e altri potenziali rischi. Inoltre, \u00e8 ecologica, in quanto non contiene sostanze pericolose come il piombo o il mercurio.<\/p>\n<h2>SISTEMA DI GESTIONE DELLA BATTERIA<\/h2>\n<p>Ogni batteria \u00e8 dotata di un sistema di gestione della batteria all'avanguardia, che protegge da sovraccarico, sovrascarica, sovraccarico, cortocircuito, sovraccarico generale e protezione da bassa\/alta temperatura.<\/p>\n<ul>\n<li>Capacit\u00e0 della batteria<\/li>\n<li>Tensione della batteria<\/li>\n<li>Corrente della batteria (Ampere)<\/li>\n<li>Stato di carica della batteria (SOC)<\/li>\n<li>Stato di salute della batteria (SOH)<\/li>\n<li>Stato della batteria<\/li>\n<li>Tensione della singola cella<\/li>\n<li>Temperatura della batteria<\/li>\n<li>Cicli della batteria<\/li>\n<\/ul>\n<p><strong>Altre applicazioni:<a href=\"https:\/\/www.flykol.com\/service\/12v-lithium-ion-battery\/\">Batteria al litio da 12 V<\/a>\uff0c<a href=\"https:\/\/www.flykol.com\/service\/24v-lithium-ion-battery\/\">Batteria al litio da 24 V<\/a>\uff0c<a href=\"https:\/\/www.flykol.com\/service\/36v-lithium-ion-battery\/\">Batteria al litio da 36 V<\/a>\uff0c<a href=\"https:\/\/www.flykol.com\/service\/48v-lithium-ion-battery\/\">Batteria al litio da 48 V<\/a>\uff0c<a href=\"https:\/\/www.flykol.com\/service\/solar-lithium-battery\/\">Batteria solare al litio<\/a>\uff0c<a href=\"https:\/\/www.flykol.com\/service\/lithium-trolling-motor-battery\/\">Batteria al litio per trolling motor<\/a>\uff0c<a href=\"https:\/\/www.flykol.com\/service\/golf-cart-lithium-battery\/\">Batteria al litio per carrello da golf<\/a><\/strong>\uff0c<strong><a href=\"https:\/\/www.flykol.com\/service\/rv-lithium-battery\/\">Batteria al litio per camper<\/a><\/strong>\uff0c<strong><a href=\"https:\/\/www.flykol.com\/service\/marine-lithium-battery\/\">Batteria al litio marina<\/a><\/strong><\/p>","protected":false},"excerpt":{"rendered":"<p>La batteria agli ioni di litio da 48V 400AH \u00e8 dotata della pi\u00f9 recente e avanzata tecnologia delle batterie al litio e ferro fosfato - LiFePO4.<\/p>","protected":false},"featured_media":620,"comment_status":"open","ping_status":"closed","template":"","meta":{"_acf_changed":false},"product_cat":[43],"product_tag":[],"class_list":{"0":"post-619","1":"product","2":"type-product","3":"status-publish","4":"has-post-thumbnail","6":"product_cat-48v-lithium-battery","8":"first","9":"instock","10":"sale","11":"shipping-taxable","12":"purchasable","13":"product-type-simple"},"acf":[],"aioseo_notices":[],"_links":{"self":[{"href":"https:\/\/www.flykol.com\/it\/wp-json\/wp\/v2\/product\/619","targetHints":{"allow":["GET"]}}],"collection":[{"href":"https:\/\/www.flykol.com\/it\/wp-json\/wp\/v2\/product"}],"about":[{"href":"https:\/\/www.flykol.com\/it\/wp-json\/wp\/v2\/types\/product"}],"replies":[{"embeddable":true,"href":"https:\/\/www.flykol.com\/it\/wp-json\/wp\/v2\/comments?post=619"}],"version-history":[{"count":0,"href":"https:\/\/www.flykol.com\/it\/wp-json\/wp\/v2\/product\/619\/revisions"}],"wp:featuredmedia":[{"embeddable":true,"href":"https:\/\/www.flykol.com\/it\/wp-json\/wp\/v2\/media\/620"}],"wp:attachment":[{"href":"https:\/\/www.flykol.com\/it\/wp-json\/wp\/v2\/media?parent=619"}],"wp:term":[{"taxonomy":"product_cat","embeddable":true,"href":"https:\/\/www.flykol.com\/it\/wp-json\/wp\/v2\/product_cat?post=619"},{"taxonomy":"product_tag","embeddable":true,"href":"https:\/\/www.flykol.com\/it\/wp-json\/wp\/v2\/product_tag?post=619"}],"curies":[{"name":"wp","href":"https:\/\/api.w.org\/{rel}","templated":true}]}}