{"id":723,"date":"2024-05-05T03:18:47","date_gmt":"2024-05-05T03:18:47","guid":{"rendered":"https:\/\/www.flykol.com\/?post_type=product&#038;p=723"},"modified":"2024-10-10T09:36:56","modified_gmt":"2024-10-10T09:36:56","slug":"12v-100ah-lithium-deep-cycle-battery","status":"publish","type":"product","link":"https:\/\/www.flykol.com\/it\/shop\/12v-100ah-lithium-deep-cycle-battery\/","title":{"rendered":"Batteria al litio da 12 V 100 Ah"},"content":{"rendered":"<p>Realizzata per resistere alle condizioni pi\u00f9 difficili, la batteria al litio Flykol 12V offre prestazioni impressionanti. Utilizzando la tecnologia LiFePO4 (Lithium Iron Phosphate), vanta una potenza doppia, un peso dimezzato e una durata quattro volte superiore rispetto alle batterie al piombo acido sigillate, garantendo un valore eccezionale nel tempo.<\/p>\n<p>Il nostro <a href=\"https:\/\/www.flykol.com\/service\/12v-lithium-ion-battery\/\">Batteria al litio da 12 V 100 Ah<\/a> \u00e8 il compagno ideale per le avventure in barca e in camper. Con un peso di 70% inferiore a quello della maggior parte delle batterie al piombo, offre un notevole risparmio sui costi del carburante e riduce l'affaticamento del corpo. Grazie all'assenza di manutenzione e all'impressionante durata di 3.000-5.000 cicli, questa batteria supera le altre. Le sue caratteristiche uniche, l'ampia applicabilit\u00e0 e i numerosi vantaggi ne fanno una scelta privilegiata per i consumatori.<\/p>\n<p>La batteria intelligente al litio ferro fosfato FlyKol facilita il bilanciamento automatico tra le connessioni in parallelo, garantendo una maggiore flessibilit\u00e0. Dotata di un sistema di gestione intelligente della batteria (BMS) integrato, protegge la batteria LiFePO4 da 12V 100Ah da eventuali anomalie e supervisiona il processo di carica\/scarica. Le celle della batteria all'avanguardia garantiscono una durata prolungata dei cicli e prestazioni di scarica eccezionali. Che si tratti di roulotte, cabine o imbarcazioni, questa batteria agli ioni di litio leggera, autobilanciata, ultra sicura e a lunga durata offre una soluzione senza problemi.<\/p>\n<p><strong>Batteria al litio da 12 V 100 AH SPECIFICHE<\/strong><\/p>\n<table width=\"667\">\n<tbody>\n<tr>\n<td colspan=\"2\" width=\"408\">MODELLO<\/td>\n<td width=\"259\">B-12100<\/td>\n<\/tr>\n<tr>\n<td colspan=\"2\" width=\"408\">Tensione nominale<\/td>\n<td width=\"259\">12.8V<\/td>\n<\/tr>\n<tr>\n<td colspan=\"2\" width=\"408\">Capacit\u00e0 nominale<\/td>\n<td width=\"259\">100Ah<\/td>\n<\/tr>\n<tr>\n<td colspan=\"2\" width=\"408\">Energia nominale<\/td>\n<td width=\"259\">1280Wh<\/td>\n<\/tr>\n<tr>\n<td colspan=\"2\" width=\"408\">Cicli di vita<\/td>\n<td width=\"259\">4000+ (80% DoD per un costo totale di propriet\u00e0 effettivamente inferiore)<\/td>\n<\/tr>\n<tr>\n<td colspan=\"2\" width=\"408\">Tensione di carica consigliata<\/td>\n<td width=\"259\">14.6V<\/td>\n<\/tr>\n<tr>\n<td colspan=\"2\" width=\"408\">Corrente di carica consigliata<\/td>\n<td width=\"259\">20.0A<\/td>\n<\/tr>\n<tr>\n<td colspan=\"2\" width=\"408\">Tensione di fine scarica<\/td>\n<td width=\"259\">10.0V<\/td>\n<\/tr>\n<tr>\n<td rowspan=\"2\" width=\"225\">Metodo standard<\/td>\n<td width=\"183\">Carica<\/td>\n<td width=\"259\">20.0A<\/td>\n<\/tr>\n<tr>\n<td width=\"183\">Scarico<\/td>\n<td width=\"259\">50.0A<\/td>\n<\/tr>\n<tr>\n<td rowspan=\"2\" width=\"225\">Corrente massima continua<\/td>\n<td width=\"183\">Carica<\/td>\n<td width=\"259\">50A\/100A<\/td>\n<\/tr>\n<tr>\n<td width=\"183\">Scarico<\/td>\n<td width=\"259\">50A\/100A<\/td>\n<\/tr>\n<tr>\n<td rowspan=\"2\" width=\"225\">Tensione di spegnimento BMS<\/td>\n<td width=\"183\">Carica<\/td>\n<td width=\"259\">&lt;15,6 V (3,9V\/Cella)<\/td>\n<\/tr>\n<tr>\n<td width=\"183\">Scarico<\/td>\n<td width=\"259\">&gt;8,0 V (2s) (2,0V\/Cella)<\/td>\n<\/tr>\n<tr>\n<td rowspan=\"2\" width=\"225\">Temperatura<\/td>\n<td width=\"183\">Carica<\/td>\n<td width=\"259\">-4 ~ 113 \u2109 (0 ~ 45\u2103 )<\/td>\n<\/tr>\n<tr>\n<td width=\"183\">Scarico<\/td>\n<td width=\"259\">-4 ~ 131 \u2109 (-20 ~ 55 \u2103 )<\/td>\n<\/tr>\n<tr>\n<td colspan=\"2\" width=\"408\">Temperatura di stoccaggio<\/td>\n<td width=\"259\">23~95 \u2109 (-5~35\u2103 )<\/td>\n<\/tr>\n<tr>\n<td colspan=\"2\" width=\"408\">Tensione di spedizione<\/td>\n<td width=\"259\">\u226512.8V<\/td>\n<\/tr>\n<tr>\n<td colspan=\"2\" width=\"408\">Materiale della custodia<\/td>\n<td width=\"259\">ABS+PC<\/td>\n<\/tr>\n<tr>\n<td colspan=\"2\" rowspan=\"2\" width=\"408\">Dimensioni (L x L x A)<\/td>\n<td width=\"259\">320 x 172 x 215 mm<\/td>\n<\/tr>\n<tr>\n<td width=\"259\">12,6 x 6,7 x 8,5\"<\/td>\n<\/tr>\n<tr>\n<td colspan=\"2\" width=\"408\">Peso approssimativo<\/td>\n<td width=\"259\">26,5 libbre (12 kg)<\/td>\n<\/tr>\n<tr>\n<td colspan=\"2\" width=\"408\">Capacit\u00e0 di conservazione della carica e di recupero della capacit\u00e0<\/td>\n<td width=\"259\">Carica standard della batteria, e poi mettere da parte a temperatura ambiente per 28d o 55 \u2103 per 7d, tasso di conservazione della carica\u226590%, tasso di recupero della carica\u226590<\/td>\n<\/tr>\n<\/tbody>\n<\/table>\n<p><strong>12V 100Ah Batteria al litio a ciclo profondo Scenario di applicazione:<\/strong><\/p>\n<ul>\n<li>MOTORI TROLLING<\/li>\n<li>ACCUMULO DI ENERGIA SOLARE<\/li>\n<li>BATTERIA INDUSTRIALE (PREZZO ALL'INGROSSO)<\/li>\n<li>SOSTITUZIONE LIFEPO4 PER 12V<\/li>\n<li>PARETI DOMESTICHE SOLARI ED ELETTRICHE<\/li>\n<li>APPLICAZIONI MARINE<\/li>\n<li>CERCATORI DI PESCE, LAMPEGGIATORI ED ELETTRONICA PER LA NAUTICA<\/li>\n<li>VEICOLI DA DIPORTO<\/li>\n<li>PESCA AL GHIACCIO<\/li>\n<li>ROBOT MOLTO GRANDI<\/li>\n<li>CASE OFF-GRID<\/li>\n<li>SOLO PER APPLICAZIONI A CICLO PROFONDO. NON PER L'AVVIAMENTO DI MOTORI A BENZINA<\/li>\n<\/ul>\n<p><strong>Batteria al litio a ciclo profondo 12V 100Ah Vantaggi:<\/strong><\/p>\n<p><strong>DURATA DI VITA PI\u00d9 LUNGA<\/strong><\/p>\n<p>Le batterie LiFePO4 vivono pi\u00f9 di 2000 cicli a 100%\/8000 cicli a 50% di profondit\u00e0 di scarica, senza diminuire le prestazioni. La vita media delle batterie al piombo-acido \u00e8 di circa due anni (500 cicli) con una scarica di soli 50%.<\/p>\n<p><strong>BMS AUTOMATICO E SENZA MANUTENZIONE<\/strong><\/p>\n<p>Le batterie Weize Li-iron includono la tecnologia Battery Management System (BMS) che protegge la batteria da sovraccarico e scarica, sovracorrente, cortocircuito, nonch\u00e9 da basse e alte temperature per aumentare le prestazioni e prolungare la durata.Le batterie Weize Li-iron includono la tecnologia Battery Management System (BMS) che protegge la batteria da sovraccarico e scarica, sovracorrente, cortocircuito, nonch\u00e9 da basse e alte temperature per aumentare le prestazioni e prolungare la durata.<\/p>\n<p><strong>LEGGERO E VERSATILE<\/strong><\/p>\n<p>Rispetto alle batterie al piombo, le batterie al litio offrono una maggiore densit\u00e0 di energia e hanno una massa pari ad almeno la met\u00e0. Si tratta di un aggiornamento perfetto per qualsiasi batteria Deep Cycle da 12 V e della scelta migliore per molte applicazioni come fish finders, pesca su ghiaccio, campeggio, sistemi solari, sistemi di allarme domestici, scooter elettrici e applicazioni in condizioni di temperature estreme (temperatura di scarica da -4\u2109 a 150\u2109). Caricare la batteria con un caricabatterie al litio dedicato e non pi\u00f9 di 4 batterie in serie o in parallelo.<\/p>\n<p><strong>SICURO E RISPETTOSO DELL'AMBIENTE<\/strong><\/p>\n<p>Realizzata con energia 100% sicura, non tossica e non pericolosa, la batteria Weize LiFePO4 ha una maggiore stabilit\u00e0 chimica, non \u00e8 soggetta a fughe termiche e non si surriscalda o si incendia anche in caso di foratura. Grazie all'assenza di acido nella batteria, \u00e8 possibile montarla in modo sicuro in qualsiasi posizione.<\/p>\n<p><strong>Manutenzione e cura:<\/strong><\/p>\n<ul>\n<li>Per massimizzare la durata e le prestazioni di una batteria al litio da 12 V 100 Ah, si raccomandano le seguenti pratiche di manutenzione:<\/li>\n<li>Evitare il sovraccarico e la sovrascarica: Utilizzare un caricabatterie compatibile ed evitare di superare la tensione di carica raccomandata o di scaricare la batteria oltre i limiti specificati.<\/li>\n<li>Conservare in condizioni adeguate: Conservare la batteria in un ambiente fresco e asciutto, con temperature comprese nell'intervallo consigliato, per evitare la degradazione e garantire prestazioni ottimali.<\/li>\n<li>Ispezione regolare: Ispezionare periodicamente la batteria per individuare eventuali segni di danni fisici, collegamenti allentati o comportamenti anomali. Affrontare tempestivamente qualsiasi problema si presenti.<\/li>\n<\/ul>\n<p><strong>Il miglior valore sul mercato - Batteria al litio ionica 12V 100Ah Deep Cycle<\/strong><\/p>\n<p>La nostra batteria al litio da 12 V 100 Ah \u00e8 il compagno perfetto per le vostre avventure marine e stradali, sia che la utilizziate per il vostro bass boat, per il trolling motor, per il camper o per l'accumulo di energia solare. Con un peso inferiore di 70% rispetto alla maggior parte delle batterie al piombo, nel tempo risparmierete un sacco di soldi sul prezzo del gas, per non parlare dell'usura del vostro corpo.<\/p>\n<p><strong>Caratteristiche di sicurezza al top della gamma<\/strong><\/p>\n<p>Le batterie a ciclo profondo Ionic sono dotate di un sistema di gestione della batteria (BMS) all'avanguardia. Questo sistema contribuisce a garantire la sicurezza della batteria in ogni momento. Controllato da un microprocessore, monitora i principali parametri operativi durante la carica e la scarica in sicurezza. Tra questi, la tensione, la corrente e la temperatura interna. Ad esempio, se la temperatura interna della batteria \u00e8 inferiore allo zero, la batteria \u00e8 abbastanza \"intelligente\" da non accettare la carica.<\/p>\n<p><strong>Progettato per fornire un'alimentazione duratura e affidabile<\/strong><\/p>\n<p>Non per menare il can per l'aia, ma la nostra batteria al litio da 12 V 100 Ah ha una durata compresa tra 3.000 e 5.000 cicli. In media, si tratta di ben 10 anni solari! E non possiamo dimenticare di menzionare la capacit\u00e0. Con il litio, la capacit\u00e0 \u00e8 di 99%. Le tipiche batterie al piombo-acido hanno una capacit\u00e0 media di 50-60%. Ci\u00f2 significa che dovrete caricare la batteria molto pi\u00f9 spesso.<\/p>\n<p>Ma che dire della temperatura? Le batterie a ciclo profondo Flykol sono in grado di gestire le temperature estreme con maggiore facilit\u00e0 rispetto ad altri tipi di batterie. Infatti, le nostre batterie al litio possono scaricarsi da -20 gradi Celsius a 60 gradi Celsius (da -4 gradi Fahrenheit a 140 gradi Fahrenheit). E possono ricevere una carica da 0 a 45 gradi Celsius (da 32 a 113 gradi Fahrenheit).<\/p>\n<p><strong>Monitoraggio della batteria in tempo reale<\/strong><\/p>\n<p>Con l'applicazione Ionic Blue battery, \u00e8 possibile monitorare lo stato della batteria in tempo reale sul proprio telefono. Si tratta di un monitoraggio intelligente dell'energia al massimo. Avete tutte le informazioni in tempo reale che vi servono sulla vostra batteria, direttamente in tasca.<\/p>\n<p><strong>Introduzione ai sistemi di gestione delle batterie (BMS):<\/strong><\/p>\n<p>Un sistema di gestione della batteria (BMS) \u00e8 parte integrante di una configurazione di batterie al litio. Garantisce un funzionamento sicuro ed efficiente della batteria monitorandone i livelli di tensione, temperatura e corrente. Il BMS protegge dal sovraccarico, dalla sovrascarica e dalla temperatura eccessiva, oltre a bilanciare le tensioni delle singole celle all'interno del pacco batteria.<\/p>\n<p><strong>Grafici - 12 V: 12<\/strong><\/p>\n<p><img fetchpriority=\"high\" decoding=\"async\" class=\"alignnone wp-image-724\" src=\"https:\/\/www.flykol.com\/wp-content\/uploads\/2023\/06\/71-1-300x191.jpg\" alt=\"Batteria al litio da 12 V 100 Ah\" width=\"500\" height=\"318\" srcset=\"https:\/\/www.flykol.com\/wp-content\/uploads\/2023\/06\/71-1-300x191.jpg 300w, https:\/\/www.flykol.com\/wp-content\/uploads\/2023\/06\/71-1-768x488.jpg 768w, https:\/\/www.flykol.com\/wp-content\/uploads\/2023\/06\/71-1-770x489.jpg 770w, https:\/\/www.flykol.com\/wp-content\/uploads\/2023\/06\/71-1-600x381.jpg 600w, https:\/\/www.flykol.com\/wp-content\/uploads\/2023\/06\/71-1.jpg 800w\" sizes=\"(max-width: 500px) 100vw, 500px\" \/><img decoding=\"async\" class=\"alignnone wp-image-725\" src=\"https:\/\/www.flykol.com\/wp-content\/uploads\/2023\/06\/72-2-300x191.jpg\" alt=\"Batteria al litio da 12 V 100 Ah\" width=\"500\" height=\"319\" srcset=\"https:\/\/www.flykol.com\/wp-content\/uploads\/2023\/06\/72-2-300x191.jpg 300w, https:\/\/www.flykol.com\/wp-content\/uploads\/2023\/06\/72-2-768x490.jpg 768w, https:\/\/www.flykol.com\/wp-content\/uploads\/2023\/06\/72-2-770x491.jpg 770w, https:\/\/www.flykol.com\/wp-content\/uploads\/2023\/06\/72-2-600x383.jpg 600w, https:\/\/www.flykol.com\/wp-content\/uploads\/2023\/06\/72-2.jpg 800w\" sizes=\"(max-width: 500px) 100vw, 500px\" \/><\/p>\n<p><img decoding=\"async\" class=\"alignnone wp-image-726\" src=\"https:\/\/www.flykol.com\/wp-content\/uploads\/2023\/06\/73-2-300x181.jpg\" alt=\"Batteria al litio da 12 V 100 Ah\" width=\"500\" height=\"302\" srcset=\"https:\/\/www.flykol.com\/wp-content\/uploads\/2023\/06\/73-2-300x181.jpg 300w, https:\/\/www.flykol.com\/wp-content\/uploads\/2023\/06\/73-2-768x464.jpg 768w, https:\/\/www.flykol.com\/wp-content\/uploads\/2023\/06\/73-2-770x465.jpg 770w, https:\/\/www.flykol.com\/wp-content\/uploads\/2023\/06\/73-2-600x362.jpg 600w, https:\/\/www.flykol.com\/wp-content\/uploads\/2023\/06\/73-2.jpg 800w\" sizes=\"(max-width: 500px) 100vw, 500px\" \/><img loading=\"lazy\" decoding=\"async\" class=\"alignnone wp-image-727\" src=\"https:\/\/www.flykol.com\/wp-content\/uploads\/2023\/06\/74-2-300x191.jpg\" alt=\"Batteria al litio da 12 V 100 Ah\" width=\"500\" height=\"318\" srcset=\"https:\/\/www.flykol.com\/wp-content\/uploads\/2023\/06\/74-2-300x191.jpg 300w, https:\/\/www.flykol.com\/wp-content\/uploads\/2023\/06\/74-2-768x489.jpg 768w, https:\/\/www.flykol.com\/wp-content\/uploads\/2023\/06\/74-2-770x490.jpg 770w, https:\/\/www.flykol.com\/wp-content\/uploads\/2023\/06\/74-2-600x382.jpg 600w, https:\/\/www.flykol.com\/wp-content\/uploads\/2023\/06\/74-2.jpg 800w\" sizes=\"(max-width: 500px) 100vw, 500px\" \/><\/p>\n<p><strong>Conclusione:<\/strong><\/p>\n<p>La batteria al litio da 12 V 100 Ah offre una serie di caratteristiche, applicazioni e vantaggi che la rendono una scelta convincente per vari settori ed esigenze di energia. L'elevata densit\u00e0 energetica, la lunga durata dei cicli e l'assenza di manutenzione ne fanno una soluzione di accumulo energetico affidabile ed efficiente. Con una cura adeguata, il rispetto delle linee guida sulla sicurezza e l'integrazione con un sistema di gestione della batteria adeguato, la batteria al litio da 12 V 100 Ah pu\u00f2 fornire energia affidabile per un'ampia gamma di applicazioni.<\/p>\n<p><strong>FAQs: domande e risposte<\/strong><\/p>\n<p><strong>Quanto dura una batteria al litio da 12V 100Ah?<\/strong><\/p>\n<p>La capacit\u00e0 di riserva delle batterie al litio a ciclo profondo da 12 V 100 Ah \u00e8 solitamente di circa 240 minuti: queste batterie sono in grado di fornire 25 Ampere per 4 ore.<\/p>\n<p><strong>Per quanto tempo \u00e8 possibile far funzionare un televisore con una batteria da 100Ah?<\/strong><\/p>\n<p>Il tempo di funzionamento della batteria dipende da una serie di fattori, come il consumo di energia del televisore e l'efficienza dell'inverter. In base ai miei test, direi che, in media, un televisore pu\u00f2 funzionare per circa 15-20 ore consecutive con una batteria al litio da 12V 100Ah.<\/p>\n<p><strong>Posso utilizzare un caricabatterie al litio per questa batteria?<\/strong><\/p>\n<p>S\u00ec, \u00e8 necessario utilizzare un caricabatterie specificamente progettato per le batterie al litio per garantire una carica sicura ed efficiente. Le batterie al litio richiedono un caricabatterie in grado di fornire l'algoritmo di carica e i limiti di tensione appropriati per evitare il sovraccarico e ottimizzare le prestazioni della batteria. L'uso di un caricabatterie progettato per altre batterie chimiche, come quelle al piombo, potrebbe non garantire i parametri di carica corretti e danneggiare la batteria al litio.<\/p>\n<p><strong>Qual \u00e8 l'intervallo di temperatura di funzionamento consigliato?<\/strong><\/p>\n<p>La temperatura di esercizio consigliata per una batteria al litio da 12 V 100 Ah \u00e8 solitamente compresa tra -20\u00b0C e 60\u00b0C (da -4\u00b0F a 140\u00b0F). Il funzionamento della batteria entro questo intervallo di temperatura contribuisce a mantenerne le prestazioni ottimali e la longevit\u00e0. Temperature estreme, troppo calde o troppo fredde, possono influire sulla capacit\u00e0, sulla durata del ciclo e sulle prestazioni complessive della batteria. \u00c8 importante notare che le temperature elevate possono accelerare il processo di invecchiamento e ridurre la durata della batteria.<\/p>\n<p><strong>Posso collegare pi\u00f9 batterie in parallelo?<\/strong><\/p>\n<p>S\u00ec, \u00e8 possibile collegare in parallelo pi\u00f9 batterie al litio da 12 V 100 Ah per aumentare la capacit\u00e0 complessiva o per ottenere una maggiore corrente di uscita. Quando si collegano le batterie in parallelo, \u00e8 fondamentale assicurarsi che abbiano la stessa tensione nominale, capacit\u00e0 e stato di carica. Inoltre, un cablaggio adeguato e il bilanciamento tra le batterie sono essenziali per garantire una distribuzione equa delle correnti di carico e di ricarica. L'utilizzo di un sistema di gestione delle batterie o di un bilanciatore di batterie pu\u00f2 aiutare a monitorare e mantenere l'equilibrio tra le batterie collegate in parallelo.<\/p>\n<p><strong>Altre applicazioni:<a href=\"https:\/\/www.flykol.com\/service\/12v-lithium-ion-battery\/\">Batteria al litio da 12 V<\/a>\uff0c<a href=\"https:\/\/www.flykol.com\/service\/24v-lithium-ion-battery\/\">Batteria al litio da 24 V<\/a>\uff0c<a href=\"https:\/\/www.flykol.com\/service\/36v-lithium-ion-battery\/\">Batteria al litio da 36 V<\/a>\uff0c<a href=\"https:\/\/www.flykol.com\/service\/48v-lithium-ion-battery\/\">Batteria al litio da 48 V<\/a>\uff0c<a href=\"https:\/\/www.flykol.com\/service\/solar-lithium-battery\/\">Batteria solare al litio<\/a>\uff0c<a href=\"https:\/\/www.flykol.com\/service\/lithium-trolling-motor-battery\/\">Batteria al litio per trolling motor<\/a>\uff0c<a href=\"https:\/\/www.flykol.com\/service\/golf-cart-lithium-battery\/\">Batteria al litio per carrello da golf<\/a><\/strong>\uff0c<strong><a href=\"https:\/\/www.flykol.com\/service\/rv-lithium-battery\/\">Batteria al litio per camper<\/a><\/strong>\uff0c<strong><a href=\"https:\/\/www.flykol.com\/service\/marine-lithium-battery\/\">Batteria al litio marina<\/a><\/strong><\/p>","protected":false},"excerpt":{"rendered":"<p>La batteria al litio da 12 V 100 Ah \u00e8 una soluzione potente e versatile per l'accumulo di energia che ha guadagnato popolarit\u00e0 in vari settori industriali. Con la massima sicurezza, flessibilit\u00e0 e versatilit\u00e0, queste batterie LiFePO4 possono essere cablate in serie o in parallelo e installate in qualsiasi posizione, orientamento o spazio. Le batterie FlyKol sono realizzate all'insegna della qualit\u00e0.<\/p>","protected":false},"featured_media":728,"comment_status":"open","ping_status":"closed","template":"","meta":{"_acf_changed":false},"product_cat":[44],"product_tag":[],"class_list":{"0":"post-723","1":"product","2":"type-product","3":"status-publish","4":"has-post-thumbnail","6":"product_cat-12v-lithium-battery","8":"first","9":"instock","10":"sale","11":"shipping-taxable","12":"purchasable","13":"product-type-simple"},"acf":[],"aioseo_notices":[],"_links":{"self":[{"href":"https:\/\/www.flykol.com\/it\/wp-json\/wp\/v2\/product\/723","targetHints":{"allow":["GET"]}}],"collection":[{"href":"https:\/\/www.flykol.com\/it\/wp-json\/wp\/v2\/product"}],"about":[{"href":"https:\/\/www.flykol.com\/it\/wp-json\/wp\/v2\/types\/product"}],"replies":[{"embeddable":true,"href":"https:\/\/www.flykol.com\/it\/wp-json\/wp\/v2\/comments?post=723"}],"version-history":[{"count":2,"href":"https:\/\/www.flykol.com\/it\/wp-json\/wp\/v2\/product\/723\/revisions"}],"predecessor-version":[{"id":836,"href":"https:\/\/www.flykol.com\/it\/wp-json\/wp\/v2\/product\/723\/revisions\/836"}],"wp:featuredmedia":[{"embeddable":true,"href":"https:\/\/www.flykol.com\/it\/wp-json\/wp\/v2\/media\/728"}],"wp:attachment":[{"href":"https:\/\/www.flykol.com\/it\/wp-json\/wp\/v2\/media?parent=723"}],"wp:term":[{"taxonomy":"product_cat","embeddable":true,"href":"https:\/\/www.flykol.com\/it\/wp-json\/wp\/v2\/product_cat?post=723"},{"taxonomy":"product_tag","embeddable":true,"href":"https:\/\/www.flykol.com\/it\/wp-json\/wp\/v2\/product_tag?post=723"}],"curies":[{"name":"wp","href":"https:\/\/api.w.org\/{rel}","templated":true}]}}