{"id":739,"date":"2023-06-13T07:16:41","date_gmt":"2023-06-13T07:16:41","guid":{"rendered":"https:\/\/www.flykol.com\/?post_type=product&#038;p=739"},"modified":"2024-10-10T09:38:51","modified_gmt":"2024-10-10T09:38:51","slug":"12v-300ah-lithium-ion-battery","status":"publish","type":"product","link":"https:\/\/www.flykol.com\/it\/shop\/12v-300ah-lithium-ion-battery\/","title":{"rendered":"Batteria agli ioni di litio da 12 V 300 Ah"},"content":{"rendered":"<p>La batteria agli ioni di litio da 12 V 300 Ah \u00e8 una batteria ricaricabile ad alta capacit\u00e0 che offre numerosi vantaggi rispetto alle tradizionali batterie al piombo. LiFePO4 consente inoltre una scarica di 100%, mentre le batterie al piombo non possono essere scaricate oltre 50% senza danneggiare la batteria. Se si acquista una batteria al piombo da 300Ah, si ottengono solo 150Ah utilizzabili. Le batterie LiFePO4 da 12v 300Ah forniscono 100% degli Ampere disponibili, senza effetti negativi sulla batteria.<\/p>\n<p>Il LiFePO4 offre 2500-7000 cicli di carica a seconda della profondit\u00e0 di carica per ciclo, mentre il piombo-acido si esaurisce in genere dopo 200-300 cicli di carica.La batteria LiFePO4 12V 300 Ah \u00e8 un sostituto di primo impianto della batteria al piombo-acido. Queste batterie hanno una durata maggiore, un peso inferiore, una potenza pi\u00f9 efficiente e una versatilit\u00e0 a tutto tondo. Collegare pi\u00f9 batterie in parallelo per aumentare la capacit\u00e0 di stoccaggio.<\/p>\n<h2>Batteria agli ioni di litio da 12 V 300 Ah Specifiche:<\/h2>\n<table width=\"618\">\n<tbody>\n<tr>\n<td colspan=\"2\" width=\"350\">MODELLO<\/td>\n<td width=\"268\">B-12300<\/td>\n<\/tr>\n<tr>\n<td colspan=\"2\" width=\"350\">Tensione nominale<\/td>\n<td width=\"268\">12.8V<\/td>\n<\/tr>\n<tr>\n<td colspan=\"2\" width=\"350\">Capacit\u00e0 nominale<\/td>\n<td width=\"268\">300Ah<\/td>\n<\/tr>\n<tr>\n<td colspan=\"2\" width=\"350\">Energia nominale<\/td>\n<td width=\"268\">3840Wh<\/td>\n<\/tr>\n<tr>\n<td colspan=\"2\" width=\"350\">Cicli di vita<\/td>\n<td width=\"268\">4000+ (80% DoD per un costo totale di propriet\u00e0 effettivamente inferiore)<\/td>\n<\/tr>\n<tr>\n<td colspan=\"2\" width=\"350\">Tensione di carica consigliata<\/td>\n<td width=\"268\">14.6V<\/td>\n<\/tr>\n<tr>\n<td colspan=\"2\" width=\"350\">Corrente di carica consigliata<\/td>\n<td width=\"268\">20.0A<\/td>\n<\/tr>\n<tr>\n<td colspan=\"2\" width=\"350\">Tensione di fine scarica<\/td>\n<td width=\"268\">10.0V<\/td>\n<\/tr>\n<tr>\n<td rowspan=\"2\" width=\"149\">Metodo standard<\/td>\n<td width=\"201\">Carica<\/td>\n<td width=\"268\">40.0A<\/td>\n<\/tr>\n<tr>\n<td width=\"201\">Scarico<\/td>\n<td width=\"268\">100.0A<\/td>\n<\/tr>\n<tr>\n<td rowspan=\"2\" width=\"149\">Corrente massima continua<\/td>\n<td width=\"201\">Carica<\/td>\n<td width=\"268\">200.0A<\/td>\n<\/tr>\n<tr>\n<td width=\"201\">Scarico<\/td>\n<td width=\"268\">200.0A<\/td>\n<\/tr>\n<tr>\n<td rowspan=\"2\" width=\"149\">Tensione di spegnimento BMS<\/td>\n<td width=\"201\">Carica<\/td>\n<td width=\"268\">&lt;15,6 V (3,9V\/Cella)<\/td>\n<\/tr>\n<tr>\n<td width=\"201\">Scarico<\/td>\n<td width=\"268\">&gt;8,0 V (2s) (2,0V\/Cella)<\/td>\n<\/tr>\n<tr>\n<td rowspan=\"2\" width=\"149\">Temperatura<\/td>\n<td width=\"201\">Carica<\/td>\n<td width=\"268\">-4 ~ 113 \u2109 (0 ~ 45\u2103 )<\/td>\n<\/tr>\n<tr>\n<td width=\"201\">Scarico<\/td>\n<td width=\"268\">-4 ~ 131 \u2109 (-20 ~ 55 \u2103 )<\/td>\n<\/tr>\n<tr>\n<td colspan=\"2\" width=\"350\">Temperatura di stoccaggio<\/td>\n<td width=\"268\">23~95 \u2109 (-5~35\u2103 )<\/td>\n<\/tr>\n<tr>\n<td colspan=\"2\" width=\"350\">Tensione di spedizione<\/td>\n<td width=\"268\">\u226512.8V<\/td>\n<\/tr>\n<tr>\n<td colspan=\"2\" width=\"350\">Materiale della custodia<\/td>\n<td width=\"268\">ABS+PC<\/td>\n<\/tr>\n<tr>\n<td colspan=\"2\" rowspan=\"2\" width=\"350\">Dimensioni (L x L x A)<\/td>\n<td width=\"268\">483 x 170 x 240 mm<\/td>\n<\/tr>\n<tr>\n<td width=\"268\">19.0 x 6.7 x 9.4\"<\/td>\n<\/tr>\n<tr>\n<td colspan=\"2\" width=\"350\">Peso approssimativo<\/td>\n<td width=\"268\">23 kg (50,7 libbre)<\/td>\n<\/tr>\n<tr>\n<td colspan=\"2\" width=\"350\">Capacit\u00e0 di conservazione della carica e di recupero della capacit\u00e0<\/td>\n<td width=\"268\">Carica standard della batteria, e poi mettere da parte a temperatura ambiente per 28d o 55 \u2103 per 7d, tasso di conservazione della carica\u226590%, tasso di recupero della carica\u226590<\/td>\n<\/tr>\n<\/tbody>\n<\/table>\n<h2>Batteria agli ioni di litio da 12 V 300 Ah Applicazioni:<\/h2>\n<p><strong>La batteria agli ioni di litio da 12V 300Ah trova applicazione in diversi settori e industrie, tra cui:<\/strong><\/p>\n<p>L'applicazione di questa batteria al litio-ferro-fosfato 12v300ah \u00e8 principalmente in camper, marina, golf, impianti solari, fotovoltaico off-grid e altre applicazioni. Pu\u00f2 essere un buon sostituto del piombo e dell'acido e portare nuovi standard energetici per l'elettricit\u00e0 domestica, aziendale e industriale.<\/p>\n<p><strong>Caratteristiche<\/strong><\/p>\n<ul>\n<li><strong>Raddoppio della capacit\u00e0:<\/strong> Il nostro <a href=\"https:\/\/www.flykol.com\/service\/12v-lithium-ion-battery\/\">Batteria al litio da 12 V<\/a> \u00e8 caratterizzato da un'efficienza di andata e ritorno di 92% e fornisce una potenza doppia rispetto alla batteria al piombo.<\/li>\n<li><strong>Durata di vita estesa:<\/strong> La nostra batteria agli ioni di litio da 12 V ha una durata di 2.000 colpi, pi\u00f9 volte superiore a quella delle batterie al piombo.<\/li>\n<li><strong>BMS di qualit\u00e0:<\/strong> Il nostro BMS di alta qualit\u00e0 offre una corrente di scarica continua massima di 150A, ottimizza ogni cella e monitora le prestazioni della batteria LiFePO4.<\/li>\n<li><strong>Mantenere il controllo:<\/strong> Tenete sotto controllo il livello di carica e la tensione della vostra batteria ricaricabile da 12 V in qualsiasi momento grazie al misuratore di volt incorporato.<\/li>\n<li><strong>Alimentazione per le vostre esigenze:<\/strong> Con una corrente di scarica a impulsi massima di 300A(\u22645S), la nostra batteria LiFePO4 pu\u00f2 alimentare apparecchi ad alta potenza come il forno per pizza o l'asciugacapelli.<\/li>\n<li><strong>Ricarica rapida:<\/strong> La nostra batteria agli ioni di litio da 12 V si ricarica molto pi\u00f9 rapidamente della tradizionale batteria al piombo, grazie alla sua minore resistenza interna.<\/li>\n<li><strong>Lunga durata di conservazione:<\/strong> Questa batteria Flykol LiFePO4 ha un basso tasso di autoscarica, il che significa che pu\u00f2 essere lasciata inutilizzata per lunghi periodi di tempo.<\/li>\n<li><strong>Ampio intervallo di temperatura:<\/strong> La nostra batteria ricaricabile da 12 V funziona benissimo tra -10\u2103 e 45\u2103, rappresentando una scelta affidabile per intervalli di temperatura pi\u00f9 ampi.<\/li>\n<li><strong>Liberate il vostro potenziale di potere:<\/strong> Massimizzate le prestazioni dell'apparecchio e ottenete di pi\u00f9 collegando 2 batterie in parallelo o 4 in serie.<\/li>\n<li><strong>Leggero e portatile:<\/strong> Con un peso inferiore alla met\u00e0 di quello di una batteria al piombo equivalente, la nostra batteria al litio da 12 V \u00e8 facile da trasportare.<\/li>\n<\/ul>\n<h2>Batteria agli ioni di litio da 12V 300Ah Vantaggi:<\/h2>\n<p><strong>Alta densit\u00e0 energetica<\/strong><\/p>\n<p>Uno dei principali vantaggi della tecnologia delle batterie LiFePO4 \u00e8 l'elevata densit\u00e0 energetica, che consente di immagazzinare pi\u00f9 energia per unit\u00e0 di volume o peso rispetto alle tradizionali batterie al piombo-acido. La batteria da 12V 300Ah ha una capacit\u00e0 di 300Ah, che si traduce in 3840Wh di energia, consentendo di alimentare i dispositivi per lunghi periodi senza necessit\u00e0 di ricarica.<\/p>\n<p><strong>Lunga durata del ciclo<\/strong><\/p>\n<p>Un altro vantaggio della batteria al litio LiFePO4 da 12V 300Ah \u00e8 la sua maggiore durata. Mentre la batteria tradizionale al piombo pu\u00f2 durare in media 3-5 anni, la batteria LiFePO4 pu\u00f2 durare fino a 10 anni o con un ciclo di ricarica di 4.000 volte, a seconda dell'utilizzo. Questo rende la batteria un ottimo investimento a lungo termine per chi ha bisogno di una fonte di energia affidabile e duratura.<\/p>\n<p><strong>Ricarica e scarica rapida<\/strong><\/p>\n<p>La batteria al litio LiFePO4 da 12V 300Ah \u00e8 caratterizzata da un'elevata velocit\u00e0 di carica e scarica, fino a 4 volte superiore a quella del piombo-acido, per caricare o scaricare la batteria in modo rapido ed efficiente. Questo \u00e8 utile nei casi in cui si utilizza l'energia solare per la ricarica e nei periodi di picco della domanda.<\/p>\n<p><strong>Design leggero e compatto<\/strong><\/p>\n<p>Rispetto alle batterie al piombo di capacit\u00e0 simile, la batteria al litio LiFePO4 da 12V 300Ah \u00e8 notevolmente pi\u00f9 leggera e compatta, il che ne facilita il trasporto e l'installazione. La batteria pesa solo 60 libbre, il che la rende un'ottima scelta per le applicazioni di alimentazione portatili.<\/p>\n<p><strong>Celle della batteria e BMS<\/strong><\/p>\n<p>La batteria al litio LiFePO4 da 12V 300Ah contiene celle prismatiche con una maggiore densit\u00e0 di energia, prestazioni pi\u00f9 stabili e maggiore potenza rispetto alle batterie al piombo. La batteria \u00e8 dotata di un BMS integrato da 200A per proteggere la batteria LiFePO4 da sovraccarico, sovrascarico, sovracorrente e cortocircuito.<\/p>\n<h2>Panoramica del sistema di gestione delle batterie (BMS):<\/h2>\n<p>Il sistema di gestione della batteria \u00e8 un componente essenziale di un pacco batterie agli ioni di litio. Garantisce il funzionamento sicuro ed efficiente della batteria monitorando e controllando vari parametri come tensione, corrente e temperatura. Il BMS fornisce anche funzioni come il bilanciamento delle celle, la protezione da sovraccarico e la prevenzione dei cortocircuiti.<\/p>\n<p>La batteria agli ioni di litio da 12 V 300 Ah offre un'elevata capacit\u00e0, un design leggero, una ricarica rapida e una lunga durata del ciclo, che la rendono una scelta eccellente per diverse applicazioni. Con una manutenzione adeguata, un sistema di gestione della batteria affidabile e funzioni di sicurezza integrate, queste batterie forniscono soluzioni di stoccaggio dell'energia efficienti e sicure per diversi settori.<\/p>\n<h2>Prestazioni della batteria agli ioni di litio da 12 V 300 Ah<\/h2>\n<p><img fetchpriority=\"high\" decoding=\"async\" class=\"alignnone wp-image-864\" src=\"https:\/\/www.flykol.com\/wp-content\/uploads\/2023\/06\/b1-300x149.png\" alt=\"Prestazioni della batteria agli ioni di litio da 12 V 300 Ah\" width=\"500\" height=\"249\" srcset=\"https:\/\/www.flykol.com\/wp-content\/uploads\/2023\/06\/b1-300x149.png 300w, https:\/\/www.flykol.com\/wp-content\/uploads\/2023\/06\/b1-768x383.png 768w, https:\/\/www.flykol.com\/wp-content\/uploads\/2023\/06\/b1-18x9.png 18w, https:\/\/www.flykol.com\/wp-content\/uploads\/2023\/06\/b1-770x384.png 770w, https:\/\/www.flykol.com\/wp-content\/uploads\/2023\/06\/b1-600x299.png 600w, https:\/\/www.flykol.com\/wp-content\/uploads\/2023\/06\/b1.png 789w\" sizes=\"(max-width: 500px) 100vw, 500px\" \/><img decoding=\"async\" class=\"alignnone wp-image-865\" src=\"https:\/\/www.flykol.com\/wp-content\/uploads\/2023\/06\/b2-300x145.png\" alt=\"Prestazioni della batteria agli ioni di litio da 12 V 300 Ah\" width=\"500\" height=\"242\" srcset=\"https:\/\/www.flykol.com\/wp-content\/uploads\/2023\/06\/b2-300x145.png 300w, https:\/\/www.flykol.com\/wp-content\/uploads\/2023\/06\/b2-768x371.png 768w, https:\/\/www.flykol.com\/wp-content\/uploads\/2023\/06\/b2-18x9.png 18w, https:\/\/www.flykol.com\/wp-content\/uploads\/2023\/06\/b2-790x384.png 790w, https:\/\/www.flykol.com\/wp-content\/uploads\/2023\/06\/b2-770x372.png 770w, https:\/\/www.flykol.com\/wp-content\/uploads\/2023\/06\/b2-600x290.png 600w, https:\/\/www.flykol.com\/wp-content\/uploads\/2023\/06\/b2.png 794w\" sizes=\"(max-width: 500px) 100vw, 500px\" \/><\/p>\n<p><img decoding=\"async\" class=\"alignnone wp-image-866\" src=\"https:\/\/www.flykol.com\/wp-content\/uploads\/2023\/06\/b3-300x148.png\" alt=\"\" width=\"500\" height=\"246\" srcset=\"https:\/\/www.flykol.com\/wp-content\/uploads\/2023\/06\/b3-300x148.png 300w, https:\/\/www.flykol.com\/wp-content\/uploads\/2023\/06\/b3-768x378.png 768w, https:\/\/www.flykol.com\/wp-content\/uploads\/2023\/06\/b3-18x9.png 18w, https:\/\/www.flykol.com\/wp-content\/uploads\/2023\/06\/b3-770x379.png 770w, https:\/\/www.flykol.com\/wp-content\/uploads\/2023\/06\/b3-600x295.png 600w, https:\/\/www.flykol.com\/wp-content\/uploads\/2023\/06\/b3.png 791w\" sizes=\"(max-width: 500px) 100vw, 500px\" \/><img loading=\"lazy\" decoding=\"async\" class=\"alignnone wp-image-867\" src=\"https:\/\/www.flykol.com\/wp-content\/uploads\/2023\/06\/b4-300x147.png\" alt=\"\" width=\"500\" height=\"245\" srcset=\"https:\/\/www.flykol.com\/wp-content\/uploads\/2023\/06\/b4-300x147.png 300w, https:\/\/www.flykol.com\/wp-content\/uploads\/2023\/06\/b4-768x376.png 768w, https:\/\/www.flykol.com\/wp-content\/uploads\/2023\/06\/b4-18x9.png 18w, https:\/\/www.flykol.com\/wp-content\/uploads\/2023\/06\/b4-770x377.png 770w, https:\/\/www.flykol.com\/wp-content\/uploads\/2023\/06\/b4-600x294.png 600w, https:\/\/www.flykol.com\/wp-content\/uploads\/2023\/06\/b4.png 782w\" sizes=\"(max-width: 500px) 100vw, 500px\" \/><\/p>\n<p><strong>Domande frequenti:<\/strong><\/p>\n<p><strong>Posso utilizzare una batteria agli ioni di litio in parallelo con un'altra batteria?<\/strong><\/p>\n<p>I collegamenti in parallelo devono essere eseguiti solo con batterie identiche e sotto un'adeguata supervisione per evitare squilibri e potenziali danni.<\/p>\n<p><strong>Qual \u00e8 il tempo di ricarica previsto per una batteria agli ioni di litio da 12V 300Ah?<\/strong><\/p>\n<p>I tempi di ricarica possono variare in base alle specifiche del caricabatterie e al livello di carica attuale della batteria. In genere, sono necessarie diverse ore per caricare completamente una batteria da 12V 300Ah.<\/p>\n<p><strong>Posso utilizzare un normale caricabatterie per batterie al piombo per una batteria agli ioni di litio?<\/strong><\/p>\n<p>No, le batterie agli ioni di litio richiedono caricabatterie appositamente progettati. L'uso di un caricabatterie per batterie al piombo pu\u00f2 danneggiare la batteria agli ioni di litio o comportare rischi per la sicurezza.<\/p>\n<p><strong>Di quanti watt solari ho bisogno per caricare una batteria da 12V 300Ah?<\/strong><\/p>\n<p>Sono necessari almeno 8 pannelli solari da 100 W per caricare completamente una batteria da 12V 300ah in 5 ore. Se la batteria \u00e8 scarica solo da 50%, sar\u00e0 pronta in circa 2,5 ore. Le batterie al litio a ciclo profondo hanno un tasso di scarica di 85-100% e sono pi\u00f9 efficienti.<\/p>\n<p><strong>Altre applicazioni:<a href=\"https:\/\/www.flykol.com\/service\/12v-lithium-ion-battery\/\">Batteria al litio da 12 V<\/a>\uff0c<a href=\"https:\/\/www.flykol.com\/service\/24v-lithium-ion-battery\/\">Batteria al litio da 24 V<\/a>\uff0c<a href=\"https:\/\/www.flykol.com\/service\/36v-lithium-ion-battery\/\">Batteria al litio da 36 V<\/a>\uff0c<a href=\"https:\/\/www.flykol.com\/service\/48v-lithium-ion-battery\/\">Batteria al litio da 48 V<\/a>\uff0c<a href=\"https:\/\/www.flykol.com\/service\/solar-lithium-battery\/\">Batteria solare al litio<\/a>\uff0c<a href=\"https:\/\/www.flykol.com\/service\/lithium-trolling-motor-battery\/\">Batteria al litio per trolling motor<\/a>\uff0c<a href=\"https:\/\/www.flykol.com\/service\/golf-cart-lithium-battery\/\">Batteria al litio per carrello da golf<\/a><\/strong>\uff0c<strong><a href=\"https:\/\/www.flykol.com\/service\/rv-lithium-battery\/\">Batteria al litio per camper<\/a><\/strong>\uff0c<strong><a href=\"https:\/\/www.flykol.com\/service\/marine-lithium-battery\/\">Batteria al litio marina<\/a><\/strong><\/p>","protected":false},"excerpt":{"rendered":"<ul>\n<li>BMS incorporato da 300 A: protegge da sovraccarico, sovrascarico, sovracorrente e cortocircuito con un eccellente tasso di autoscarica.<\/li>\n<li>Celle LiFePO4 di grado A: Sicurezza di altissimo livello basata sul certificato di collaudo UL per le celle all'interno della batteria, con densit\u00e0 energetica pi\u00f9 elevata, prestazioni pi\u00f9 stabili e maggiore potenza.<\/li>\n<li>Classe di protezione IP65: Realizzato con plastica ABS di qualit\u00e0, ha un'ampia gamma di temperature di esercizio: Carica: 0\u00b0C a 50\u00b0C (32\u00b0F a 122\u00b0F); scarica: -20\u00b0C a 60\u00b0C (-4\u00b0F a 140\u00b0F), il livello di impermeabilit\u00e0 IP65 vi libera dalla preoccupazione di installare la batteria all'interno o all'esterno.<\/li>\n<\/ul>","protected":false},"featured_media":740,"comment_status":"open","ping_status":"closed","template":"","meta":{"_acf_changed":false},"product_cat":[44],"product_tag":[],"class_list":{"0":"post-739","1":"product","2":"type-product","3":"status-publish","4":"has-post-thumbnail","6":"product_cat-12v-lithium-battery","8":"first","9":"instock","10":"sale","11":"shipping-taxable","12":"purchasable","13":"product-type-simple"},"acf":[],"aioseo_notices":[],"_links":{"self":[{"href":"https:\/\/www.flykol.com\/it\/wp-json\/wp\/v2\/product\/739","targetHints":{"allow":["GET"]}}],"collection":[{"href":"https:\/\/www.flykol.com\/it\/wp-json\/wp\/v2\/product"}],"about":[{"href":"https:\/\/www.flykol.com\/it\/wp-json\/wp\/v2\/types\/product"}],"replies":[{"embeddable":true,"href":"https:\/\/www.flykol.com\/it\/wp-json\/wp\/v2\/comments?post=739"}],"version-history":[{"count":1,"href":"https:\/\/www.flykol.com\/it\/wp-json\/wp\/v2\/product\/739\/revisions"}],"predecessor-version":[{"id":838,"href":"https:\/\/www.flykol.com\/it\/wp-json\/wp\/v2\/product\/739\/revisions\/838"}],"wp:featuredmedia":[{"embeddable":true,"href":"https:\/\/www.flykol.com\/it\/wp-json\/wp\/v2\/media\/740"}],"wp:attachment":[{"href":"https:\/\/www.flykol.com\/it\/wp-json\/wp\/v2\/media?parent=739"}],"wp:term":[{"taxonomy":"product_cat","embeddable":true,"href":"https:\/\/www.flykol.com\/it\/wp-json\/wp\/v2\/product_cat?post=739"},{"taxonomy":"product_tag","embeddable":true,"href":"https:\/\/www.flykol.com\/it\/wp-json\/wp\/v2\/product_tag?post=739"}],"curies":[{"name":"wp","href":"https:\/\/api.w.org\/{rel}","templated":true}]}}