{"id":3,"date":"2023-06-05T11:22:01","date_gmt":"2023-06-05T11:22:01","guid":{"rendered":"http:\/\/lanyuewp.com:88\/greenly\/?page_id=3"},"modified":"2023-06-12T14:47:24","modified_gmt":"2023-06-12T14:47:24","slug":"privacy-policy","status":"publish","type":"page","link":"https:\/\/www.flykol.com\/pt\/privacy-policy\/","title":{"rendered":"Pol\u00edtica de privacidade"},"content":{"rendered":"<h2 class=\"wp-block-heading\">Pol\u00edtica de privacidade<\/h2><p>Esta \u00e9 a pol\u00edtica de privacidade da Flykol. A Flykol est\u00e1 localizada na China. A Flykol \u00e9 respons\u00e1vel pelo tratamento dos dados de privacidade.<\/p><p>Esta pol\u00edtica explica as nossas condi\u00e7\u00f5es gerais relativas ao tratamento de dados pessoais. Descrevemos quais os dados que processamos e como garantimos a sua privacidade e os seus direitos. Leia a nossa pol\u00edtica de cookies se quiser saber que cookies utilizamos.<\/p><p>Esta pol\u00edtica abrange todos os dados processados dos visitantes do s\u00edtio Web, fornecedores, candidatos a emprego e todas as outras rela\u00e7\u00f5es com a Flykol.<\/p><p>Qual \u00e9 a pol\u00edtica geral de privacidade da Flykol?<\/p><p>A Flykol respeita a privacidade de todos os visitantes do seu s\u00edtio Web https:\/\/www.flykol.com, de todos os seus (potenciais) clientes e rela\u00e7\u00f5es.<\/p><p>A Flykol coloca a seguran\u00e7a e a confidencialidade das suas informa\u00e7\u00f5es pessoais em primeiro lugar e trata cuidadosamente os seus dados pessoais<\/p><p>A Flykol apenas partilha os seus dados pessoais com terceiros se tal for necess\u00e1rio para o cumprimento de um contrato ou se tal for exigido por lei.<\/p><p>A Flykol est\u00e1 constantemente \u00e0 procura de formas de melhorar os seus servi\u00e7os e de os adaptar, tanto quanto poss\u00edvel, aos seus desejos e necessidades pessoais. Al\u00e9m disso, a Flykol tem sempre em conta a sua privacidade e cumpre os requisitos da legisla\u00e7\u00e3o aplic\u00e1vel em mat\u00e9ria de prote\u00e7\u00e3o de dados.<\/p><p><strong>1. Conformidade com as leis e outros regulamentos<\/strong><\/p><p>Cumprimos todas as leis e pol\u00edticas nacionais e outros regulamentos relacionados com a prote\u00e7\u00e3o de informa\u00e7\u00f5es pessoais.<\/p><p><strong>2. Estabelecimento e aperfei\u00e7oamento cont\u00ednuo de directrizes para o tratamento de informa\u00e7\u00f5es pessoais<\/strong><\/p><p>A necessidade de proteger as informa\u00e7\u00f5es pessoais \u00e9 amplamente divulgada em toda a empresa, desde os directores at\u00e9 aos funcion\u00e1rios mais jovens. Mantemos e seguimos directrizes para a prote\u00e7\u00e3o e utiliza\u00e7\u00e3o adequadas das informa\u00e7\u00f5es pessoais. Tamb\u00e9m nos esfor\u00e7amos por melhorar estas directrizes de forma cont\u00ednua.<\/p><p><strong>3. Aquisi\u00e7\u00e3o, utiliza\u00e7\u00e3o e divulga\u00e7\u00e3o de informa\u00e7\u00f5es pessoais<\/strong><\/p><p>Definimos claramente as utiliza\u00e7\u00f5es que podem ser dadas \u00e0s informa\u00e7\u00f5es de car\u00e1cter pessoal. Dentro destes limites, s\u00f3 adquirimos, utilizamos e divulgamos informa\u00e7\u00f5es pessoais com o consentimento da pessoa em causa.<\/p><p><strong>4. Gest\u00e3o segura<\/strong><\/p><p>Esfor\u00e7amo-nos por manter uma gest\u00e3o segura das informa\u00e7\u00f5es pessoais e estabelecemos as medidas necess\u00e1rias para impedir o acesso, a perda, a destrui\u00e7\u00e3o, a altera\u00e7\u00e3o ou a fuga de dados n\u00e3o autorizados.<\/p><p><strong>5. Divulga\u00e7\u00e3o e corre\u00e7\u00e3o<\/strong><\/p><p>Os pedidos de divulga\u00e7\u00e3o, edi\u00e7\u00e3o ou supress\u00e3o de informa\u00e7\u00f5es pessoais ser\u00e3o respondidos caso a caso, enquanto se aguarda a confirma\u00e7\u00e3o da identidade do requerente.<\/p><p>Que direitos tem em rela\u00e7\u00e3o aos seus dados pessoais?<\/p><p>O utilizador tem o direito de visualizar, corrigir ou eliminar os seus dados. Al\u00e9m disso, tem o direito de retirar a sua autoriza\u00e7\u00e3o para o processamento de dados ou de se opor ao processamento. Em alguns casos, tamb\u00e9m tem direito \u00e0 portabilidade dos dados. Isto significa que nos pode solicitar que enviemos as informa\u00e7\u00f5es pessoais, num ficheiro inform\u00e1tico, para si ou para outra organiza\u00e7\u00e3o por si mencionada.<\/p><p>Pode enviar o seu pedido de visualiza\u00e7\u00e3o, corre\u00e7\u00e3o, elimina\u00e7\u00e3o ou portabilidade dos seus dados pessoais ou o seu pedido de retirada da autoriza\u00e7\u00e3o ou a sua obje\u00e7\u00e3o ao tratamento dos dados para sales@flykol.com.<\/p><p>Para termos a certeza de que o pedido foi efectuado por si, pedimos-lhe que envie uma c\u00f3pia do seu documento de identifica\u00e7\u00e3o juntamente com o pedido. A fotografia do passaporte, a MRZ (zona de leitura \u00f3tica, ou seja, as duas ou tr\u00eas linhas que se encontram na parte inferior da primeira p\u00e1gina do passaporte ou no verso do bilhete de identidade), o n\u00famero de identifica\u00e7\u00e3o e o n\u00famero de seguran\u00e7a social devem ser indicados a preto. Isto destina-se a proteger a sua privacidade. Avaliaremos a possibilidade de responder ao seu pedido e responderemos o mais rapidamente poss\u00edvel.<\/p><p>E se a pol\u00edtica de privacidade da Flykol for alterada?<\/p><p>As regras de prote\u00e7\u00e3o de dados e os nossos servi\u00e7os podem mudar. Por conseguinte, reservamo-nos o direito de alterar esta declara\u00e7\u00e3o de privacidade. A declara\u00e7\u00e3o de privacidade mais atual pode sempre ser consultada em https:\/\/www.flykol.com.<\/p>","protected":false},"excerpt":{"rendered":"<p>Pol\u00edtica de privacidade Esta \u00e9 a pol\u00edtica de privacidade da Flykol. A Flykol est\u00e1 localizada na China. A Flykol \u00e9 respons\u00e1vel pelo tratamento dos dados de privacidade. Esta pol\u00edtica explica os nossos termos gerais relativos ao processamento de dados pessoais. Descrevemos quais os dados que processamos e como garantimos a sua privacidade e os seus direitos. Leia a nossa pol\u00edtica de cookies se quiser saber que cookies utilizamos. Esta pol\u00edtica abrange todos os dados processados dos visitantes do s\u00edtio Web,[...]<\/p>","protected":false},"author":1,"featured_media":0,"parent":0,"menu_order":0,"comment_status":"closed","ping_status":"open","template":"","meta":{"_acf_changed":false,"footnotes":""},"class_list":["post-3","page","type-page","status-publish","hentry"],"acf":[],"aioseo_notices":[],"_links":{"self":[{"href":"https:\/\/www.flykol.com\/pt\/wp-json\/wp\/v2\/pages\/3","targetHints":{"allow":["GET"]}}],"collection":[{"href":"https:\/\/www.flykol.com\/pt\/wp-json\/wp\/v2\/pages"}],"about":[{"href":"https:\/\/www.flykol.com\/pt\/wp-json\/wp\/v2\/types\/page"}],"author":[{"embeddable":true,"href":"https:\/\/www.flykol.com\/pt\/wp-json\/wp\/v2\/users\/1"}],"replies":[{"embeddable":true,"href":"https:\/\/www.flykol.com\/pt\/wp-json\/wp\/v2\/comments?post=3"}],"version-history":[{"count":0,"href":"https:\/\/www.flykol.com\/pt\/wp-json\/wp\/v2\/pages\/3\/revisions"}],"wp:attachment":[{"href":"https:\/\/www.flykol.com\/pt\/wp-json\/wp\/v2\/media?parent=3"}],"curies":[{"name":"wp","href":"https:\/\/api.w.org\/{rel}","templated":true}]}}