{"id":1035,"date":"2024-05-05T05:41:09","date_gmt":"2024-05-05T05:41:09","guid":{"rendered":"https:\/\/www.flykol.com\/?post_type=product&#038;p=1035"},"modified":"2024-10-10T09:35:40","modified_gmt":"2024-10-10T09:35:40","slug":"12v-150ah-lithium-battery-pack","status":"publish","type":"product","link":"https:\/\/www.flykol.com\/pt\/shop\/12v-150ah-lithium-battery-pack\/","title":{"rendered":"Bateria de l\u00edtio 12V 150Ah"},"content":{"rendered":"<p>Bateria de i\u00f5es de l\u00edtio 12V 150AH - a derradeira solu\u00e7\u00e3o plug-and-play para aplica\u00e7\u00f5es de arranque e de ciclo profundo. Quer seja para a Marinha, RV, Golfe, Solar, Fora da Rede, Propuls\u00e3o, ou qualquer outra aplica\u00e7\u00e3o de bateria de l\u00edtio leve para substituir as baterias de chumbo-\u00e1cido, gel ou AGM, esta bateria vers\u00e1til tem tudo o que precisa.<\/p>\n<p>A seguran\u00e7a \u00e9 fundamental e a nossa bateria est\u00e1 equipada com prote\u00e7\u00e3o contra curto-circuito, prote\u00e7\u00e3o contra sobrecarga e prote\u00e7\u00e3o contra descarga excessiva, garantindo uma utiliza\u00e7\u00e3o sem preocupa\u00e7\u00f5es. O design de circuito equilibrado aumenta a estabilidade e o desempenho, tornando-a uma escolha fi\u00e1vel para as suas necessidades de armazenamento de energia. A conetividade \u00e9 perfeita, uma vez que v\u00e1rias s\u00e9ries podem ser facilmente ligadas em paralelo para satisfazer os seus requisitos de energia. Concebida para suportar uma utiliza\u00e7\u00e3o prolongada e ambientes exigentes, esta bateria de elevado desempenho destaca-se por proporcionar um armazenamento de energia fi\u00e1vel e eficiente.<\/p>\n<p>Com uma combina\u00e7\u00e3o excecional de vida \u00fatil prolongada, constru\u00e7\u00e3o leve e desempenho inigual\u00e1vel, a nossa bateria de i\u00f5es de l\u00edtio 12V 150AH distingue-se da concorr\u00eancia no mercado. Confie nas suas capacidades para alimentar os seus dispositivos com a m\u00e1xima efici\u00eancia, tornando-a a escolha ideal para todas as suas necessidades energ\u00e9ticas.<\/p>\n<h2>Bateria de l\u00edtio de 12V 150Ah Especifica\u00e7\u00f5es:<\/h2>\n<table width=\"613\">\n<tbody>\n<tr>\n<td width=\"320\">N\u00famero da pe\u00e7a<\/td>\n<td width=\"293\">Conjunto de baterias LiFePO4 12V 150Ah<\/td>\n<\/tr>\n<tr>\n<td colspan=\"2\" width=\"613\">\u00a0\u00a0PAR\u00c2METRO PRINCIPAL<\/td>\n<\/tr>\n<tr>\n<td width=\"320\">\u00a0 Capacidade nominal<\/td>\n<td width=\"293\">150Ah<\/td>\n<\/tr>\n<tr>\n<td width=\"320\">\u00a0 Tens\u00e3o nominal<\/td>\n<td width=\"293\">12.8V<\/td>\n<\/tr>\n<tr>\n<td width=\"320\">\u00a0 Tens\u00e3o de carga m\u00e1xima<\/td>\n<td width=\"293\">14.6V<\/td>\n<\/tr>\n<tr>\n<td width=\"320\">\u00a0 Tens\u00e3o de corte de descarga<\/td>\n<td width=\"293\">10V<\/td>\n<\/tr>\n<tr>\n<td width=\"320\">\u00a0 Corrente de carga<\/td>\n<td width=\"293\">75A<\/td>\n<\/tr>\n<tr>\n<td width=\"320\">\u00a0 M\u00e1x. Corrente de descarga cont\u00ednua<\/td>\n<td width=\"293\">100A<\/td>\n<\/tr>\n<tr>\n<td width=\"320\">\u00a0 Ciclo de vida<\/td>\n<td width=\"293\">&gt;5000 ciclos<\/td>\n<\/tr>\n<tr>\n<td width=\"320\">\u00a0 Taxa de descarga<\/td>\n<td width=\"293\">\u22643%<\/td>\n<\/tr>\n<tr>\n<td colspan=\"2\" width=\"613\">\u00a0ESPECIFICA\u00c7\u00d5ES MEC\u00c2NICAS<\/td>\n<\/tr>\n<tr>\n<td width=\"320\">\u00a0Dimens\u00f5es (T*W*H)<\/td>\n<td width=\"293\">485*170*214mm (19.09\u2033*6.69\u2033*8.43\u2033)<\/td>\n<\/tr>\n<tr>\n<td width=\"320\">\u00a0Peso<\/td>\n<td width=\"293\">19.5Kg<\/td>\n<\/tr>\n<tr>\n<td width=\"320\">Encapsulamento<\/td>\n<td width=\"293\">Personalizado est\u00e1 dispon\u00edvel<\/td>\n<\/tr>\n<tr>\n<td colspan=\"2\" width=\"613\">\u00a0OUTROS<\/td>\n<\/tr>\n<tr>\n<td width=\"320\">\u00a0Temperatura de funcionamento<\/td>\n<td width=\"293\">Carregamento: 0~45\u2103\/Descarregamento: -20 ~60\u2103<\/td>\n<\/tr>\n<tr>\n<td width=\"320\">\u00a0Temperatura de armazenamento<\/td>\n<td width=\"293\">-20 ~ 60\u2103<\/td>\n<\/tr>\n<tr>\n<td width=\"320\">\u00a0Humidade<\/td>\n<td width=\"293\">5% a 95% humidade relativa<\/td>\n<\/tr>\n<tr>\n<td width=\"320\">\u00a0Fun\u00e7\u00e3o de prote\u00e7\u00e3o principal<\/td>\n<td width=\"293\">Sobrecarga, descarga excessiva, sobrecorrente, curto-circuito, etc.<\/td>\n<\/tr>\n<\/tbody>\n<\/table>\n<h2>Vantagens da bateria de l\u00edtio de 12V 150Ah:<\/h2>\n<p><strong>amigo do ambiente:<\/strong><\/p>\n<p>A bateria LiFePO4 de 12V 150Ah n\u00e3o cont\u00e9m quaisquer elementos nocivos de metais pesados, n\u00e3o poluindo tanto a produ\u00e7\u00e3o como a utiliza\u00e7\u00e3o efectiva.<\/p>\n<p><strong>Leve:<\/strong><\/p>\n<p>A bateria LiFePO4 de 12V 150Ah tem apenas cerca de 1\/3 do peso de uma bateria de chumbo-\u00e1cido;<\/p>\n<p><strong>Ciclo de vida longo:<\/strong><\/p>\n<p>Esta bateria de 12V 150Ah tem uma vida \u00fatil superior a 5000 ciclos de carga e descarga, ap\u00f3s o que a capacidade restante \u00e9 ainda 80% do valor original, a taxa de auto-descarga \u00e9 muito inferior \u00e0 da bateria de i\u00f5es de l\u00edtio e da bateria de chumbo-\u00e1cido;<\/p>\n<p><strong>Personalizado e economiza tempo:<\/strong><\/p>\n<p>As c\u00e9lulas da bateria, o tamanho, a capacidade, a tens\u00e3o, o conetor... a maioria dos par\u00e2metros pode ser alterada de acordo com o seu pedido. N\u00e3o precisa de perder muito tempo \u00e0 procura de um modelo existente<\/p>\n<h2>Aplica\u00e7\u00e3o da bateria de l\u00edtio de 12V 150Ah:.<\/h2>\n<ul>\n<li><strong>Armazenamento de energia:<\/strong> Armazenamento de energia fotovoltaica, UPS, backup, central el\u00e9ctrica;<\/li>\n<li><strong>EV:<\/strong> Carrinhos de golfe, trotinetas el\u00e9ctricas;<\/li>\n<li><strong>Sistema solar:<\/strong> Sistema solar dom\u00e9stico, ilumina\u00e7\u00e3o p\u00fablica solar, CCTV solar<\/li>\n<li>Esta\u00e7\u00f5es de base de telecomunica\u00e7\u00f5es;<\/li>\n<li><strong>Outros:<\/strong> Luz de emerg\u00eancia, candeeiro de mineiro, fonte de alimenta\u00e7\u00e3o port\u00e1til, produtos digitais, rob\u00f3tica, etc., AGV\/RGV\/AMR, etc.<\/li>\n<\/ul>\n<h2>Desempenho el\u00e9trico do conjunto de baterias de i\u00f5es de l\u00edtio de 12V 150Ah<\/h2>\n<p><img fetchpriority=\"high\" decoding=\"async\" class=\"alignnone wp-image-1036 size-medium\" src=\"https:\/\/www.flykol.com\/wp-content\/uploads\/2023\/07\/81-300x191.png\" alt=\"Capacidade de descarga da c\u00e9lula \u00e0 temperatura ambiente\" width=\"300\" height=\"191\" srcset=\"https:\/\/www.flykol.com\/wp-content\/uploads\/2023\/07\/81-300x191.png 300w, https:\/\/www.flykol.com\/wp-content\/uploads\/2023\/07\/81-18x12.png 18w, https:\/\/www.flykol.com\/wp-content\/uploads\/2023\/07\/81.png 565w\" sizes=\"(max-width: 300px) 100vw, 300px\" \/><img decoding=\"async\" class=\"alignnone wp-image-1037 size-medium\" src=\"https:\/\/www.flykol.com\/wp-content\/uploads\/2023\/07\/82-300x193.png\" alt=\"Capacidade de descarga do m\u00f3dulo \u00e0 temperatura ambiente\" width=\"300\" height=\"193\" srcset=\"https:\/\/www.flykol.com\/wp-content\/uploads\/2023\/07\/82-300x193.png 300w, https:\/\/www.flykol.com\/wp-content\/uploads\/2023\/07\/82-18x12.png 18w, https:\/\/www.flykol.com\/wp-content\/uploads\/2023\/07\/82.png 564w\" sizes=\"(max-width: 300px) 100vw, 300px\" \/><\/p>\n<p><img decoding=\"async\" class=\"alignnone size-medium wp-image-1038\" src=\"https:\/\/www.flykol.com\/wp-content\/uploads\/2023\/07\/83-300x206.png\" alt=\"Capacidade de descarga do m\u00f3dulo a -20\u00baC\u00b12\u00baC\" width=\"300\" height=\"206\" srcset=\"https:\/\/www.flykol.com\/wp-content\/uploads\/2023\/07\/83-300x206.png 300w, https:\/\/www.flykol.com\/wp-content\/uploads\/2023\/07\/83-18x12.png 18w, https:\/\/www.flykol.com\/wp-content\/uploads\/2023\/07\/83.png 566w\" sizes=\"(max-width: 300px) 100vw, 300px\" \/><img loading=\"lazy\" decoding=\"async\" class=\"alignnone size-medium wp-image-1039\" src=\"https:\/\/www.flykol.com\/wp-content\/uploads\/2023\/07\/84-300x189.png\" alt=\"Capacidade de descarga do m\u00f3dulo a 55\u00baC\u00b12\u00baC\" width=\"300\" height=\"189\" srcset=\"https:\/\/www.flykol.com\/wp-content\/uploads\/2023\/07\/84-300x189.png 300w, https:\/\/www.flykol.com\/wp-content\/uploads\/2023\/07\/84-18x12.png 18w, https:\/\/www.flykol.com\/wp-content\/uploads\/2023\/07\/84.png 564w\" sizes=\"(max-width: 300px) 100vw, 300px\" \/><\/p>\n<h2>Introdu\u00e7\u00e3o aos sistemas de gest\u00e3o de baterias (BMS):<\/h2>\n<p><a href=\"https:\/\/www.flykol.com\/what-is-a-battery-management-system-bms\/\">Um sistema de gest\u00e3o da bateria<\/a> (BMS) \u00e9 uma parte integrante da configura\u00e7\u00e3o de uma bateria de l\u00edtio. Garante o funcionamento seguro e eficiente da bateria, monitorizando a sua tens\u00e3o, temperatura e n\u00edveis de corrente. O BMS protege contra a sobrecarga, a descarga excessiva e a temperatura excessiva, ao mesmo tempo que equilibra as tens\u00f5es das c\u00e9lulas individuais dentro do conjunto de baterias.<\/p>\n<p>Poupe no peso do equipamento com a bateria leve de 12V. Oferece a mesma energia que uma bateria tradicional de chumbo-\u00e1cido de 12V, mas pesa apenas um ter\u00e7o do peso. Actualize para esta solu\u00e7\u00e3o leve e desfrute das vantagens de um peso reduzido sem comprometer a pot\u00eancia. Transporte-a sem esfor\u00e7o e desfrute de energia ininterrupta para as suas viagens de campismo e outras actividades ao ar livre. A sua efici\u00eancia e comodidade tornam-no imprescind\u00edvel para todas as suas necessidades de energia, quer esteja em viagem ou a instalar-se no interior.<\/p>\n<p>A bateria de fosfato de ferro de l\u00edtio LiFePO4 12V tem o dobro da pot\u00eancia, metade do peso e dura 8 vezes mais do que uma bateria de chumbo-\u00e1cido selada, n\u00e3o requer manuten\u00e7\u00e3o, \u00e9 extremamente segura e tem uma toxicidade muito baixa para o ambiente. A nossa linha de LiFePO4 oferece uma solu\u00e7\u00e3o para aplica\u00e7\u00f5es exigentes que requerem uma bateria mais leve, de maior dura\u00e7\u00e3o e com maior capacidade.<\/p>\n<p>O BMS altamente sofisticado e integrado re\u00fane seguran\u00e7a, funcionalidade e facilidade de utiliza\u00e7\u00e3o numa caixa leve e robusta. A funcionalidade de aquecimento totalmente autom\u00e1tica, a conetividade Bluetooth melhorada e os terminais de alum\u00ednio revestidos multi-conect\u00e1veis fazem desta bateria um must-have.<\/p>\n<p><strong>FAQs\uff1a<\/strong><\/p>\n<p><strong>Qual \u00e9 a corrente de carga recomendada para uma bateria de ciclo profundo de 12V 150Ah?<\/strong><\/p>\n<p>A corrente de carga recomendada para uma bateria de ciclo profundo de 12V 150Ah \u00e9 de 30A ou menos.<\/p>\n<p><strong>Uma bateria de 12V 150Ah pode ser utilizada em paralelo com uma bateria de chumbo-\u00e1cido?<\/strong><\/p>\n<p>N\u00e3o, n\u00e3o se recomenda a utiliza\u00e7\u00e3o de uma bateria de 12v 150ah em paralelo com baterias de chumbo-\u00e1cido devido \u00e0s suas diferentes caracter\u00edsticas de carga e descarga.<\/p>\n<p><strong>Qual \u00e9 o per\u00edodo de garantia de uma bateria de l\u00edtio de 12V 150Ah?<\/strong><\/p>\n<p>O per\u00edodo de garantia \u00e9 de 3 anos para a bateria de l\u00edtio 12v 150ah.<\/p>\n<p><strong>Posso utilizar uma bateria LiFePO4 de 12V 150Ah em temperaturas frias?<\/strong><\/p>\n<p>A nossa bateria LiFePO4 de 12V 150Ah pode funcionar a temperaturas t\u00e3o baixas como -20\u00b0C (-4\u00b0F). Antes do envio, esta bateria \u00e9 submetida a um exame rigoroso e a verifica\u00e7\u00f5es de controlo de qualidade para garantir um desempenho \u00f3timo.<\/p>\n<p><strong>Posso utilizar uma bateria de 12V 150Ah para aplica\u00e7\u00f5es solares?<\/strong><\/p>\n<p>Sim, a bateria de 12V 150Ah \u00e9 ideal para aplica\u00e7\u00f5es solares devido \u00e0 sua elevada efici\u00eancia, ciclo de vida longo e resist\u00eancia a flutua\u00e7\u00f5es de temperatura.<\/p>\n<p><strong>Quanto tempo dura a bateria de 150Ah?<\/strong><\/p>\n<p>cerca de 3 horas<\/p>\n<p>Pode esperar que a sua bateria de 150 Ah dure cerca de 3 horas com uma carga de 400 watts, se estiver totalmente carregada. Se a carga ou a pot\u00eancia do aparelho for reduzida, a autonomia melhorar\u00e1.<\/p>\n<p><strong>Quanto tempo \u00e9 necess\u00e1rio para carregar uma bateria de 12V 150Ah?<\/strong><\/p>\n<p>Assumindo uma bateria de 150 Ah e 15 Amp de energia, ou seja, se a bateria receber 15 Amp, demorar\u00e1 10 horas a carregar. Um painel solar tem tipicamente 9 Amp, pelo que ser\u00e3o necess\u00e1rios 2-3 pain\u00e9is solares.<\/p>\n<p><strong>Mais aplica\u00e7\u00f5es:<a href=\"https:\/\/www.flykol.com\/service\/12v-lithium-ion-battery\/\">Bateria de l\u00edtio de 12V<\/a>\uff0c<a href=\"https:\/\/www.flykol.com\/service\/24v-lithium-ion-battery\/\">Bateria de l\u00edtio de 24V<\/a>\uff0c<a href=\"https:\/\/www.flykol.com\/service\/36v-lithium-ion-battery\/\">Bateria de l\u00edtio de 36V<\/a>\uff0c<a href=\"https:\/\/www.flykol.com\/service\/48v-lithium-ion-battery\/\">Bateria de l\u00edtio de 48V<\/a>\uff0c<a href=\"https:\/\/www.flykol.com\/service\/solar-lithium-battery\/\">Bateria solar de l\u00edtio<\/a>\uff0c<a href=\"https:\/\/www.flykol.com\/service\/lithium-trolling-motor-battery\/\">Bateria de l\u00edtio para motor de pesca<\/a>\uff0c<a href=\"https:\/\/www.flykol.com\/service\/golf-cart-lithium-battery\/\">Bateria de l\u00edtio para carros de golfe<\/a><\/strong>\uff0c<strong><a href=\"https:\/\/www.flykol.com\/service\/rv-lithium-battery\/\">Bateria de l\u00edtio para ve\u00edculos de recreio<\/a><\/strong>\uff0c<strong><a href=\"https:\/\/www.flykol.com\/service\/marine-lithium-battery\/\">Bateria mar\u00edtima de l\u00edtio<\/a><\/strong><\/p>","protected":false},"excerpt":{"rendered":"<p>A bateria leve de 12V, dispon\u00edvel para venda por atacado na Flykol Battery, garante um desempenho superior. A nossa bateria de l\u00edtio de 12V 150Ah tem um sistema de seguran\u00e7a incorporado. Pode durar mais de 8.000 ciclos. Voc\u00ea tamb\u00e9m pode personaliz\u00e1-lo para atender \u00e0s suas necessidades.<\/p>\n<ul>\n<li>Funcionamento sem manuten\u00e7\u00e3o;<\/li>\n<li>A longa vida \u00fatil de 10 a 15 anos;<\/li>\n<li>Prote\u00e7\u00e3o de seguran\u00e7a m\u00faltipla BMS incorporada;<\/li>\n<li>Baterias de fosfato de ferro e l\u00edtio de alta qualidade, seguras e fi\u00e1veis;<\/li>\n<li>Mais tempo de recarga, vida \u00fatil mais longa, prote\u00e7\u00e3o econ\u00f3mica e ambiental.<\/li>\n<\/ul>","protected":false},"featured_media":1066,"comment_status":"open","ping_status":"closed","template":"","meta":{"_acf_changed":false},"product_cat":[44],"product_tag":[],"class_list":{"0":"post-1035","1":"product","2":"type-product","3":"status-publish","4":"has-post-thumbnail","6":"product_cat-12v-lithium-battery","8":"first","9":"instock","10":"sale","11":"shipping-taxable","12":"purchasable","13":"product-type-simple"},"acf":[],"aioseo_notices":[],"_links":{"self":[{"href":"https:\/\/www.flykol.com\/pt\/wp-json\/wp\/v2\/product\/1035","targetHints":{"allow":["GET"]}}],"collection":[{"href":"https:\/\/www.flykol.com\/pt\/wp-json\/wp\/v2\/product"}],"about":[{"href":"https:\/\/www.flykol.com\/pt\/wp-json\/wp\/v2\/types\/product"}],"replies":[{"embeddable":true,"href":"https:\/\/www.flykol.com\/pt\/wp-json\/wp\/v2\/comments?post=1035"}],"version-history":[{"count":0,"href":"https:\/\/www.flykol.com\/pt\/wp-json\/wp\/v2\/product\/1035\/revisions"}],"wp:featuredmedia":[{"embeddable":true,"href":"https:\/\/www.flykol.com\/pt\/wp-json\/wp\/v2\/media\/1066"}],"wp:attachment":[{"href":"https:\/\/www.flykol.com\/pt\/wp-json\/wp\/v2\/media?parent=1035"}],"wp:term":[{"taxonomy":"product_cat","embeddable":true,"href":"https:\/\/www.flykol.com\/pt\/wp-json\/wp\/v2\/product_cat?post=1035"},{"taxonomy":"product_tag","embeddable":true,"href":"https:\/\/www.flykol.com\/pt\/wp-json\/wp\/v2\/product_tag?post=1035"}],"curies":[{"name":"wp","href":"https:\/\/api.w.org\/{rel}","templated":true}]}}