{"id":5797,"date":"2025-08-04T02:12:51","date_gmt":"2025-08-04T02:12:51","guid":{"rendered":"https:\/\/www.flykol.com\/?post_type=product&#038;p=5797"},"modified":"2025-08-04T06:28:48","modified_gmt":"2025-08-04T06:28:48","slug":"drone-battery-manufacturers","status":"publish","type":"product","link":"https:\/\/www.flykol.com\/pt\/shop\/drone-battery-manufacturers\/","title":{"rendered":"Fabricantes de baterias para drones"},"content":{"rendered":"<p>Elevada densidade de energia e elevada taxa de descarga: as nossas solu\u00e7\u00f5es de baterias para drones soft pack incluem s\u00e9ries standard, de alta tens\u00e3o e ultra alta tens\u00e3o. A s\u00e9rie standard tem uma tens\u00e3o de c\u00e9lula \u00fanica de 3,7V\/4,2V. Leve e compacto, o design optimizado reduz o peso total do drone.<\/p>\n<figure id=\"attachment_5806\" aria-describedby=\"caption-attachment-5806\" style=\"width: 762px\" class=\"wp-caption alignnone\"><img fetchpriority=\"high\" decoding=\"async\" class=\"wp-image-5806 size-full\" title=\"Fabricantes de baterias para drones\" src=\"https:\/\/www.flykol.com\/wp-content\/uploads\/2025\/08\/598.jpg\" alt=\"Fabricantes de baterias para drones\" width=\"762\" height=\"718\" srcset=\"https:\/\/www.flykol.com\/wp-content\/uploads\/2025\/08\/598.jpg 762w, https:\/\/www.flykol.com\/wp-content\/uploads\/2025\/08\/598-300x283.jpg 300w, https:\/\/www.flykol.com\/wp-content\/uploads\/2025\/08\/598-13x12.jpg 13w, https:\/\/www.flykol.com\/wp-content\/uploads\/2025\/08\/598-600x565.jpg 600w\" sizes=\"(max-width: 762px) 100vw, 762px\" \/><figcaption id=\"caption-attachment-5806\" class=\"wp-caption-text\">Fabricantes de baterias para drones<\/figcaption><\/figure>\n<p><strong>Carater\u00edsticas do produto:<\/strong><\/p>\n<p>Capacidade suficiente para suportar um longo per\u00edodo de voo.<\/p>\n<p>Tamanho pequeno e peso leve para f\u00e1cil transporte.<\/p>\n<p>Boa resist\u00eancia \u00e0 corros\u00e3o, elevada tenacidade e nenhuma deforma\u00e7\u00e3o ap\u00f3s utiliza\u00e7\u00e3o a longo prazo, as baterias de alta e ultra-alta tens\u00e3o para UAV s\u00e3o adequadas para drones de miss\u00e3o de mapeamento de longa dura\u00e7\u00e3o.<\/p>\n<p>O carregador inteligente reconhece automaticamente as baterias G-tech.<\/p>\n<p><strong>Solu\u00e7\u00e3o de bateria para UAV Soft Pack:<\/strong><\/p>\n<ul>\n<li>Bateria padr\u00e3o Lipo UAV (3S 11.1V\/4S 14.8V\/6S 22.2V\/12S 44.4V)<\/li>\n<li>Bateria UAV de alta voltagem (por exemplo, 6S 22.8V)<\/li>\n<li>Bateria UAV de tens\u00e3o ultra-alta (por exemplo, 6S 23.7V)<\/li>\n<li>Carregador inteligente para reconhecer automaticamente as pilhas G-tech<\/li>\n<\/ul>","protected":false},"excerpt":{"rendered":"<p>Elevada densidade de energia e elevada taxa de descarga: as nossas solu\u00e7\u00f5es de baterias para drones soft pack incluem s\u00e9ries standard, de alta tens\u00e3o e ultra alta tens\u00e3o. A s\u00e9rie standard tem uma tens\u00e3o de c\u00e9lula \u00fanica de 3,7V\/4,2V. Leve e compacto, o design optimizado reduz o peso total do drone.<\/p>","protected":false},"featured_media":5808,"comment_status":"open","ping_status":"closed","template":"","meta":{"_acf_changed":false},"product_cat":[37,48],"product_tag":[],"class_list":{"0":"post-5797","1":"product","2":"type-product","3":"status-publish","4":"has-post-thumbnail","6":"product_cat-portable-power-station","7":"product_cat-drone-batteries","9":"first","10":"instock","11":"sale","12":"shipping-taxable","13":"purchasable","14":"product-type-simple"},"acf":[],"aioseo_notices":[],"_links":{"self":[{"href":"https:\/\/www.flykol.com\/pt\/wp-json\/wp\/v2\/product\/5797","targetHints":{"allow":["GET"]}}],"collection":[{"href":"https:\/\/www.flykol.com\/pt\/wp-json\/wp\/v2\/product"}],"about":[{"href":"https:\/\/www.flykol.com\/pt\/wp-json\/wp\/v2\/types\/product"}],"replies":[{"embeddable":true,"href":"https:\/\/www.flykol.com\/pt\/wp-json\/wp\/v2\/comments?post=5797"}],"version-history":[{"count":3,"href":"https:\/\/www.flykol.com\/pt\/wp-json\/wp\/v2\/product\/5797\/revisions"}],"predecessor-version":[{"id":5809,"href":"https:\/\/www.flykol.com\/pt\/wp-json\/wp\/v2\/product\/5797\/revisions\/5809"}],"wp:featuredmedia":[{"embeddable":true,"href":"https:\/\/www.flykol.com\/pt\/wp-json\/wp\/v2\/media\/5808"}],"wp:attachment":[{"href":"https:\/\/www.flykol.com\/pt\/wp-json\/wp\/v2\/media?parent=5797"}],"wp:term":[{"taxonomy":"product_cat","embeddable":true,"href":"https:\/\/www.flykol.com\/pt\/wp-json\/wp\/v2\/product_cat?post=5797"},{"taxonomy":"product_tag","embeddable":true,"href":"https:\/\/www.flykol.com\/pt\/wp-json\/wp\/v2\/product_tag?post=5797"}],"curies":[{"name":"wp","href":"https:\/\/api.w.org\/{rel}","templated":true}]}}